{"id":57949,"date":"2023-01-11T08:08:06","date_gmt":"2023-01-11T07:08:06","guid":{"rendered":"https:\/\/grosjeanvins.it\/prodotto\/chardonnay-le-vin-de-michel-vallee-daoste-doc\/"},"modified":"2025-12-04T12:41:20","modified_gmt":"2025-12-04T11:41:20","slug":"chardonnay-le-vin-de-michel-vallee-daoste-doc","status":"publish","type":"product","link":"https:\/\/grosjeanvins.it\/fr\/prodotto\/chardonnay-le-vin-de-michel-vallee-daoste-doc\/","title":{"rendered":"Chardonnay Le Vin de Michel Vall\u00e9e D\u2019Aoste DOC"},"content":{"rendered":"<p><strong>Zone de production:<\/strong><br \/>\nMunicipalit\u00e9 de Quart<\/p>\n<p><strong>Superficie:<br \/>\n<\/strong> Ha 0,5<\/p>\n<p><strong>Culture de la vigne:<\/strong><br \/>\nGuyot, a ritocchino. 7000 plantes\/ha<\/p>\n<p><strong>Exposition:<\/strong><br \/>\nSud<\/p>\n<p><strong>Altitude:<\/strong><br \/>\n800 mt snm<\/p>\n<p><strong>Sol:<\/strong><br \/>\nOrigine glaciaire, meuble avec une pr\u00e9valence de sable et un bon pourcentage de squelette<\/p>\n<p><strong>Op\u00e9rations agricoles:<\/strong><br \/>\nTravail du sol en sous-rang\u00e9e 3 fois par an, hersage et semis d\u2019engrais \u00e0 rangs altern\u00e9s. Apport de fumier bovin tous les 5\/6 ans. Gestion des maladies cryptogamiques selon la m\u00e9thodologie de l\u2019agriculture biologique, en utilisant exclusivement du cuivre et du soufre.  <\/p>\n<p><strong>Ann\u00e9e de plantation:<\/strong><br \/>\n2015<\/p>\n","protected":false},"excerpt":{"rendered":"<p>La variet\u00e9 Chardonnay est devenue un classique du terroir valdotain. Avec cette version on a voulu exprimer la charact\u00e9ristique complexit\u00e9 et profondit\u00e9 d&#8217;un Chardonnay barriqu\u00e9 pendant 12 mois.<\/p>\n<p>Le vin a une couleur jaune paille brillant, un parfum intense qui nous \u00e9voque selui de son cousin de l&#8217;autre cot\u00e9 des alpes. Il a un bouquet complexe, des notes vanill\u00e9s, beurr\u00e9s et \u00e9pic\u00e9s. Sa forte min\u00e9ralit\u00e9 est resenti au palais et ses noble tannins compl\u00e8te l&#8217;ensemble.<\/p>\n<p>Un parfait accompagnement au plats internationnaux, entr\u00e9es, poissons mais aussi les flans et pourquoi pas les viandes rouges. Tr\u00e8s agr\u00e9able avec les fromages de notre tradition alpin.<\/p>\n<p>Le vin peut viellir 5\/6 ans<\/p>\n<p>Biologique depuis 2019.<\/p>\n","protected":false},"featured_media":467,"comment_status":"open","ping_status":"closed","template":"","meta":{"_acf_changed":false,"_monsterinsights_skip_tracking":false,"_monsterinsights_sitenote_active":false,"_monsterinsights_sitenote_note":"","_monsterinsights_sitenote_category":0},"product_brand":[],"product_cat":[295],"product_tag":[],"class_list":{"0":"post-57949","1":"product","2":"type-product","3":"status-publish","4":"has-post-thumbnail","6":"product_cat-vini-biologici-fr","8":"first","9":"instock","10":"taxable","11":"shipping-taxable","12":"purchasable","13":"product-type-simple"},"bundled_by":[],"bundle_stock_status":"instock","bundle_stock_quantity":null,"bundle_virtual":false,"bundle_layout":"","bundle_add_to_cart_form_location":"","bundle_editable_in_cart":false,"bundle_sold_individually_context":"","bundle_item_grouping":"","bundle_min_size":"","bundle_max_size":"","bundle_price":[],"bundled_items":[],"bundle_sell_ids":[],"yoast_head":"<!-- This site is optimized with the Yoast SEO plugin v27.2 - https:\/\/yoast.com\/product\/yoast-seo-wordpress\/ -->\n<title>Acquista Chardonnay Le Vin de Michel Vall\u00e9e D\u2019Aoste DOC Online | Direttamente dal Produttore | Grosjean Vins<\/title>\n<meta name=\"robots\" content=\"index, follow, max-snippet:-1, max-image-preview:large, max-video-preview:-1\" \/>\n<link rel=\"canonical\" href=\"https:\/\/grosjeanvins.it\/prodotto\/chardonnay-le-vin-de-michel-vallee-daoste-doc\/\" \/>\n<meta property=\"og:locale\" content=\"fr_FR\" \/>\n<meta property=\"og:type\" content=\"article\" \/>\n<meta property=\"og:title\" content=\"Acquista Chardonnay Le Vin de Michel Vall\u00e9e D\u2019Aoste DOC Online | Direttamente dal Produttore | Grosjean Vins\" \/>\n<meta property=\"og:description\" content=\"La variet\u00e9 Chardonnay est devenue un classique du terroir valdotain. Avec cette version on a voulu exprimer la charact\u00e9ristique complexit\u00e9 et profondit\u00e9 d&#039;un Chardonnay barriqu\u00e9 pendant 12 mois. Le vin a une couleur jaune paille brillant, un parfum intense qui nous \u00e9voque selui de son cousin de l&#039;autre cot\u00e9 des alpes. Il a un bouquet complexe, des notes vanill\u00e9s, beurr\u00e9s et \u00e9pic\u00e9s. Sa forte min\u00e9ralit\u00e9 est resenti au palais et ses noble tannins compl\u00e8te l&#039;ensemble. Un parfait accompagnement au plats internationnaux, entr\u00e9es, poissons mais aussi les flans et pourquoi pas les viandes rouges. Tr\u00e8s agr\u00e9able avec les fromages de notre tradition alpin. Le vin peut viellir 5\/6 ans Biologique depuis 2019.\" \/>\n<meta property=\"og:url\" content=\"https:\/\/grosjeanvins.it\/prodotto\/chardonnay-le-vin-de-michel-vallee-daoste-doc\/\" \/>\n<meta property=\"og:site_name\" content=\"Grosjean Vins\" \/>\n<meta property=\"article:modified_time\" content=\"2025-12-04T11:41:20+00:00\" \/>\n<meta property=\"og:image\" content=\"https:\/\/grosjeanvins.it\/files\/2023\/01\/Chardonnay-le-Vin-de-Michel-min.png\" \/>\n\t<meta property=\"og:image:width\" content=\"570\" \/>\n\t<meta property=\"og:image:height\" content=\"1350\" \/>\n\t<meta property=\"og:image:type\" content=\"image\/png\" \/>\n<meta name=\"twitter:card\" content=\"summary_large_image\" \/>\n<!-- \/ Yoast SEO plugin. -->","yoast_head_json":{"title":"Acquista Chardonnay Le Vin de Michel Vall\u00e9e D\u2019Aoste DOC Online | Direttamente dal Produttore | Grosjean Vins","robots":{"index":"index","follow":"follow","max-snippet":"max-snippet:-1","max-image-preview":"max-image-preview:large","max-video-preview":"max-video-preview:-1"},"canonical":"https:\/\/grosjeanvins.it\/prodotto\/chardonnay-le-vin-de-michel-vallee-daoste-doc\/","og_locale":"fr_FR","og_type":"article","og_title":"Acquista Chardonnay Le Vin de Michel Vall\u00e9e D\u2019Aoste DOC Online | Direttamente dal Produttore | Grosjean Vins","og_description":"La variet\u00e9 Chardonnay est devenue un classique du terroir valdotain. Avec cette version on a voulu exprimer la charact\u00e9ristique complexit\u00e9 et profondit\u00e9 d'un Chardonnay barriqu\u00e9 pendant 12 mois. Le vin a une couleur jaune paille brillant, un parfum intense qui nous \u00e9voque selui de son cousin de l'autre cot\u00e9 des alpes. Il a un bouquet complexe, des notes vanill\u00e9s, beurr\u00e9s et \u00e9pic\u00e9s. Sa forte min\u00e9ralit\u00e9 est resenti au palais et ses noble tannins compl\u00e8te l'ensemble. Un parfait accompagnement au plats internationnaux, entr\u00e9es, poissons mais aussi les flans et pourquoi pas les viandes rouges. Tr\u00e8s agr\u00e9able avec les fromages de notre tradition alpin. Le vin peut viellir 5\/6 ans Biologique depuis 2019.","og_url":"https:\/\/grosjeanvins.it\/prodotto\/chardonnay-le-vin-de-michel-vallee-daoste-doc\/","og_site_name":"Grosjean Vins","article_modified_time":"2025-12-04T11:41:20+00:00","og_image":[{"width":570,"height":1350,"url":"https:\/\/grosjeanvins.it\/files\/2023\/01\/Chardonnay-le-Vin-de-Michel-min.png","type":"image\/png"}],"twitter_card":"summary_large_image","schema":{"@context":"https:\/\/schema.org","@graph":[{"@type":"WebPage","@id":"https:\/\/grosjeanvins.it\/prodotto\/chardonnay-le-vin-de-michel-vallee-daoste-doc\/","url":"https:\/\/grosjeanvins.it\/prodotto\/chardonnay-le-vin-de-michel-vallee-daoste-doc\/","name":"Acquista Chardonnay Le Vin de Michel Vall\u00e9e D\u2019Aoste DOC Online | Direttamente dal Produttore | Grosjean Vins","isPartOf":{"@id":"https:\/\/grosjeanvins.it\/#website"},"primaryImageOfPage":{"@id":"https:\/\/grosjeanvins.it\/prodotto\/chardonnay-le-vin-de-michel-vallee-daoste-doc\/#primaryimage"},"image":{"@id":"https:\/\/grosjeanvins.it\/prodotto\/chardonnay-le-vin-de-michel-vallee-daoste-doc\/#primaryimage"},"thumbnailUrl":"https:\/\/grosjeanvins.it\/files\/2023\/01\/Chardonnay-le-Vin-de-Michel-min.png","datePublished":"2023-01-11T07:08:06+00:00","dateModified":"2025-12-04T11:41:20+00:00","breadcrumb":{"@id":"https:\/\/grosjeanvins.it\/prodotto\/chardonnay-le-vin-de-michel-vallee-daoste-doc\/#breadcrumb"},"inLanguage":"fr-FR","potentialAction":[{"@type":"ReadAction","target":["https:\/\/grosjeanvins.it\/prodotto\/chardonnay-le-vin-de-michel-vallee-daoste-doc\/"]}]},{"@type":"ImageObject","inLanguage":"fr-FR","@id":"https:\/\/grosjeanvins.it\/prodotto\/chardonnay-le-vin-de-michel-vallee-daoste-doc\/#primaryimage","url":"https:\/\/grosjeanvins.it\/files\/2023\/01\/Chardonnay-le-Vin-de-Michel-min.png","contentUrl":"https:\/\/grosjeanvins.it\/files\/2023\/01\/Chardonnay-le-Vin-de-Michel-min.png","width":570,"height":1350,"caption":"Lo Chardonnay Le Vin de Michel vino bianco della Valle d'Aosta"},{"@type":"BreadcrumbList","@id":"https:\/\/grosjeanvins.it\/prodotto\/chardonnay-le-vin-de-michel-vallee-daoste-doc\/#breadcrumb","itemListElement":[{"@type":"ListItem","position":1,"name":"Home","item":"https:\/\/grosjeanvins.it\/fr\/"},{"@type":"ListItem","position":2,"name":"Boutique","item":"https:\/\/grosjeanvins.it\/fr\/boutique\/"},{"@type":"ListItem","position":3,"name":"Vini Biologici","item":"https:\/\/grosjeanvins.it\/fr\/categoria-prodotto\/vini-biologici-fr\/"},{"@type":"ListItem","position":4,"name":"Chardonnay Le Vin de Michel Vall\u00e9e D\u2019Aoste DOC"}]},{"@type":"WebSite","@id":"https:\/\/grosjeanvins.it\/#website","url":"https:\/\/grosjeanvins.it\/","name":"Grosjean Vins","description":"Produttori di Vino in Valle d&#039;Aosta","publisher":{"@id":"https:\/\/grosjeanvins.it\/#organization"},"potentialAction":[{"@type":"SearchAction","target":{"@type":"EntryPoint","urlTemplate":"https:\/\/grosjeanvins.it\/?s={search_term_string}"},"query-input":{"@type":"PropertyValueSpecification","valueRequired":true,"valueName":"search_term_string"}}],"inLanguage":"fr-FR"},{"@type":"Organization","@id":"https:\/\/grosjeanvins.it\/#organization","name":"Grosjean Vins","url":"https:\/\/grosjeanvins.it\/","logo":{"@type":"ImageObject","inLanguage":"fr-FR","@id":"https:\/\/grosjeanvins.it\/#\/schema\/logo\/image\/","url":"","contentUrl":"","caption":"Grosjean Vins"},"image":{"@id":"https:\/\/grosjeanvins.it\/#\/schema\/logo\/image\/"}}]}},"acf":[],"_links":{"self":[{"href":"https:\/\/grosjeanvins.it\/fr\/wp-json\/wp\/v2\/product\/57949","targetHints":{"allow":["GET"]}}],"collection":[{"href":"https:\/\/grosjeanvins.it\/fr\/wp-json\/wp\/v2\/product"}],"about":[{"href":"https:\/\/grosjeanvins.it\/fr\/wp-json\/wp\/v2\/types\/product"}],"replies":[{"embeddable":true,"href":"https:\/\/grosjeanvins.it\/fr\/wp-json\/wp\/v2\/comments?post=57949"}],"wp:featuredmedia":[{"embeddable":true,"href":"https:\/\/grosjeanvins.it\/fr\/wp-json\/wp\/v2\/media\/467"}],"wp:attachment":[{"href":"https:\/\/grosjeanvins.it\/fr\/wp-json\/wp\/v2\/media?parent=57949"}],"wp:term":[{"taxonomy":"product_brand","embeddable":true,"href":"https:\/\/grosjeanvins.it\/fr\/wp-json\/wp\/v2\/product_brand?post=57949"},{"taxonomy":"product_cat","embeddable":true,"href":"https:\/\/grosjeanvins.it\/fr\/wp-json\/wp\/v2\/product_cat?post=57949"},{"taxonomy":"product_tag","embeddable":true,"href":"https:\/\/grosjeanvins.it\/fr\/wp-json\/wp\/v2\/product_tag?post=57949"}],"curies":[{"name":"wp","href":"https:\/\/api.w.org\/{rel}","templated":true}]}}