{"id":57947,"date":"2023-01-11T08:22:22","date_gmt":"2023-01-11T07:22:22","guid":{"rendered":"https:\/\/grosjeanvins.it\/prodotto\/fumin-vigne-rovettaz-vallee-daoste-doc\/"},"modified":"2025-12-04T12:40:55","modified_gmt":"2025-12-04T11:40:55","slug":"fumin-vigne-rovettaz-vallee-daoste-doc","status":"publish","type":"product","link":"https:\/\/grosjeanvins.it\/fr\/prodotto\/fumin-vigne-rovettaz-vallee-daoste-doc\/","title":{"rendered":"Fumin Vigne Rovettaz Vall\u00e9e d\u2019Aoste DOC"},"content":{"rendered":"<p><strong>Zone de production:<\/strong><br \/>\nMunicipalit\u00e9 de Quart. Vigna Rovettaz<\/p>\n<p><strong>Surface:<\/strong><br \/>\nHa 0,9<\/p>\n<p><strong>Culture de la vigne:<\/strong><br \/>\nGuyot<\/p>\n<p><strong>Exposition:<\/strong><br \/>\nSud, sud-ouest, inclination 80%<\/p>\n<p><strong>Altitude:<\/strong><br \/>\n600\/700 mt snm<\/p>\n<p><strong>Sol:<\/strong><br \/>\nOrigine glaciaire, meuble avec une pr\u00e9valence de sable et un bon pourcentage de squelette<\/p>\n<p><strong>Op\u00e9rations agricoles:<\/strong><br \/>\nTravail du sol en sous-rang\u00e9e 3 fois par an, hersage et semis d\u2019engrais \u00e0 rangs altern\u00e9s. Apport de fumier bovin tous les 5\/6 ans. Gestion des maladies cryptogamiques selon la m\u00e9thodologie de l\u2019agriculture biologique, en utilisant exclusivement du cuivre et du soufre.<\/p>\n<p><strong>Ann\u00e9e de plantation:<\/strong><br \/>\n2003<\/p>\n","protected":false},"excerpt":{"rendered":"<p>Un ancien site de tradition viticole situ\u00e9 \u00e0 650 mt snm avec une forte pente expos\u00e9 \u00e0 Sud et un climat sec et ventil\u00e9. Sa luminosit\u00e9 et la pr\u00e9sence d&#8217;une excursion thermique pendant la maturation des raisin nous permet de suivre une m\u00e9thode agricole eco-compatible.<\/p>\n<p>Apr\u00e8s un an d&#8217;\u00e9l\u00e9vage il est embouteill\u00e9 et conserver en cave encore 6 mois avant de le rendre disponible \u00e0 la vente.<\/p>\n<p>Il est de couleur rubis intense, son parfum est complexe et ses senteurs fruit\u00e9s se fond avec les notes \u00e9pic\u00e9es d\u00e9licates. Il y a du sous-bois, il est sec, tannique mais pas agressif.<\/p>\n<p>Il est mieux vieilli de 5\/6 ans.<\/p>\n<p>Il est \u00e0 apr\u00e9ci\u00e9 avec la viande de chasse.<\/p>\n<p>Biologique depuis 2015.<\/p>\n","protected":false},"featured_media":509,"comment_status":"open","ping_status":"closed","template":"","meta":{"_acf_changed":false,"_monsterinsights_skip_tracking":false,"_monsterinsights_sitenote_active":false,"_monsterinsights_sitenote_note":"","_monsterinsights_sitenote_category":0},"product_brand":[],"product_cat":[295],"product_tag":[],"class_list":{"0":"post-57947","1":"product","2":"type-product","3":"status-publish","4":"has-post-thumbnail","6":"product_cat-vini-biologici-fr","8":"first","9":"instock","10":"taxable","11":"shipping-taxable","12":"purchasable","13":"product-type-simple"},"bundled_by":[],"bundle_stock_status":"instock","bundle_stock_quantity":null,"bundle_virtual":false,"bundle_layout":"","bundle_add_to_cart_form_location":"","bundle_editable_in_cart":false,"bundle_sold_individually_context":"","bundle_item_grouping":"","bundle_min_size":"","bundle_max_size":"","bundle_price":[],"bundled_items":[],"bundle_sell_ids":[],"yoast_head":"<!-- This site is optimized with the Yoast SEO plugin v27.3 - https:\/\/yoast.com\/product\/yoast-seo-wordpress\/ -->\n<title>Acquista Fumin Vigne Rovettaz Vall\u00e9e d\u2019Aoste DOC Online | Direttamente dal Produttore | Grosjean Vins<\/title>\n<meta name=\"robots\" content=\"index, follow, max-snippet:-1, max-image-preview:large, max-video-preview:-1\" \/>\n<link rel=\"canonical\" href=\"https:\/\/grosjeanvins.it\/fr\/prodotto\/fumin-vigne-rovettaz-vallee-daoste-doc\/\" \/>\n<meta property=\"og:locale\" content=\"fr_FR\" \/>\n<meta property=\"og:type\" content=\"article\" \/>\n<meta property=\"og:title\" content=\"Acquista Fumin Vigne Rovettaz Vall\u00e9e d\u2019Aoste DOC Online | Direttamente dal Produttore | Grosjean Vins\" \/>\n<meta property=\"og:description\" content=\"Un ancien site de tradition viticole situ\u00e9 \u00e0 650 mt snm avec une forte pente expos\u00e9 \u00e0 Sud et un climat sec et ventil\u00e9. Sa luminosit\u00e9 et la pr\u00e9sence d&#039;une excursion thermique pendant la maturation des raisin nous permet de suivre une m\u00e9thode agricole eco-compatible. Apr\u00e8s un an d&#039;\u00e9l\u00e9vage il est embouteill\u00e9 et conserver en cave encore 6 mois avant de le rendre disponible \u00e0 la vente. Il est de couleur rubis intense, son parfum est complexe et ses senteurs fruit\u00e9s se fond avec les notes \u00e9pic\u00e9es d\u00e9licates. Il y a du sous-bois, il est sec, tannique mais pas agressif. Il est mieux vieilli de 5\/6 ans. Il est \u00e0 apr\u00e9ci\u00e9 avec la viande de chasse. Biologique depuis 2015.\" \/>\n<meta property=\"og:url\" content=\"https:\/\/grosjeanvins.it\/fr\/prodotto\/fumin-vigne-rovettaz-vallee-daoste-doc\/\" \/>\n<meta property=\"og:site_name\" content=\"Grosjean Vins\" \/>\n<meta property=\"article:modified_time\" content=\"2025-12-04T11:40:55+00:00\" \/>\n<meta property=\"og:image\" content=\"https:\/\/grosjeanvins.it\/files\/2023\/01\/Fumin-Rovettaz-min.png\" \/>\n\t<meta property=\"og:image:width\" content=\"570\" \/>\n\t<meta property=\"og:image:height\" content=\"1350\" \/>\n\t<meta property=\"og:image:type\" content=\"image\/png\" \/>\n<meta name=\"twitter:card\" content=\"summary_large_image\" \/>\n<!-- \/ Yoast SEO plugin. -->","yoast_head_json":{"title":"Acquista Fumin Vigne Rovettaz Vall\u00e9e d\u2019Aoste DOC Online | Direttamente dal Produttore | Grosjean Vins","robots":{"index":"index","follow":"follow","max-snippet":"max-snippet:-1","max-image-preview":"max-image-preview:large","max-video-preview":"max-video-preview:-1"},"canonical":"https:\/\/grosjeanvins.it\/fr\/prodotto\/fumin-vigne-rovettaz-vallee-daoste-doc\/","og_locale":"fr_FR","og_type":"article","og_title":"Acquista Fumin Vigne Rovettaz Vall\u00e9e d\u2019Aoste DOC Online | Direttamente dal Produttore | Grosjean Vins","og_description":"Un ancien site de tradition viticole situ\u00e9 \u00e0 650 mt snm avec une forte pente expos\u00e9 \u00e0 Sud et un climat sec et ventil\u00e9. Sa luminosit\u00e9 et la pr\u00e9sence d'une excursion thermique pendant la maturation des raisin nous permet de suivre une m\u00e9thode agricole eco-compatible. Apr\u00e8s un an d'\u00e9l\u00e9vage il est embouteill\u00e9 et conserver en cave encore 6 mois avant de le rendre disponible \u00e0 la vente. Il est de couleur rubis intense, son parfum est complexe et ses senteurs fruit\u00e9s se fond avec les notes \u00e9pic\u00e9es d\u00e9licates. Il y a du sous-bois, il est sec, tannique mais pas agressif. Il est mieux vieilli de 5\/6 ans. Il est \u00e0 apr\u00e9ci\u00e9 avec la viande de chasse. Biologique depuis 2015.","og_url":"https:\/\/grosjeanvins.it\/fr\/prodotto\/fumin-vigne-rovettaz-vallee-daoste-doc\/","og_site_name":"Grosjean Vins","article_modified_time":"2025-12-04T11:40:55+00:00","og_image":[{"width":570,"height":1350,"url":"https:\/\/grosjeanvins.it\/files\/2023\/01\/Fumin-Rovettaz-min.png","type":"image\/png"}],"twitter_card":"summary_large_image","schema":{"@context":"https:\/\/schema.org","@graph":[{"@type":"WebPage","@id":"https:\/\/grosjeanvins.it\/fr\/prodotto\/fumin-vigne-rovettaz-vallee-daoste-doc\/","url":"https:\/\/grosjeanvins.it\/fr\/prodotto\/fumin-vigne-rovettaz-vallee-daoste-doc\/","name":"Acquista Fumin Vigne Rovettaz Vall\u00e9e d\u2019Aoste DOC Online | Direttamente dal Produttore | Grosjean Vins","isPartOf":{"@id":"https:\/\/grosjeanvins.it\/#website"},"primaryImageOfPage":{"@id":"https:\/\/grosjeanvins.it\/fr\/prodotto\/fumin-vigne-rovettaz-vallee-daoste-doc\/#primaryimage"},"image":{"@id":"https:\/\/grosjeanvins.it\/fr\/prodotto\/fumin-vigne-rovettaz-vallee-daoste-doc\/#primaryimage"},"thumbnailUrl":"https:\/\/grosjeanvins.it\/files\/2023\/01\/Fumin-Rovettaz-min.png","datePublished":"2023-01-11T07:22:22+00:00","dateModified":"2025-12-04T11:40:55+00:00","breadcrumb":{"@id":"https:\/\/grosjeanvins.it\/fr\/prodotto\/fumin-vigne-rovettaz-vallee-daoste-doc\/#breadcrumb"},"inLanguage":"fr-FR","potentialAction":[{"@type":"ReadAction","target":["https:\/\/grosjeanvins.it\/fr\/prodotto\/fumin-vigne-rovettaz-vallee-daoste-doc\/"]}]},{"@type":"ImageObject","inLanguage":"fr-FR","@id":"https:\/\/grosjeanvins.it\/fr\/prodotto\/fumin-vigne-rovettaz-vallee-daoste-doc\/#primaryimage","url":"https:\/\/grosjeanvins.it\/files\/2023\/01\/Fumin-Rovettaz-min.png","contentUrl":"https:\/\/grosjeanvins.it\/files\/2023\/01\/Fumin-Rovettaz-min.png","width":570,"height":1350,"caption":"Fumin_vineyard_Rovettaz_red_wine_aostavalley"},{"@type":"BreadcrumbList","@id":"https:\/\/grosjeanvins.it\/fr\/prodotto\/fumin-vigne-rovettaz-vallee-daoste-doc\/#breadcrumb","itemListElement":[{"@type":"ListItem","position":1,"name":"Home","item":"https:\/\/grosjeanvins.it\/fr\/"},{"@type":"ListItem","position":2,"name":"Boutique","item":"https:\/\/grosjeanvins.it\/fr\/boutique\/"},{"@type":"ListItem","position":3,"name":"Vini Biologici","item":"https:\/\/grosjeanvins.it\/fr\/categoria-prodotto\/vini-biologici-fr\/"},{"@type":"ListItem","position":4,"name":"Fumin Vigne Rovettaz Vall\u00e9e d\u2019Aoste DOC"}]},{"@type":"WebSite","@id":"https:\/\/grosjeanvins.it\/#website","url":"https:\/\/grosjeanvins.it\/","name":"Grosjean Vins","description":"Produttori di Vino in Valle d&#039;Aosta","publisher":{"@id":"https:\/\/grosjeanvins.it\/#organization"},"potentialAction":[{"@type":"SearchAction","target":{"@type":"EntryPoint","urlTemplate":"https:\/\/grosjeanvins.it\/?s={search_term_string}"},"query-input":{"@type":"PropertyValueSpecification","valueRequired":true,"valueName":"search_term_string"}}],"inLanguage":"fr-FR"},{"@type":"Organization","@id":"https:\/\/grosjeanvins.it\/#organization","name":"Grosjean Vins","url":"https:\/\/grosjeanvins.it\/","logo":{"@type":"ImageObject","inLanguage":"fr-FR","@id":"https:\/\/grosjeanvins.it\/#\/schema\/logo\/image\/","url":"","contentUrl":"","caption":"Grosjean Vins"},"image":{"@id":"https:\/\/grosjeanvins.it\/#\/schema\/logo\/image\/"}}]}},"acf":[],"_links":{"self":[{"href":"https:\/\/grosjeanvins.it\/fr\/wp-json\/wp\/v2\/product\/57947","targetHints":{"allow":["GET"]}}],"collection":[{"href":"https:\/\/grosjeanvins.it\/fr\/wp-json\/wp\/v2\/product"}],"about":[{"href":"https:\/\/grosjeanvins.it\/fr\/wp-json\/wp\/v2\/types\/product"}],"replies":[{"embeddable":true,"href":"https:\/\/grosjeanvins.it\/fr\/wp-json\/wp\/v2\/comments?post=57947"}],"wp:featuredmedia":[{"embeddable":true,"href":"https:\/\/grosjeanvins.it\/fr\/wp-json\/wp\/v2\/media\/509"}],"wp:attachment":[{"href":"https:\/\/grosjeanvins.it\/fr\/wp-json\/wp\/v2\/media?parent=57947"}],"wp:term":[{"taxonomy":"product_brand","embeddable":true,"href":"https:\/\/grosjeanvins.it\/fr\/wp-json\/wp\/v2\/product_brand?post=57947"},{"taxonomy":"product_cat","embeddable":true,"href":"https:\/\/grosjeanvins.it\/fr\/wp-json\/wp\/v2\/product_cat?post=57947"},{"taxonomy":"product_tag","embeddable":true,"href":"https:\/\/grosjeanvins.it\/fr\/wp-json\/wp\/v2\/product_tag?post=57947"}],"curies":[{"name":"wp","href":"https:\/\/api.w.org\/{rel}","templated":true}]}}