{"id":57945,"date":"2022-08-11T09:53:15","date_gmt":"2022-08-11T07:53:15","guid":{"rendered":"https:\/\/grosjeanvins.it\/prodotto\/petite-arvine-vigne-rovettaz-vallee-daoste-doc\/"},"modified":"2026-03-04T17:45:09","modified_gmt":"2026-03-04T16:45:09","slug":"petite-arvine-vigne-rovettaz-vallee-daoste-doc","status":"publish","type":"product","link":"https:\/\/grosjeanvins.it\/fr\/prodotto\/petite-arvine-vigne-rovettaz-vallee-daoste-doc\/","title":{"rendered":"Petite Arvine Vigne Rovettaz Vall\u00e9e D\u2019Aoste DOC"},"content":{"rendered":"<p><strong>Zone de production:<\/strong><br \/>\nMunicipalit\u00e9 de Quart, Vigne Rovettaz<\/p>\n<p><strong>Surface:<\/strong><br \/>\nHa 1,8<\/p>\n<p><strong>Culture de la vigne:<\/strong><br \/>\nGuyot a ciglioni e a ritocchino. 7000 plantes\/ha<\/p>\n<p><strong>Exposition:<\/strong><br \/>\nSud, Sud-ouest<\/p>\n<p><strong>Altitude:<\/strong><br \/>\n600\/700 mt snm<\/p>\n<p><strong>Sol:<\/strong><br \/>\nOrigine glaciaire, meuble avec une pr\u00e9valence de sable et un bon pourcentage de squelette<\/p>\n<p><strong>Op\u00e9rations agricoles:<\/strong><br \/>\nTravail du sol en sous-rang\u00e9e 3 fois par an, hersage et semis d\u2019engrais \u00e0 rangs altern\u00e9s. Apport de fumier bovin tous les 5\/6 ans. Gestion des maladies cryptogamiques selon la m\u00e9thodologie de l\u2019agriculture biologique, en utilisant exclusivement du cuivre et du soufre.  <\/p>\n<p><strong>Ann\u00e9e de plantation:<\/strong><br \/>\n1985 &#8211; 2020<\/p>\n","protected":false},"excerpt":{"rendered":"<p>La variet\u00e9 Petite Arvine est cultiv\u00e9e dans notre vignoble Rovettaz qui a une forte pente expos\u00e9 vers le Sud. Son climat est particuli\u00e8rement sec et ventil\u00e9, ce qui permet une pratique de pratiques agricoles eco-compatibles.<\/p>\n<p>Le vin qui en sort est de couleur jaune paille brillant, avec ses parfums intenses, ses notes floreales et sensations agrum\u00e9s dont le pomplemousse est dominant. La bonne sapidit\u00e9 et structure lui permet de continuer \u00e0 \u00e9voluer en bouteille pendant tr\u00e8s longtemps.<\/p>\n<p>C&#8217;est un excellente accompagnement au entr\u00e9es, poulets ou meme le poisson.<\/p>\n<p>Le vin peut viellir 5\/6 ans<\/p>\n<p>CERTIFIE BIOLOGIQUE DEPUIS 2015<\/p>\n","protected":false},"featured_media":545,"comment_status":"open","ping_status":"closed","template":"","meta":{"_acf_changed":false,"_monsterinsights_skip_tracking":false,"_monsterinsights_sitenote_active":false,"_monsterinsights_sitenote_note":"","_monsterinsights_sitenote_category":0},"product_brand":[],"product_cat":[295],"product_tag":[],"class_list":{"0":"post-57945","1":"product","2":"type-product","3":"status-publish","4":"has-post-thumbnail","6":"product_cat-vini-biologici-fr","8":"first","9":"instock","10":"taxable","11":"shipping-taxable","12":"purchasable","13":"product-type-simple"},"bundled_by":[],"bundle_stock_status":"instock","bundle_stock_quantity":null,"bundle_virtual":false,"bundle_layout":"","bundle_add_to_cart_form_location":"","bundle_editable_in_cart":false,"bundle_sold_individually_context":"","bundle_item_grouping":"","bundle_min_size":"","bundle_max_size":"","bundle_price":[],"bundled_items":[],"bundle_sell_ids":[],"yoast_head":"<!-- This site is optimized with the Yoast SEO plugin v27.2 - https:\/\/yoast.com\/product\/yoast-seo-wordpress\/ -->\n<title>Acquista Petite Arvine Vigne Rovettaz Vall\u00e9e D\u2019Aoste DOC Online | Direttamente dal Produttore | Grosjean Vins<\/title>\n<meta name=\"robots\" content=\"index, follow, max-snippet:-1, max-image-preview:large, max-video-preview:-1\" \/>\n<link rel=\"canonical\" href=\"https:\/\/grosjeanvins.it\/prodotto\/petite-arvine-vigne-rovettaz-vallee-daoste-doc\/\" \/>\n<meta property=\"og:locale\" content=\"fr_FR\" \/>\n<meta property=\"og:type\" content=\"article\" \/>\n<meta property=\"og:title\" content=\"Acquista Petite Arvine Vigne Rovettaz Vall\u00e9e D\u2019Aoste DOC Online | Direttamente dal Produttore | Grosjean Vins\" \/>\n<meta property=\"og:description\" content=\"La variet\u00e9 Petite Arvine est cultiv\u00e9e dans notre vignoble Rovettaz qui a une forte pente expos\u00e9 vers le Sud. Son climat est particuli\u00e8rement sec et ventil\u00e9, ce qui permet une pratique de pratiques agricoles eco-compatibles. Le vin qui en sort est de couleur jaune paille brillant, avec ses parfums intenses, ses notes floreales et sensations agrum\u00e9s dont le pomplemousse est dominant. La bonne sapidit\u00e9 et structure lui permet de continuer \u00e0 \u00e9voluer en bouteille pendant tr\u00e8s longtemps. C&#039;est un excellente accompagnement au entr\u00e9es, poulets ou meme le poisson. Le vin peut viellir 5\/6 ans CERTIFIE BIOLOGIQUE DEPUIS 2015\" \/>\n<meta property=\"og:url\" content=\"https:\/\/grosjeanvins.it\/prodotto\/petite-arvine-vigne-rovettaz-vallee-daoste-doc\/\" \/>\n<meta property=\"og:site_name\" content=\"Grosjean Vins\" \/>\n<meta property=\"article:modified_time\" content=\"2026-03-04T16:45:09+00:00\" \/>\n<meta property=\"og:image\" content=\"https:\/\/grosjeanvins.it\/files\/2023\/01\/petit_arvine_vigne_rovettaz-min.png\" \/>\n\t<meta property=\"og:image:width\" content=\"570\" \/>\n\t<meta property=\"og:image:height\" content=\"1350\" \/>\n\t<meta property=\"og:image:type\" content=\"image\/png\" \/>\n<meta name=\"twitter:card\" content=\"summary_large_image\" \/>\n<!-- \/ Yoast SEO plugin. -->","yoast_head_json":{"title":"Acquista Petite Arvine Vigne Rovettaz Vall\u00e9e D\u2019Aoste DOC Online | Direttamente dal Produttore | Grosjean Vins","robots":{"index":"index","follow":"follow","max-snippet":"max-snippet:-1","max-image-preview":"max-image-preview:large","max-video-preview":"max-video-preview:-1"},"canonical":"https:\/\/grosjeanvins.it\/prodotto\/petite-arvine-vigne-rovettaz-vallee-daoste-doc\/","og_locale":"fr_FR","og_type":"article","og_title":"Acquista Petite Arvine Vigne Rovettaz Vall\u00e9e D\u2019Aoste DOC Online | Direttamente dal Produttore | Grosjean Vins","og_description":"La variet\u00e9 Petite Arvine est cultiv\u00e9e dans notre vignoble Rovettaz qui a une forte pente expos\u00e9 vers le Sud. Son climat est particuli\u00e8rement sec et ventil\u00e9, ce qui permet une pratique de pratiques agricoles eco-compatibles. Le vin qui en sort est de couleur jaune paille brillant, avec ses parfums intenses, ses notes floreales et sensations agrum\u00e9s dont le pomplemousse est dominant. La bonne sapidit\u00e9 et structure lui permet de continuer \u00e0 \u00e9voluer en bouteille pendant tr\u00e8s longtemps. C'est un excellente accompagnement au entr\u00e9es, poulets ou meme le poisson. Le vin peut viellir 5\/6 ans CERTIFIE BIOLOGIQUE DEPUIS 2015","og_url":"https:\/\/grosjeanvins.it\/prodotto\/petite-arvine-vigne-rovettaz-vallee-daoste-doc\/","og_site_name":"Grosjean Vins","article_modified_time":"2026-03-04T16:45:09+00:00","og_image":[{"width":570,"height":1350,"url":"https:\/\/grosjeanvins.it\/files\/2023\/01\/petit_arvine_vigne_rovettaz-min.png","type":"image\/png"}],"twitter_card":"summary_large_image","schema":{"@context":"https:\/\/schema.org","@graph":[{"@type":"WebPage","@id":"https:\/\/grosjeanvins.it\/prodotto\/petite-arvine-vigne-rovettaz-vallee-daoste-doc\/","url":"https:\/\/grosjeanvins.it\/prodotto\/petite-arvine-vigne-rovettaz-vallee-daoste-doc\/","name":"Acquista Petite Arvine Vigne Rovettaz Vall\u00e9e D\u2019Aoste DOC Online | Direttamente dal Produttore | Grosjean Vins","isPartOf":{"@id":"https:\/\/grosjeanvins.it\/#website"},"primaryImageOfPage":{"@id":"https:\/\/grosjeanvins.it\/prodotto\/petite-arvine-vigne-rovettaz-vallee-daoste-doc\/#primaryimage"},"image":{"@id":"https:\/\/grosjeanvins.it\/prodotto\/petite-arvine-vigne-rovettaz-vallee-daoste-doc\/#primaryimage"},"thumbnailUrl":"https:\/\/grosjeanvins.it\/files\/2023\/01\/petit_arvine_vigne_rovettaz-min.png","datePublished":"2022-08-11T07:53:15+00:00","dateModified":"2026-03-04T16:45:09+00:00","breadcrumb":{"@id":"https:\/\/grosjeanvins.it\/prodotto\/petite-arvine-vigne-rovettaz-vallee-daoste-doc\/#breadcrumb"},"inLanguage":"fr-FR","potentialAction":[{"@type":"ReadAction","target":["https:\/\/grosjeanvins.it\/prodotto\/petite-arvine-vigne-rovettaz-vallee-daoste-doc\/"]}]},{"@type":"ImageObject","inLanguage":"fr-FR","@id":"https:\/\/grosjeanvins.it\/prodotto\/petite-arvine-vigne-rovettaz-vallee-daoste-doc\/#primaryimage","url":"https:\/\/grosjeanvins.it\/files\/2023\/01\/petit_arvine_vigne_rovettaz-min.png","contentUrl":"https:\/\/grosjeanvins.it\/files\/2023\/01\/petit_arvine_vigne_rovettaz-min.png","width":570,"height":1350,"caption":"Il petite arvine vigne rovettaz vino bianco tipico della valle d'aosta"},{"@type":"BreadcrumbList","@id":"https:\/\/grosjeanvins.it\/prodotto\/petite-arvine-vigne-rovettaz-vallee-daoste-doc\/#breadcrumb","itemListElement":[{"@type":"ListItem","position":1,"name":"Home","item":"https:\/\/grosjeanvins.it\/fr\/"},{"@type":"ListItem","position":2,"name":"Boutique","item":"https:\/\/grosjeanvins.it\/fr\/boutique\/"},{"@type":"ListItem","position":3,"name":"Vini Biologici","item":"https:\/\/grosjeanvins.it\/fr\/categoria-prodotto\/vini-biologici-fr\/"},{"@type":"ListItem","position":4,"name":"Petite Arvine Vigne Rovettaz Vall\u00e9e D\u2019Aoste DOC"}]},{"@type":"WebSite","@id":"https:\/\/grosjeanvins.it\/#website","url":"https:\/\/grosjeanvins.it\/","name":"Grosjean Vins","description":"Produttori di Vino in Valle d&#039;Aosta","publisher":{"@id":"https:\/\/grosjeanvins.it\/#organization"},"potentialAction":[{"@type":"SearchAction","target":{"@type":"EntryPoint","urlTemplate":"https:\/\/grosjeanvins.it\/?s={search_term_string}"},"query-input":{"@type":"PropertyValueSpecification","valueRequired":true,"valueName":"search_term_string"}}],"inLanguage":"fr-FR"},{"@type":"Organization","@id":"https:\/\/grosjeanvins.it\/#organization","name":"Grosjean Vins","url":"https:\/\/grosjeanvins.it\/","logo":{"@type":"ImageObject","inLanguage":"fr-FR","@id":"https:\/\/grosjeanvins.it\/#\/schema\/logo\/image\/","url":"","contentUrl":"","caption":"Grosjean Vins"},"image":{"@id":"https:\/\/grosjeanvins.it\/#\/schema\/logo\/image\/"}}]}},"acf":[],"_links":{"self":[{"href":"https:\/\/grosjeanvins.it\/fr\/wp-json\/wp\/v2\/product\/57945","targetHints":{"allow":["GET"]}}],"collection":[{"href":"https:\/\/grosjeanvins.it\/fr\/wp-json\/wp\/v2\/product"}],"about":[{"href":"https:\/\/grosjeanvins.it\/fr\/wp-json\/wp\/v2\/types\/product"}],"replies":[{"embeddable":true,"href":"https:\/\/grosjeanvins.it\/fr\/wp-json\/wp\/v2\/comments?post=57945"}],"wp:featuredmedia":[{"embeddable":true,"href":"https:\/\/grosjeanvins.it\/fr\/wp-json\/wp\/v2\/media\/545"}],"wp:attachment":[{"href":"https:\/\/grosjeanvins.it\/fr\/wp-json\/wp\/v2\/media?parent=57945"}],"wp:term":[{"taxonomy":"product_brand","embeddable":true,"href":"https:\/\/grosjeanvins.it\/fr\/wp-json\/wp\/v2\/product_brand?post=57945"},{"taxonomy":"product_cat","embeddable":true,"href":"https:\/\/grosjeanvins.it\/fr\/wp-json\/wp\/v2\/product_cat?post=57945"},{"taxonomy":"product_tag","embeddable":true,"href":"https:\/\/grosjeanvins.it\/fr\/wp-json\/wp\/v2\/product_tag?post=57945"}],"curies":[{"name":"wp","href":"https:\/\/api.w.org\/{rel}","templated":true}]}}