{"id":57943,"date":"2023-01-11T08:33:14","date_gmt":"2023-01-11T07:33:14","guid":{"rendered":"https:\/\/grosjeanvins.it\/prodotto\/montmary-rose-methode-traditionnel-extra-brut\/"},"modified":"2025-07-22T12:47:20","modified_gmt":"2025-07-22T10:47:20","slug":"montmary-rose-metodo-classico-extra-brut","status":"publish","type":"product","link":"https:\/\/grosjeanvins.it\/fr\/prodotto\/montmary-rose-metodo-classico-extra-brut\/","title":{"rendered":"Montmary Ros\u00e9 Methode Traditionnel Extra Brut"},"content":{"rendered":"<p><strong>Surface:<\/strong><br \/>\nHa 0,7<\/p>\n<p><strong>Culture de la vigne:<\/strong><br \/>\nGuyot<\/p>\n<p><strong>Exposition:<\/strong><br \/>\nSud, sud-ouest, inclination 60 &#8211; 80%<\/p>\n<p><strong>Altitude:<\/strong><br \/>\n800\/900 mt snm<\/p>\n<p><strong>Sol:<\/strong><br \/>\nOrigine glaciaire, meuble avec une pr\u00e9valence de sable et un bon pourcentage de squelette<\/p>\n<p><strong>Op\u00e9rations agricoles:<\/strong><br \/>\nTravail du sol en sous-rang\u00e9e 3 fois par an, hersage et semis d\u2019engrais \u00e0 rangs altern\u00e9s. Apport de fumier bovin tous les 5\/6 ans. Gestion des maladies cryptogamiques selon la m\u00e9thodologie de l\u2019agriculture biologique, en utilisant exclusivement du cuivre et du soufre.<\/p>\n<p><strong>Ann\u00e9e de plantation:<\/strong><br \/>\n2014<\/p>\n","protected":false},"excerpt":{"rendered":"<p>Le Mont Mary est la montagne derri\u00e8re la cave et sur ses pentes se trouvent nos vignes. Elle est haute juqu&#8217;\u00e0 l&#8217;horizon et elle embrace et prot\u00e8ge nos vignobles. Sa source nous approvisionne, gouttes apr\u00e8s gouttes, de l&#8217;eau \u00e9ssentiel pour l&#8217;irrigation de nos plantes.<\/p>\n<p>C&#8217;\u00e9tait donc important d&#8217;honor\u00e9 cette montagne en appelant notre premier p\u00e9tillant apr\u00e8s sa Majest\u00e9.<\/p>\n<p>Montmary est un mousseaux, extra brut, m\u00e9thode classique qui fait le d\u00e9gorgement apr\u00e8s 15 mois sur lies.<\/p>\n<p>Le r\u00e9sultat est un vin ros\u00e9 brillant dont le parfum est fruit\u00e9 et flor\u00e9al mais qui garde des notes charact\u00e9ristiques des c\u00e9pages d&#8217;origine. En bouche il y a une bonne fraicheur et une bonne sapidit\u00e9<\/p>\n<p>Excellent en ap\u00e9ritif.<\/p>\n","protected":false},"featured_media":533,"comment_status":"open","ping_status":"closed","template":"","meta":{"_acf_changed":false,"_monsterinsights_skip_tracking":false,"_monsterinsights_sitenote_active":false,"_monsterinsights_sitenote_note":"","_monsterinsights_sitenote_category":0},"product_brand":[],"product_cat":[291],"product_tag":[],"class_list":{"0":"post-57943","1":"product","2":"type-product","3":"status-publish","4":"has-post-thumbnail","6":"product_cat-bulles","8":"first","9":"instock","10":"taxable","11":"shipping-taxable","12":"purchasable","13":"product-type-simple"},"bundled_by":[],"bundle_stock_status":"instock","bundle_stock_quantity":null,"bundle_virtual":false,"bundle_layout":"","bundle_add_to_cart_form_location":"","bundle_editable_in_cart":false,"bundle_sold_individually_context":"","bundle_item_grouping":"","bundle_min_size":"","bundle_max_size":"","bundle_price":[],"bundled_items":[],"bundle_sell_ids":[],"yoast_head":"<!-- This site is optimized with the Yoast SEO plugin v27.2 - https:\/\/yoast.com\/product\/yoast-seo-wordpress\/ -->\n<title>Acquista Montmary Ros\u00e9 Methode Traditionnel Extra Brut Online | Direttamente dal Produttore | Grosjean Vins<\/title>\n<meta name=\"robots\" content=\"index, follow, max-snippet:-1, max-image-preview:large, max-video-preview:-1\" \/>\n<link rel=\"canonical\" href=\"https:\/\/grosjeanvins.it\/fr\/prodotto\/montmary-rose-metodo-classico-extra-brut\/\" \/>\n<meta property=\"og:locale\" content=\"fr_FR\" \/>\n<meta property=\"og:type\" content=\"article\" \/>\n<meta property=\"og:title\" content=\"Acquista Montmary Ros\u00e9 Methode Traditionnel Extra Brut Online | Direttamente dal Produttore | Grosjean Vins\" \/>\n<meta property=\"og:description\" content=\"Le Mont Mary est la montagne derri\u00e8re la cave et sur ses pentes se trouvent nos vignes. Elle est haute juqu&#039;\u00e0 l&#039;horizon et elle embrace et prot\u00e8ge nos vignobles. Sa source nous approvisionne, gouttes apr\u00e8s gouttes, de l&#039;eau \u00e9ssentiel pour l&#039;irrigation de nos plantes. C&#039;\u00e9tait donc important d&#039;honor\u00e9 cette montagne en appelant notre premier p\u00e9tillant apr\u00e8s sa Majest\u00e9. Montmary est un mousseaux, extra brut, m\u00e9thode classique qui fait le d\u00e9gorgement apr\u00e8s 15 mois sur lies. Le r\u00e9sultat est un vin ros\u00e9 brillant dont le parfum est fruit\u00e9 et flor\u00e9al mais qui garde des notes charact\u00e9ristiques des c\u00e9pages d&#039;origine. En bouche il y a une bonne fraicheur et une bonne sapidit\u00e9 Excellent en ap\u00e9ritif.\" \/>\n<meta property=\"og:url\" content=\"https:\/\/grosjeanvins.it\/fr\/prodotto\/montmary-rose-metodo-classico-extra-brut\/\" \/>\n<meta property=\"og:site_name\" content=\"Grosjean Vins\" \/>\n<meta property=\"article:modified_time\" content=\"2025-07-22T10:47:20+00:00\" \/>\n<meta property=\"og:image\" content=\"https:\/\/grosjeanvins.it\/files\/2023\/01\/Montmary-copia-min.png\" \/>\n\t<meta property=\"og:image:width\" content=\"570\" \/>\n\t<meta property=\"og:image:height\" content=\"1350\" \/>\n\t<meta property=\"og:image:type\" content=\"image\/png\" \/>\n<meta name=\"twitter:card\" content=\"summary_large_image\" \/>\n<!-- \/ Yoast SEO plugin. -->","yoast_head_json":{"title":"Acquista Montmary Ros\u00e9 Methode Traditionnel Extra Brut Online | Direttamente dal Produttore | Grosjean Vins","robots":{"index":"index","follow":"follow","max-snippet":"max-snippet:-1","max-image-preview":"max-image-preview:large","max-video-preview":"max-video-preview:-1"},"canonical":"https:\/\/grosjeanvins.it\/fr\/prodotto\/montmary-rose-metodo-classico-extra-brut\/","og_locale":"fr_FR","og_type":"article","og_title":"Acquista Montmary Ros\u00e9 Methode Traditionnel Extra Brut Online | Direttamente dal Produttore | Grosjean Vins","og_description":"Le Mont Mary est la montagne derri\u00e8re la cave et sur ses pentes se trouvent nos vignes. Elle est haute juqu'\u00e0 l'horizon et elle embrace et prot\u00e8ge nos vignobles. Sa source nous approvisionne, gouttes apr\u00e8s gouttes, de l'eau \u00e9ssentiel pour l'irrigation de nos plantes. C'\u00e9tait donc important d'honor\u00e9 cette montagne en appelant notre premier p\u00e9tillant apr\u00e8s sa Majest\u00e9. Montmary est un mousseaux, extra brut, m\u00e9thode classique qui fait le d\u00e9gorgement apr\u00e8s 15 mois sur lies. Le r\u00e9sultat est un vin ros\u00e9 brillant dont le parfum est fruit\u00e9 et flor\u00e9al mais qui garde des notes charact\u00e9ristiques des c\u00e9pages d'origine. En bouche il y a une bonne fraicheur et une bonne sapidit\u00e9 Excellent en ap\u00e9ritif.","og_url":"https:\/\/grosjeanvins.it\/fr\/prodotto\/montmary-rose-metodo-classico-extra-brut\/","og_site_name":"Grosjean Vins","article_modified_time":"2025-07-22T10:47:20+00:00","og_image":[{"width":570,"height":1350,"url":"https:\/\/grosjeanvins.it\/files\/2023\/01\/Montmary-copia-min.png","type":"image\/png"}],"twitter_card":"summary_large_image","schema":{"@context":"https:\/\/schema.org","@graph":[{"@type":"WebPage","@id":"https:\/\/grosjeanvins.it\/fr\/prodotto\/montmary-rose-metodo-classico-extra-brut\/","url":"https:\/\/grosjeanvins.it\/fr\/prodotto\/montmary-rose-metodo-classico-extra-brut\/","name":"Acquista Montmary Ros\u00e9 Methode Traditionnel Extra Brut Online | Direttamente dal Produttore | Grosjean Vins","isPartOf":{"@id":"https:\/\/grosjeanvins.it\/#website"},"primaryImageOfPage":{"@id":"https:\/\/grosjeanvins.it\/fr\/prodotto\/montmary-rose-metodo-classico-extra-brut\/#primaryimage"},"image":{"@id":"https:\/\/grosjeanvins.it\/fr\/prodotto\/montmary-rose-metodo-classico-extra-brut\/#primaryimage"},"thumbnailUrl":"https:\/\/grosjeanvins.it\/files\/2023\/01\/Montmary-copia-min.png","datePublished":"2023-01-11T07:33:14+00:00","dateModified":"2025-07-22T10:47:20+00:00","breadcrumb":{"@id":"https:\/\/grosjeanvins.it\/fr\/prodotto\/montmary-rose-metodo-classico-extra-brut\/#breadcrumb"},"inLanguage":"fr-FR","potentialAction":[{"@type":"ReadAction","target":["https:\/\/grosjeanvins.it\/fr\/prodotto\/montmary-rose-metodo-classico-extra-brut\/"]}]},{"@type":"ImageObject","inLanguage":"fr-FR","@id":"https:\/\/grosjeanvins.it\/fr\/prodotto\/montmary-rose-metodo-classico-extra-brut\/#primaryimage","url":"https:\/\/grosjeanvins.it\/files\/2023\/01\/Montmary-copia-min.png","contentUrl":"https:\/\/grosjeanvins.it\/files\/2023\/01\/Montmary-copia-min.png","width":570,"height":1350,"caption":"Montmary_sparkling_wine_bubbles_italy_alps"},{"@type":"BreadcrumbList","@id":"https:\/\/grosjeanvins.it\/fr\/prodotto\/montmary-rose-metodo-classico-extra-brut\/#breadcrumb","itemListElement":[{"@type":"ListItem","position":1,"name":"Home","item":"https:\/\/grosjeanvins.it\/fr\/"},{"@type":"ListItem","position":2,"name":"Boutique","item":"https:\/\/grosjeanvins.it\/fr\/boutique\/"},{"@type":"ListItem","position":3,"name":"Bulles","item":"https:\/\/grosjeanvins.it\/fr\/categoria-prodotto\/bulles\/"},{"@type":"ListItem","position":4,"name":"Montmary Ros\u00e9 Methode Traditionnel Extra Brut"}]},{"@type":"WebSite","@id":"https:\/\/grosjeanvins.it\/#website","url":"https:\/\/grosjeanvins.it\/","name":"Grosjean Vins","description":"Produttori di Vino in Valle d&#039;Aosta","publisher":{"@id":"https:\/\/grosjeanvins.it\/#organization"},"potentialAction":[{"@type":"SearchAction","target":{"@type":"EntryPoint","urlTemplate":"https:\/\/grosjeanvins.it\/?s={search_term_string}"},"query-input":{"@type":"PropertyValueSpecification","valueRequired":true,"valueName":"search_term_string"}}],"inLanguage":"fr-FR"},{"@type":"Organization","@id":"https:\/\/grosjeanvins.it\/#organization","name":"Grosjean Vins","url":"https:\/\/grosjeanvins.it\/","logo":{"@type":"ImageObject","inLanguage":"fr-FR","@id":"https:\/\/grosjeanvins.it\/#\/schema\/logo\/image\/","url":"","contentUrl":"","caption":"Grosjean Vins"},"image":{"@id":"https:\/\/grosjeanvins.it\/#\/schema\/logo\/image\/"}}]}},"acf":[],"_links":{"self":[{"href":"https:\/\/grosjeanvins.it\/fr\/wp-json\/wp\/v2\/product\/57943","targetHints":{"allow":["GET"]}}],"collection":[{"href":"https:\/\/grosjeanvins.it\/fr\/wp-json\/wp\/v2\/product"}],"about":[{"href":"https:\/\/grosjeanvins.it\/fr\/wp-json\/wp\/v2\/types\/product"}],"replies":[{"embeddable":true,"href":"https:\/\/grosjeanvins.it\/fr\/wp-json\/wp\/v2\/comments?post=57943"}],"wp:featuredmedia":[{"embeddable":true,"href":"https:\/\/grosjeanvins.it\/fr\/wp-json\/wp\/v2\/media\/533"}],"wp:attachment":[{"href":"https:\/\/grosjeanvins.it\/fr\/wp-json\/wp\/v2\/media?parent=57943"}],"wp:term":[{"taxonomy":"product_brand","embeddable":true,"href":"https:\/\/grosjeanvins.it\/fr\/wp-json\/wp\/v2\/product_brand?post=57943"},{"taxonomy":"product_cat","embeddable":true,"href":"https:\/\/grosjeanvins.it\/fr\/wp-json\/wp\/v2\/product_cat?post=57943"},{"taxonomy":"product_tag","embeddable":true,"href":"https:\/\/grosjeanvins.it\/fr\/wp-json\/wp\/v2\/product_tag?post=57943"}],"curies":[{"name":"wp","href":"https:\/\/api.w.org\/{rel}","templated":true}]}}