{"id":57937,"date":"2023-01-11T08:50:52","date_gmt":"2023-01-11T07:50:52","guid":{"rendered":"https:\/\/grosjeanvins.it\/prodotto\/petite-arvine-chatel-argent-vallee-daoste-doc\/"},"modified":"2025-12-24T11:21:58","modified_gmt":"2025-12-24T10:21:58","slug":"petite-arvine-chatel-argent","status":"publish","type":"product","link":"https:\/\/grosjeanvins.it\/fr\/prodotto\/petite-arvine-chatel-argent\/","title":{"rendered":"Petite Arvine Chatel Argent Vall\u00e9e d&#8217;Aoste DOC"},"content":{"rendered":"<p><strong>Zone de production:<\/strong><br \/>\nMunicipalit\u00e9 de Villeneuve<\/p>\n<p><strong>Surface:<\/strong><br \/>\nHa 1<\/p>\n<p><strong>Culture de la vigne:<\/strong><br \/>\nGuyot a ritocchino. 7000 plantes\/ha<\/p>\n<p><strong>Exposition:<\/strong><br \/>\nest sud\/est<\/p>\n<p><strong>Altitude:<\/strong><br \/>\n600\/800 mt snm<\/p>\n<p><strong>Sol:<\/strong><br \/>\nOrigine glaciaire, meuble avec une pr\u00e9valence de sable et un bon pourcentage de squelette<\/p>\n<p><strong>Op\u00e9rations agricoles:<\/strong><br \/>\nTravail du sol en sous-rang\u00e9e 3 fois par an, hersage et semis d\u2019engrais \u00e0 rangs altern\u00e9s. Apport de fumier bovin tous les 5\/6 ans. Gestion des maladies cryptogamiques selon la m\u00e9thodologie de l\u2019agriculture biologique, en utilisant exclusivement du cuivre et du soufre.  <\/p>\n<p><strong>Ann\u00e9e de plantation:<\/strong><br \/>\n2005 &#8211; 2018<\/p>\n","protected":false},"excerpt":{"rendered":"<p>Le c\u00e9page Petite Arvine de cette bouteille provient d&#8217;une s\u00e9l\u00e9ction de vignobles dont l&#8217;exposition favorise ses senteurs frais et min\u00e9rales.<\/p>\n<p>Cette version classique de la Petite Arvine exprime la fraicheurs et sauvegarde les parfum de ce c\u00e9page identitaire de la Vall\u00e9e d&#8217;Aoste.<\/p>\n<p>Vinifi\u00e9 enti\u00e8rement en cuve d&#8217;inox, il est embouteill\u00e9 apr\u00e8s 6 mois d&#8217;\u00e9l\u00e8vage<\/p>\n<p>Ce vin, pr\u00eat \u00e0 boire, a une couleur jaune paille brillant avec des parfums intense de fleurs, agrmes dont le pomplemousse est tr\u00e8s prononc\u00e9. L&#8217;identit\u00e9 de la Petite Arvine valdotaine est bien exprim\u00e9 dans cette \u00e9tiquette.<\/p>\n","protected":false},"featured_media":551,"comment_status":"open","ping_status":"closed","template":"","meta":{"_acf_changed":false,"_monsterinsights_skip_tracking":false,"_monsterinsights_sitenote_active":false,"_monsterinsights_sitenote_note":"","_monsterinsights_sitenote_category":0},"product_brand":[],"product_cat":[293],"product_tag":[],"class_list":{"0":"post-57937","1":"product","2":"type-product","3":"status-publish","4":"has-post-thumbnail","6":"product_cat-vins-classiques","8":"first","9":"instock","10":"taxable","11":"shipping-taxable","12":"purchasable","13":"product-type-simple"},"bundled_by":[],"bundle_stock_status":"instock","bundle_stock_quantity":null,"bundle_virtual":false,"bundle_layout":"","bundle_add_to_cart_form_location":"","bundle_editable_in_cart":false,"bundle_sold_individually_context":"","bundle_item_grouping":"","bundle_min_size":"","bundle_max_size":"","bundle_price":[],"bundled_items":[],"bundle_sell_ids":[],"yoast_head":"<!-- This site is optimized with the Yoast SEO plugin v27.2 - https:\/\/yoast.com\/product\/yoast-seo-wordpress\/ -->\n<title>Acquista Petite Arvine Chatel Argent Vall\u00e9e d&#039;Aoste DOC Online | Direttamente dal Produttore | Grosjean Vins<\/title>\n<meta name=\"robots\" content=\"index, follow, max-snippet:-1, max-image-preview:large, max-video-preview:-1\" \/>\n<link rel=\"canonical\" href=\"https:\/\/grosjeanvins.it\/fr\/prodotto\/petite-arvine-chatel-argent\/\" \/>\n<meta property=\"og:locale\" content=\"fr_FR\" \/>\n<meta property=\"og:type\" content=\"article\" \/>\n<meta property=\"og:title\" content=\"Acquista Petite Arvine Chatel Argent Vall\u00e9e d&#039;Aoste DOC Online | Direttamente dal Produttore | Grosjean Vins\" \/>\n<meta property=\"og:description\" content=\"Le c\u00e9page Petite Arvine de cette bouteille provient d&#039;une s\u00e9l\u00e9ction de vignobles dont l&#039;exposition favorise ses senteurs frais et min\u00e9rales. Cette version classique de la Petite Arvine exprime la fraicheurs et sauvegarde les parfum de ce c\u00e9page identitaire de la Vall\u00e9e d&#039;Aoste. Vinifi\u00e9 enti\u00e8rement en cuve d&#039;inox, il est embouteill\u00e9 apr\u00e8s 6 mois d&#039;\u00e9l\u00e8vage Ce vin, pr\u00eat \u00e0 boire, a une couleur jaune paille brillant avec des parfums intense de fleurs, agrmes dont le pomplemousse est tr\u00e8s prononc\u00e9. L&#039;identit\u00e9 de la Petite Arvine valdotaine est bien exprim\u00e9 dans cette \u00e9tiquette.\" \/>\n<meta property=\"og:url\" content=\"https:\/\/grosjeanvins.it\/fr\/prodotto\/petite-arvine-chatel-argent\/\" \/>\n<meta property=\"og:site_name\" content=\"Grosjean Vins\" \/>\n<meta property=\"article:modified_time\" content=\"2025-12-24T10:21:58+00:00\" \/>\n<meta property=\"og:image\" content=\"https:\/\/grosjeanvins.it\/files\/2023\/01\/Petite-Arvine-Chatel-Argent-min.png\" \/>\n\t<meta property=\"og:image:width\" content=\"570\" \/>\n\t<meta property=\"og:image:height\" content=\"1350\" \/>\n\t<meta property=\"og:image:type\" content=\"image\/png\" \/>\n<meta name=\"twitter:card\" content=\"summary_large_image\" \/>\n<!-- \/ Yoast SEO plugin. -->","yoast_head_json":{"title":"Acquista Petite Arvine Chatel Argent Vall\u00e9e d'Aoste DOC Online | Direttamente dal Produttore | Grosjean Vins","robots":{"index":"index","follow":"follow","max-snippet":"max-snippet:-1","max-image-preview":"max-image-preview:large","max-video-preview":"max-video-preview:-1"},"canonical":"https:\/\/grosjeanvins.it\/fr\/prodotto\/petite-arvine-chatel-argent\/","og_locale":"fr_FR","og_type":"article","og_title":"Acquista Petite Arvine Chatel Argent Vall\u00e9e d'Aoste DOC Online | Direttamente dal Produttore | Grosjean Vins","og_description":"Le c\u00e9page Petite Arvine de cette bouteille provient d'une s\u00e9l\u00e9ction de vignobles dont l'exposition favorise ses senteurs frais et min\u00e9rales. Cette version classique de la Petite Arvine exprime la fraicheurs et sauvegarde les parfum de ce c\u00e9page identitaire de la Vall\u00e9e d'Aoste. Vinifi\u00e9 enti\u00e8rement en cuve d'inox, il est embouteill\u00e9 apr\u00e8s 6 mois d'\u00e9l\u00e8vage Ce vin, pr\u00eat \u00e0 boire, a une couleur jaune paille brillant avec des parfums intense de fleurs, agrmes dont le pomplemousse est tr\u00e8s prononc\u00e9. L'identit\u00e9 de la Petite Arvine valdotaine est bien exprim\u00e9 dans cette \u00e9tiquette.","og_url":"https:\/\/grosjeanvins.it\/fr\/prodotto\/petite-arvine-chatel-argent\/","og_site_name":"Grosjean Vins","article_modified_time":"2025-12-24T10:21:58+00:00","og_image":[{"width":570,"height":1350,"url":"https:\/\/grosjeanvins.it\/files\/2023\/01\/Petite-Arvine-Chatel-Argent-min.png","type":"image\/png"}],"twitter_card":"summary_large_image","schema":{"@context":"https:\/\/schema.org","@graph":[{"@type":"WebPage","@id":"https:\/\/grosjeanvins.it\/fr\/prodotto\/petite-arvine-chatel-argent\/","url":"https:\/\/grosjeanvins.it\/fr\/prodotto\/petite-arvine-chatel-argent\/","name":"Acquista Petite Arvine Chatel Argent Vall\u00e9e d'Aoste DOC Online | Direttamente dal Produttore | Grosjean Vins","isPartOf":{"@id":"https:\/\/grosjeanvins.it\/#website"},"primaryImageOfPage":{"@id":"https:\/\/grosjeanvins.it\/fr\/prodotto\/petite-arvine-chatel-argent\/#primaryimage"},"image":{"@id":"https:\/\/grosjeanvins.it\/fr\/prodotto\/petite-arvine-chatel-argent\/#primaryimage"},"thumbnailUrl":"https:\/\/grosjeanvins.it\/files\/2023\/01\/Petite-Arvine-Chatel-Argent-min.png","datePublished":"2023-01-11T07:50:52+00:00","dateModified":"2025-12-24T10:21:58+00:00","breadcrumb":{"@id":"https:\/\/grosjeanvins.it\/fr\/prodotto\/petite-arvine-chatel-argent\/#breadcrumb"},"inLanguage":"fr-FR","potentialAction":[{"@type":"ReadAction","target":["https:\/\/grosjeanvins.it\/fr\/prodotto\/petite-arvine-chatel-argent\/"]}]},{"@type":"ImageObject","inLanguage":"fr-FR","@id":"https:\/\/grosjeanvins.it\/fr\/prodotto\/petite-arvine-chatel-argent\/#primaryimage","url":"https:\/\/grosjeanvins.it\/files\/2023\/01\/Petite-Arvine-Chatel-Argent-min.png","contentUrl":"https:\/\/grosjeanvins.it\/files\/2023\/01\/Petite-Arvine-Chatel-Argent-min.png","width":570,"height":1350,"caption":"Petite_Arvine_Chatel_Argent_AostaValley"},{"@type":"BreadcrumbList","@id":"https:\/\/grosjeanvins.it\/fr\/prodotto\/petite-arvine-chatel-argent\/#breadcrumb","itemListElement":[{"@type":"ListItem","position":1,"name":"Home","item":"https:\/\/grosjeanvins.it\/fr\/"},{"@type":"ListItem","position":2,"name":"Boutique","item":"https:\/\/grosjeanvins.it\/fr\/boutique\/"},{"@type":"ListItem","position":3,"name":"Vins classiques","item":"https:\/\/grosjeanvins.it\/fr\/categoria-prodotto\/vins-classiques\/"},{"@type":"ListItem","position":4,"name":"Petite Arvine Chatel Argent Vall\u00e9e d&rsquo;Aoste DOC"}]},{"@type":"WebSite","@id":"https:\/\/grosjeanvins.it\/#website","url":"https:\/\/grosjeanvins.it\/","name":"Grosjean Vins","description":"Produttori di Vino in Valle d&#039;Aosta","publisher":{"@id":"https:\/\/grosjeanvins.it\/#organization"},"potentialAction":[{"@type":"SearchAction","target":{"@type":"EntryPoint","urlTemplate":"https:\/\/grosjeanvins.it\/?s={search_term_string}"},"query-input":{"@type":"PropertyValueSpecification","valueRequired":true,"valueName":"search_term_string"}}],"inLanguage":"fr-FR"},{"@type":"Organization","@id":"https:\/\/grosjeanvins.it\/#organization","name":"Grosjean Vins","url":"https:\/\/grosjeanvins.it\/","logo":{"@type":"ImageObject","inLanguage":"fr-FR","@id":"https:\/\/grosjeanvins.it\/#\/schema\/logo\/image\/","url":"","contentUrl":"","caption":"Grosjean Vins"},"image":{"@id":"https:\/\/grosjeanvins.it\/#\/schema\/logo\/image\/"}}]}},"acf":[],"_links":{"self":[{"href":"https:\/\/grosjeanvins.it\/fr\/wp-json\/wp\/v2\/product\/57937","targetHints":{"allow":["GET"]}}],"collection":[{"href":"https:\/\/grosjeanvins.it\/fr\/wp-json\/wp\/v2\/product"}],"about":[{"href":"https:\/\/grosjeanvins.it\/fr\/wp-json\/wp\/v2\/types\/product"}],"replies":[{"embeddable":true,"href":"https:\/\/grosjeanvins.it\/fr\/wp-json\/wp\/v2\/comments?post=57937"}],"wp:featuredmedia":[{"embeddable":true,"href":"https:\/\/grosjeanvins.it\/fr\/wp-json\/wp\/v2\/media\/551"}],"wp:attachment":[{"href":"https:\/\/grosjeanvins.it\/fr\/wp-json\/wp\/v2\/media?parent=57937"}],"wp:term":[{"taxonomy":"product_brand","embeddable":true,"href":"https:\/\/grosjeanvins.it\/fr\/wp-json\/wp\/v2\/product_brand?post=57937"},{"taxonomy":"product_cat","embeddable":true,"href":"https:\/\/grosjeanvins.it\/fr\/wp-json\/wp\/v2\/product_cat?post=57937"},{"taxonomy":"product_tag","embeddable":true,"href":"https:\/\/grosjeanvins.it\/fr\/wp-json\/wp\/v2\/product_tag?post=57937"}],"curies":[{"name":"wp","href":"https:\/\/api.w.org\/{rel}","templated":true}]}}