{"id":57927,"date":"2023-01-11T09:49:12","date_gmt":"2023-01-11T08:49:12","guid":{"rendered":"https:\/\/grosjeanvins.it\/prodotto\/pinot-noir-vallee-daoste-doc\/"},"modified":"2026-03-30T11:14:52","modified_gmt":"2026-03-30T09:14:52","slug":"pinot-noir-vallee-daoste-doc","status":"publish","type":"product","link":"https:\/\/grosjeanvins.it\/fr\/prodotto\/pinot-noir-vallee-daoste-doc\/","title":{"rendered":"Pinot Noir Vall\u00e9e d\u2019Aoste DOC"},"content":{"rendered":"<p><strong>Zone de production:<\/strong><br \/>\nMunicipalit\u00e9 de Quart, Saint Christophe<\/p>\n<p><strong>Surface:<\/strong><br \/>\nHa 2,5<\/p>\n<p><strong>Culture de la vigne:<\/strong><br \/>\nGuyot<\/p>\n<p><strong>Exposition:<\/strong><br \/>\nSud, Sud-ouest, inclination 50-70%<\/p>\n<p><strong>Altitude:<\/strong><br \/>\n600\/800 mt snm<\/p>\n<p><strong>Sol:<\/strong><br \/>\nOrigine glaciaire, meuble avec une pr\u00e9valence de sable et un bon pourcentage de squelette<\/p>\n<p><strong>Op\u00e9rations agricoles:<\/strong><br \/>\nTravail du sol en sous-rang\u00e9e 3 fois par an, hersage et semis d\u2019engrais \u00e0 rangs altern\u00e9s. Apport de fumier bovin tous les 5\/6 ans. Gestion des maladies cryptogamiques selon la m\u00e9thodologie de l\u2019agriculture biologique, en utilisant exclusivement du cuivre et du soufre.  <\/p>\n<p><strong>Ann\u00e9e de plantation:<\/strong><br \/>\n1980 -1995<\/p>\n","protected":false},"excerpt":{"rendered":"<p>Un c\u00e9page noble, pr\u00e9sent en Vall\u00e9e d&#8217;Aoste depuis des si\u00e8cles car la r\u00e9gion appartenait au royaume de Bourgogne. L&#8217;expression meilleur est le r\u00e9sultat d&#8217;une cultivation en altitude, entre 600 et 850 mt s.n.m. ou on trouve une bonne excursion thermique et une cote ensoleill\u00e9 qui garantie une excellente qualit\u00e9 du raisin.<\/p>\n<p>Un vin produit avec 100% de Pinot Noir dont le corp est plein et \u00e9quilibr\u00e9.<\/p>\n<p>Il a une couleur rubis d\u00e9licat fonc\u00e9 de grenat, au nez il s&#8217;exprime complexe et persistant avec ses fruits rouges prononc\u00e9s mais il est tr\u00e8s \u00e9quilibr\u00e9 en bouche, fin, sec et d\u00e9licat en tannins.<\/p>\n","protected":false},"featured_media":575,"comment_status":"open","ping_status":"closed","template":"","meta":{"_acf_changed":false,"_monsterinsights_skip_tracking":false,"_monsterinsights_sitenote_active":false,"_monsterinsights_sitenote_note":"","_monsterinsights_sitenote_category":0},"product_brand":[],"product_cat":[293],"product_tag":[],"class_list":{"0":"post-57927","1":"product","2":"type-product","3":"status-publish","4":"has-post-thumbnail","6":"product_cat-vins-classiques","8":"first","9":"outofstock","10":"taxable","11":"shipping-taxable","12":"purchasable","13":"product-type-simple"},"bundled_by":[],"bundle_stock_status":"outofstock","bundle_stock_quantity":null,"bundle_virtual":false,"bundle_layout":"","bundle_add_to_cart_form_location":"","bundle_editable_in_cart":false,"bundle_sold_individually_context":"","bundle_item_grouping":"","bundle_min_size":"","bundle_max_size":"","bundle_price":[],"bundled_items":[],"bundle_sell_ids":[],"yoast_head":"<!-- This site is optimized with the Yoast SEO plugin v27.2 - https:\/\/yoast.com\/product\/yoast-seo-wordpress\/ -->\n<title>Acquista Pinot Noir Vall\u00e9e d\u2019Aoste DOC Online | Direttamente dal Produttore | Grosjean Vins<\/title>\n<meta name=\"robots\" content=\"index, follow, max-snippet:-1, max-image-preview:large, max-video-preview:-1\" \/>\n<link rel=\"canonical\" href=\"https:\/\/grosjeanvins.it\/prodotto\/pinot-noir-vallee-daoste-doc\/\" \/>\n<meta property=\"og:locale\" content=\"fr_FR\" \/>\n<meta property=\"og:type\" content=\"article\" \/>\n<meta property=\"og:title\" content=\"Acquista Pinot Noir Vall\u00e9e d\u2019Aoste DOC Online | Direttamente dal Produttore | Grosjean Vins\" \/>\n<meta property=\"og:description\" content=\"Un c\u00e9page noble, pr\u00e9sent en Vall\u00e9e d&#039;Aoste depuis des si\u00e8cles car la r\u00e9gion appartenait au royaume de Bourgogne. L&#039;expression meilleur est le r\u00e9sultat d&#039;une cultivation en altitude, entre 600 et 850 mt s.n.m. ou on trouve une bonne excursion thermique et une cote ensoleill\u00e9 qui garantie une excellente qualit\u00e9 du raisin. Un vin produit avec 100% de Pinot Noir dont le corp est plein et \u00e9quilibr\u00e9. Il a une couleur rubis d\u00e9licat fonc\u00e9 de grenat, au nez il s&#039;exprime complexe et persistant avec ses fruits rouges prononc\u00e9s mais il est tr\u00e8s \u00e9quilibr\u00e9 en bouche, fin, sec et d\u00e9licat en tannins.\" \/>\n<meta property=\"og:url\" content=\"https:\/\/grosjeanvins.it\/prodotto\/pinot-noir-vallee-daoste-doc\/\" \/>\n<meta property=\"og:site_name\" content=\"Grosjean Vins\" \/>\n<meta property=\"article:modified_time\" content=\"2026-03-30T09:14:52+00:00\" \/>\n<meta property=\"og:image\" content=\"https:\/\/grosjeanvins.it\/files\/2023\/01\/Pinot-Noir-min.png\" \/>\n\t<meta property=\"og:image:width\" content=\"570\" \/>\n\t<meta property=\"og:image:height\" content=\"1350\" \/>\n\t<meta property=\"og:image:type\" content=\"image\/png\" \/>\n<meta name=\"twitter:card\" content=\"summary_large_image\" \/>\n<!-- \/ Yoast SEO plugin. -->","yoast_head_json":{"title":"Acquista Pinot Noir Vall\u00e9e d\u2019Aoste DOC Online | Direttamente dal Produttore | Grosjean Vins","robots":{"index":"index","follow":"follow","max-snippet":"max-snippet:-1","max-image-preview":"max-image-preview:large","max-video-preview":"max-video-preview:-1"},"canonical":"https:\/\/grosjeanvins.it\/prodotto\/pinot-noir-vallee-daoste-doc\/","og_locale":"fr_FR","og_type":"article","og_title":"Acquista Pinot Noir Vall\u00e9e d\u2019Aoste DOC Online | Direttamente dal Produttore | Grosjean Vins","og_description":"Un c\u00e9page noble, pr\u00e9sent en Vall\u00e9e d'Aoste depuis des si\u00e8cles car la r\u00e9gion appartenait au royaume de Bourgogne. L'expression meilleur est le r\u00e9sultat d'une cultivation en altitude, entre 600 et 850 mt s.n.m. ou on trouve une bonne excursion thermique et une cote ensoleill\u00e9 qui garantie une excellente qualit\u00e9 du raisin. Un vin produit avec 100% de Pinot Noir dont le corp est plein et \u00e9quilibr\u00e9. Il a une couleur rubis d\u00e9licat fonc\u00e9 de grenat, au nez il s'exprime complexe et persistant avec ses fruits rouges prononc\u00e9s mais il est tr\u00e8s \u00e9quilibr\u00e9 en bouche, fin, sec et d\u00e9licat en tannins.","og_url":"https:\/\/grosjeanvins.it\/prodotto\/pinot-noir-vallee-daoste-doc\/","og_site_name":"Grosjean Vins","article_modified_time":"2026-03-30T09:14:52+00:00","og_image":[{"width":570,"height":1350,"url":"https:\/\/grosjeanvins.it\/files\/2023\/01\/Pinot-Noir-min.png","type":"image\/png"}],"twitter_card":"summary_large_image","schema":{"@context":"https:\/\/schema.org","@graph":[{"@type":"WebPage","@id":"https:\/\/grosjeanvins.it\/prodotto\/pinot-noir-vallee-daoste-doc\/","url":"https:\/\/grosjeanvins.it\/prodotto\/pinot-noir-vallee-daoste-doc\/","name":"Acquista Pinot Noir Vall\u00e9e d\u2019Aoste DOC Online | Direttamente dal Produttore | Grosjean Vins","isPartOf":{"@id":"https:\/\/grosjeanvins.it\/#website"},"primaryImageOfPage":{"@id":"https:\/\/grosjeanvins.it\/prodotto\/pinot-noir-vallee-daoste-doc\/#primaryimage"},"image":{"@id":"https:\/\/grosjeanvins.it\/prodotto\/pinot-noir-vallee-daoste-doc\/#primaryimage"},"thumbnailUrl":"https:\/\/grosjeanvins.it\/files\/2023\/01\/Pinot-Noir-min.png","datePublished":"2023-01-11T08:49:12+00:00","dateModified":"2026-03-30T09:14:52+00:00","breadcrumb":{"@id":"https:\/\/grosjeanvins.it\/prodotto\/pinot-noir-vallee-daoste-doc\/#breadcrumb"},"inLanguage":"fr-FR","potentialAction":[{"@type":"ReadAction","target":["https:\/\/grosjeanvins.it\/prodotto\/pinot-noir-vallee-daoste-doc\/"]}]},{"@type":"ImageObject","inLanguage":"fr-FR","@id":"https:\/\/grosjeanvins.it\/prodotto\/pinot-noir-vallee-daoste-doc\/#primaryimage","url":"https:\/\/grosjeanvins.it\/files\/2023\/01\/Pinot-Noir-min.png","contentUrl":"https:\/\/grosjeanvins.it\/files\/2023\/01\/Pinot-Noir-min.png","width":570,"height":1350,"caption":"Bottiglia di Pinot Noir (Valle d'Aosta)"},{"@type":"BreadcrumbList","@id":"https:\/\/grosjeanvins.it\/prodotto\/pinot-noir-vallee-daoste-doc\/#breadcrumb","itemListElement":[{"@type":"ListItem","position":1,"name":"Home","item":"https:\/\/grosjeanvins.it\/fr\/"},{"@type":"ListItem","position":2,"name":"Boutique","item":"https:\/\/grosjeanvins.it\/fr\/boutique\/"},{"@type":"ListItem","position":3,"name":"Vins classiques","item":"https:\/\/grosjeanvins.it\/fr\/categoria-prodotto\/vins-classiques\/"},{"@type":"ListItem","position":4,"name":"Pinot Noir Vall\u00e9e d\u2019Aoste DOC"}]},{"@type":"WebSite","@id":"https:\/\/grosjeanvins.it\/#website","url":"https:\/\/grosjeanvins.it\/","name":"Grosjean Vins","description":"Produttori di Vino in Valle d&#039;Aosta","publisher":{"@id":"https:\/\/grosjeanvins.it\/#organization"},"potentialAction":[{"@type":"SearchAction","target":{"@type":"EntryPoint","urlTemplate":"https:\/\/grosjeanvins.it\/?s={search_term_string}"},"query-input":{"@type":"PropertyValueSpecification","valueRequired":true,"valueName":"search_term_string"}}],"inLanguage":"fr-FR"},{"@type":"Organization","@id":"https:\/\/grosjeanvins.it\/#organization","name":"Grosjean Vins","url":"https:\/\/grosjeanvins.it\/","logo":{"@type":"ImageObject","inLanguage":"fr-FR","@id":"https:\/\/grosjeanvins.it\/#\/schema\/logo\/image\/","url":"","contentUrl":"","caption":"Grosjean Vins"},"image":{"@id":"https:\/\/grosjeanvins.it\/#\/schema\/logo\/image\/"}}]}},"acf":[],"_links":{"self":[{"href":"https:\/\/grosjeanvins.it\/fr\/wp-json\/wp\/v2\/product\/57927","targetHints":{"allow":["GET"]}}],"collection":[{"href":"https:\/\/grosjeanvins.it\/fr\/wp-json\/wp\/v2\/product"}],"about":[{"href":"https:\/\/grosjeanvins.it\/fr\/wp-json\/wp\/v2\/types\/product"}],"replies":[{"embeddable":true,"href":"https:\/\/grosjeanvins.it\/fr\/wp-json\/wp\/v2\/comments?post=57927"}],"wp:featuredmedia":[{"embeddable":true,"href":"https:\/\/grosjeanvins.it\/fr\/wp-json\/wp\/v2\/media\/575"}],"wp:attachment":[{"href":"https:\/\/grosjeanvins.it\/fr\/wp-json\/wp\/v2\/media?parent=57927"}],"wp:term":[{"taxonomy":"product_brand","embeddable":true,"href":"https:\/\/grosjeanvins.it\/fr\/wp-json\/wp\/v2\/product_brand?post=57927"},{"taxonomy":"product_cat","embeddable":true,"href":"https:\/\/grosjeanvins.it\/fr\/wp-json\/wp\/v2\/product_cat?post=57927"},{"taxonomy":"product_tag","embeddable":true,"href":"https:\/\/grosjeanvins.it\/fr\/wp-json\/wp\/v2\/product_tag?post=57927"}],"curies":[{"name":"wp","href":"https:\/\/api.w.org\/{rel}","templated":true}]}}