{"id":57919,"date":"2023-01-11T09:58:54","date_gmt":"2023-01-11T08:58:54","guid":{"rendered":"https:\/\/grosjeanvins.it\/prodotto\/muscat-petit-grain-vallee-daoste-doc\/"},"modified":"2025-02-27T09:50:31","modified_gmt":"2025-02-27T08:50:31","slug":"muscat-petit-grain-vallee-daoste-doc-2","status":"publish","type":"product","link":"https:\/\/grosjeanvins.it\/fr\/prodotto\/muscat-petit-grain-vallee-daoste-doc-2\/","title":{"rendered":"Muscat Petit Grain Vall\u00e9e D\u2019Aoste DOC"},"content":{"rendered":"<p><strong>Zone de production:<\/strong><br \/>\nQuart et Saint Christophe.<\/p>\n<p><strong>Surface:<\/strong><br \/>\nHa 0,4.<\/p>\n<p><strong>Culture de la vigne:<\/strong><br \/>\nGuyot.<\/p>\n<p><strong>Exposition:<\/strong><br \/>\nSud, Nord-Est.<\/p>\n<p><strong>Altitude:<\/strong><br \/>\n600\/700 mt snm<\/p>\n<p><strong>Sol:<\/strong><br \/>\nOrigine glaciaire, meuble avec une pr\u00e9valence de sable et un bon pourcentage de squelette<\/p>\n<p><strong>Op\u00e9rations agricoles:<\/strong><br \/>\nTravail du sol en sous-rang\u00e9e 3 fois par an, hersage et semis d\u2019engrais \u00e0 rangs altern\u00e9s. Apport de fumier bovin tous les 5\/6 ans. Gestion des maladies cryptogamiques selon la m\u00e9thodologie de l\u2019agriculture biologique, en utilisant exclusivement du cuivre et du soufre.<\/p>\n<p><strong>Ann\u00e9e de plantation:<\/strong><br \/>\n1985 &#8211; 2012.<\/p>\n","protected":false},"excerpt":{"rendered":"<p>Selection typique du Muscat Blanc, cultiv\u00e9e depuis toujours en Valle d\u2019Aosta. Une partie des vignes se trouve \u00e0 Quart et une partie \u00e0 Chambave.<\/p>\n<p>Les pratiques de cultivation respectent les d\u00e9lais pr\u00e9vu par la viticulture biologique par cons\u00e9quant auqun d\u00e9sherbant ni fertilisant chimique.<\/p>\n<p>Il en ressort un vin riche en parfums tiipiques du vari\u00e9t\u00e9 avec une min\u00e9ralit\u00e9 prononc\u00e9. Un vin parfait en ap\u00e9ritif ou bien en accompagnement des quiches v\u00e9g\u00e9tales ou avec les asp\u00e8rges.<\/p>\n<p>Tr\u00e8s bas sulphites.<\/p>\n","protected":false},"featured_media":539,"comment_status":"open","ping_status":"closed","template":"","meta":{"_acf_changed":false,"_monsterinsights_skip_tracking":false,"_monsterinsights_sitenote_active":false,"_monsterinsights_sitenote_note":"","_monsterinsights_sitenote_category":0},"product_brand":[],"product_cat":[293],"product_tag":[],"class_list":{"0":"post-57919","1":"product","2":"type-product","3":"status-publish","4":"has-post-thumbnail","6":"product_cat-vins-classiques","8":"first","9":"outofstock","10":"taxable","11":"shipping-taxable","12":"purchasable","13":"product-type-simple"},"bundled_by":[],"bundle_stock_status":"outofstock","bundle_stock_quantity":null,"bundle_virtual":false,"bundle_layout":"","bundle_add_to_cart_form_location":"","bundle_editable_in_cart":false,"bundle_sold_individually_context":"","bundle_item_grouping":"","bundle_min_size":"","bundle_max_size":"","bundle_price":[],"bundled_items":[],"bundle_sell_ids":[],"yoast_head":"<!-- This site is optimized with the Yoast SEO plugin v27.2 - https:\/\/yoast.com\/product\/yoast-seo-wordpress\/ -->\n<title>Acquista Muscat Petit Grain Vall\u00e9e D\u2019Aoste DOC Online | Direttamente dal Produttore | Grosjean Vins<\/title>\n<meta name=\"robots\" content=\"index, follow, max-snippet:-1, max-image-preview:large, max-video-preview:-1\" \/>\n<link rel=\"canonical\" href=\"https:\/\/grosjeanvins.it\/fr\/prodotto\/muscat-petit-grain-vallee-daoste-doc-2\/\" \/>\n<meta property=\"og:locale\" content=\"fr_FR\" \/>\n<meta property=\"og:type\" content=\"article\" \/>\n<meta property=\"og:title\" content=\"Acquista Muscat Petit Grain Vall\u00e9e D\u2019Aoste DOC Online | Direttamente dal Produttore | Grosjean Vins\" \/>\n<meta property=\"og:description\" content=\"Selection typique du Muscat Blanc, cultiv\u00e9e depuis toujours en Valle d\u2019Aosta. Une partie des vignes se trouve \u00e0 Quart et une partie \u00e0 Chambave. Les pratiques de cultivation respectent les d\u00e9lais pr\u00e9vu par la viticulture biologique par cons\u00e9quant auqun d\u00e9sherbant ni fertilisant chimique. Il en ressort un vin riche en parfums tiipiques du vari\u00e9t\u00e9 avec une min\u00e9ralit\u00e9 prononc\u00e9. Un vin parfait en ap\u00e9ritif ou bien en accompagnement des quiches v\u00e9g\u00e9tales ou avec les asp\u00e8rges. Tr\u00e8s bas sulphites.\" \/>\n<meta property=\"og:url\" content=\"https:\/\/grosjeanvins.it\/fr\/prodotto\/muscat-petit-grain-vallee-daoste-doc-2\/\" \/>\n<meta property=\"og:site_name\" content=\"Grosjean Vins\" \/>\n<meta property=\"article:modified_time\" content=\"2025-02-27T08:50:31+00:00\" \/>\n<meta property=\"og:image\" content=\"https:\/\/grosjeanvins.it\/files\/2023\/01\/muscat_petit_grain-min.png\" \/>\n\t<meta property=\"og:image:width\" content=\"570\" \/>\n\t<meta property=\"og:image:height\" content=\"1350\" \/>\n\t<meta property=\"og:image:type\" content=\"image\/png\" \/>\n<meta name=\"twitter:card\" content=\"summary_large_image\" \/>\n<!-- \/ Yoast SEO plugin. -->","yoast_head_json":{"title":"Acquista Muscat Petit Grain Vall\u00e9e D\u2019Aoste DOC Online | Direttamente dal Produttore | Grosjean Vins","robots":{"index":"index","follow":"follow","max-snippet":"max-snippet:-1","max-image-preview":"max-image-preview:large","max-video-preview":"max-video-preview:-1"},"canonical":"https:\/\/grosjeanvins.it\/fr\/prodotto\/muscat-petit-grain-vallee-daoste-doc-2\/","og_locale":"fr_FR","og_type":"article","og_title":"Acquista Muscat Petit Grain Vall\u00e9e D\u2019Aoste DOC Online | Direttamente dal Produttore | Grosjean Vins","og_description":"Selection typique du Muscat Blanc, cultiv\u00e9e depuis toujours en Valle d\u2019Aosta. Une partie des vignes se trouve \u00e0 Quart et une partie \u00e0 Chambave. Les pratiques de cultivation respectent les d\u00e9lais pr\u00e9vu par la viticulture biologique par cons\u00e9quant auqun d\u00e9sherbant ni fertilisant chimique. Il en ressort un vin riche en parfums tiipiques du vari\u00e9t\u00e9 avec une min\u00e9ralit\u00e9 prononc\u00e9. Un vin parfait en ap\u00e9ritif ou bien en accompagnement des quiches v\u00e9g\u00e9tales ou avec les asp\u00e8rges. Tr\u00e8s bas sulphites.","og_url":"https:\/\/grosjeanvins.it\/fr\/prodotto\/muscat-petit-grain-vallee-daoste-doc-2\/","og_site_name":"Grosjean Vins","article_modified_time":"2025-02-27T08:50:31+00:00","og_image":[{"width":570,"height":1350,"url":"https:\/\/grosjeanvins.it\/files\/2023\/01\/muscat_petit_grain-min.png","type":"image\/png"}],"twitter_card":"summary_large_image","schema":{"@context":"https:\/\/schema.org","@graph":[{"@type":"WebPage","@id":"https:\/\/grosjeanvins.it\/fr\/prodotto\/muscat-petit-grain-vallee-daoste-doc-2\/","url":"https:\/\/grosjeanvins.it\/fr\/prodotto\/muscat-petit-grain-vallee-daoste-doc-2\/","name":"Acquista Muscat Petit Grain Vall\u00e9e D\u2019Aoste DOC Online | Direttamente dal Produttore | Grosjean Vins","isPartOf":{"@id":"https:\/\/grosjeanvins.it\/#website"},"primaryImageOfPage":{"@id":"https:\/\/grosjeanvins.it\/fr\/prodotto\/muscat-petit-grain-vallee-daoste-doc-2\/#primaryimage"},"image":{"@id":"https:\/\/grosjeanvins.it\/fr\/prodotto\/muscat-petit-grain-vallee-daoste-doc-2\/#primaryimage"},"thumbnailUrl":"https:\/\/grosjeanvins.it\/files\/2023\/01\/muscat_petit_grain-min.png","datePublished":"2023-01-11T08:58:54+00:00","dateModified":"2025-02-27T08:50:31+00:00","breadcrumb":{"@id":"https:\/\/grosjeanvins.it\/fr\/prodotto\/muscat-petit-grain-vallee-daoste-doc-2\/#breadcrumb"},"inLanguage":"fr-FR","potentialAction":[{"@type":"ReadAction","target":["https:\/\/grosjeanvins.it\/fr\/prodotto\/muscat-petit-grain-vallee-daoste-doc-2\/"]}]},{"@type":"ImageObject","inLanguage":"fr-FR","@id":"https:\/\/grosjeanvins.it\/fr\/prodotto\/muscat-petit-grain-vallee-daoste-doc-2\/#primaryimage","url":"https:\/\/grosjeanvins.it\/files\/2023\/01\/muscat_petit_grain-min.png","contentUrl":"https:\/\/grosjeanvins.it\/files\/2023\/01\/muscat_petit_grain-min.png","width":570,"height":1350,"caption":"muscat_petit_grain_aosta_white_wine"},{"@type":"BreadcrumbList","@id":"https:\/\/grosjeanvins.it\/fr\/prodotto\/muscat-petit-grain-vallee-daoste-doc-2\/#breadcrumb","itemListElement":[{"@type":"ListItem","position":1,"name":"Home","item":"https:\/\/grosjeanvins.it\/fr\/"},{"@type":"ListItem","position":2,"name":"Boutique","item":"https:\/\/grosjeanvins.it\/fr\/boutique\/"},{"@type":"ListItem","position":3,"name":"Vins classiques","item":"https:\/\/grosjeanvins.it\/fr\/categoria-prodotto\/vins-classiques\/"},{"@type":"ListItem","position":4,"name":"Muscat Petit Grain Vall\u00e9e D\u2019Aoste DOC"}]},{"@type":"WebSite","@id":"https:\/\/grosjeanvins.it\/#website","url":"https:\/\/grosjeanvins.it\/","name":"Grosjean Vins","description":"Produttori di Vino in Valle d&#039;Aosta","publisher":{"@id":"https:\/\/grosjeanvins.it\/#organization"},"potentialAction":[{"@type":"SearchAction","target":{"@type":"EntryPoint","urlTemplate":"https:\/\/grosjeanvins.it\/?s={search_term_string}"},"query-input":{"@type":"PropertyValueSpecification","valueRequired":true,"valueName":"search_term_string"}}],"inLanguage":"fr-FR"},{"@type":"Organization","@id":"https:\/\/grosjeanvins.it\/#organization","name":"Grosjean Vins","url":"https:\/\/grosjeanvins.it\/","logo":{"@type":"ImageObject","inLanguage":"fr-FR","@id":"https:\/\/grosjeanvins.it\/#\/schema\/logo\/image\/","url":"","contentUrl":"","caption":"Grosjean Vins"},"image":{"@id":"https:\/\/grosjeanvins.it\/#\/schema\/logo\/image\/"}}]}},"acf":[],"_links":{"self":[{"href":"https:\/\/grosjeanvins.it\/fr\/wp-json\/wp\/v2\/product\/57919","targetHints":{"allow":["GET"]}}],"collection":[{"href":"https:\/\/grosjeanvins.it\/fr\/wp-json\/wp\/v2\/product"}],"about":[{"href":"https:\/\/grosjeanvins.it\/fr\/wp-json\/wp\/v2\/types\/product"}],"replies":[{"embeddable":true,"href":"https:\/\/grosjeanvins.it\/fr\/wp-json\/wp\/v2\/comments?post=57919"}],"wp:featuredmedia":[{"embeddable":true,"href":"https:\/\/grosjeanvins.it\/fr\/wp-json\/wp\/v2\/media\/539"}],"wp:attachment":[{"href":"https:\/\/grosjeanvins.it\/fr\/wp-json\/wp\/v2\/media?parent=57919"}],"wp:term":[{"taxonomy":"product_brand","embeddable":true,"href":"https:\/\/grosjeanvins.it\/fr\/wp-json\/wp\/v2\/product_brand?post=57919"},{"taxonomy":"product_cat","embeddable":true,"href":"https:\/\/grosjeanvins.it\/fr\/wp-json\/wp\/v2\/product_cat?post=57919"},{"taxonomy":"product_tag","embeddable":true,"href":"https:\/\/grosjeanvins.it\/fr\/wp-json\/wp\/v2\/product_tag?post=57919"}],"curies":[{"name":"wp","href":"https:\/\/api.w.org\/{rel}","templated":true}]}}