{"id":57915,"date":"2023-01-11T10:38:57","date_gmt":"2023-01-11T09:38:57","guid":{"rendered":"https:\/\/grosjeanvins.it\/?post_type=product&#038;p=57915"},"modified":"2024-11-21T09:12:53","modified_gmt":"2024-11-21T08:12:53","slug":"clairet-vin-rouge","status":"publish","type":"product","link":"https:\/\/grosjeanvins.it\/fr\/prodotto\/clairet-vin-rouge\/","title":{"rendered":"Clairet Vin Rouge"},"content":{"rendered":"<p><b>Zone de production<\/b><span style=\"font-weight: 400\">: Municipalit\u00e9 de Quart<\/span><\/p>\n<p><b>Surface: <\/b><span style=\"font-weight: 400\">Ha 0.2<\/span><\/p>\n<p><b>Culture de la vigne: <\/b><span style=\"font-weight: 400\">Guyot<\/span><\/p>\n<p><b>Exposition: <\/b><span style=\"font-weight: 400\">sud<\/span><\/p>\n<p><b>Altitude:<\/b><span style=\"font-weight: 400\"> 600\/700 mt asl<\/span><\/p>\n<p><b>Ann\u00e9e de plantation: <\/b><span style=\"font-weight: 400\">2016<\/span><\/p>\n<p><b>Recolte: <\/b><span style=\"font-weight: 400\">mi octobre<\/span><\/p>\n<p>&nbsp;<\/p>\n<p><b>Variet\u00e9<\/b><span style=\"font-weight: 400\">: assemblage d\u2019anciens c\u00e9pages de vieilles vignes<\/span><\/p>\n<p><b>Vinification: <\/b><span style=\"font-weight: 400\">court passerillage naturel. Grappes \u00e9rafl\u00e9es, mac\u00e9ration pour 14\/16 jour et remontage \u00e0 24\u00b0.<\/span><\/p>\n<p><b>Elevage: <\/b><span style=\"font-weight: 400\">en tonneaux pour 24 mois et 12 mois en bouteille<\/span><\/p>\n<p><b>Temp\u00e9rature de service: <\/b><span style=\"font-weight: 400\">18-20 C<\/span><\/p>\n<p><b>Production: <\/b><span style=\"font-weight: 400\">350 bouteilles en 2019<\/span><\/p>\n<p><span style=\"font-weight: 400\">Potentiel de vieillissement de 5 \u00e0 6 ans<\/span><\/p>\n<p><i><span style=\"font-weight: 400\">Selection BIO<\/span><\/i><\/p>\n<p>&nbsp;<\/p>\n<p><i><span style=\"font-weight: 400\">Vins Classiques<\/span><\/i><\/p>\n<p><i><span style=\"font-weight: 400\">Cette s\u00e9lection repr\u00e9sente l\u2019\u00e9l\u00e9gance et la simplicit\u00e9. Plusieurs vignobles et l\u2019exp\u00e9rience des vignerons ont cr\u00e9er l&#8217;impeccable qualit\u00e9 de cette gamme.<\/span><\/i><\/p>\n","protected":false},"excerpt":{"rendered":"<p>Robe: rubis intense<\/p>\n<p>Arome: flor\u00e9al avec notes vari\u00e9tales caract\u00e9ristiques<\/p>\n<p>Saveur: fruits de bois, mure et framboises, tannins d\u00e9licats et bonne fraicheur.<\/p>\n<p>Bonne vieillissement de 8\/10 ans en bouteille<\/p>\n","protected":false},"featured_media":479,"comment_status":"open","ping_status":"closed","template":"","meta":{"_acf_changed":false,"_monsterinsights_skip_tracking":false,"_monsterinsights_sitenote_active":false,"_monsterinsights_sitenote_note":"","_monsterinsights_sitenote_category":0},"product_brand":[],"product_cat":[289],"product_tag":[],"class_list":{"0":"post-57915","1":"product","2":"type-product","3":"status-publish","4":"has-post-thumbnail","6":"product_cat-edition-limite","8":"first","9":"instock","10":"taxable","11":"shipping-taxable","12":"purchasable","13":"product-type-simple"},"bundled_by":[],"bundle_stock_status":"instock","bundle_stock_quantity":null,"bundle_virtual":false,"bundle_layout":"","bundle_add_to_cart_form_location":"","bundle_editable_in_cart":false,"bundle_sold_individually_context":"","bundle_item_grouping":"","bundle_min_size":"","bundle_max_size":"","bundle_price":[],"bundled_items":[],"bundle_sell_ids":[],"yoast_head":"<!-- This site is optimized with the Yoast SEO plugin v27.2 - https:\/\/yoast.com\/product\/yoast-seo-wordpress\/ -->\n<title>Acquista Clairet Vin Rouge Online | Direttamente dal Produttore | Grosjean Vins<\/title>\n<meta name=\"robots\" content=\"index, follow, max-snippet:-1, max-image-preview:large, max-video-preview:-1\" \/>\n<link rel=\"canonical\" href=\"https:\/\/grosjeanvins.it\/prodotto\/clairet\/\" \/>\n<meta property=\"og:locale\" content=\"fr_FR\" \/>\n<meta property=\"og:type\" content=\"article\" \/>\n<meta property=\"og:title\" content=\"Acquista Clairet Vin Rouge Online | Direttamente dal Produttore | Grosjean Vins\" \/>\n<meta property=\"og:description\" content=\"Robe: rubis intense  Arome: flor\u00e9al avec notes vari\u00e9tales caract\u00e9ristiques  Saveur: fruits de bois, mure et framboises, tannins d\u00e9licats et bonne fraicheur.  Bonne vieillissement de 8\/10 ans en bouteille\" \/>\n<meta property=\"og:url\" content=\"https:\/\/grosjeanvins.it\/prodotto\/clairet\/\" \/>\n<meta property=\"og:site_name\" content=\"Grosjean Vins\" \/>\n<meta property=\"article:modified_time\" content=\"2024-11-21T08:12:53+00:00\" \/>\n<meta property=\"og:image\" content=\"https:\/\/grosjeanvins.it\/files\/2023\/01\/clairet-min.png\" \/>\n\t<meta property=\"og:image:width\" content=\"570\" \/>\n\t<meta property=\"og:image:height\" content=\"1350\" \/>\n\t<meta property=\"og:image:type\" content=\"image\/png\" \/>\n<meta name=\"twitter:card\" content=\"summary_large_image\" \/>\n<meta name=\"twitter:label1\" content=\"Est. reading time\" \/>\n\t<meta name=\"twitter:data1\" content=\"1 minute\" \/>\n<!-- \/ Yoast SEO plugin. -->","yoast_head_json":{"title":"Acquista Clairet Vin Rouge Online | Direttamente dal Produttore | Grosjean Vins","robots":{"index":"index","follow":"follow","max-snippet":"max-snippet:-1","max-image-preview":"max-image-preview:large","max-video-preview":"max-video-preview:-1"},"canonical":"https:\/\/grosjeanvins.it\/prodotto\/clairet\/","og_locale":"fr_FR","og_type":"article","og_title":"Acquista Clairet Vin Rouge Online | Direttamente dal Produttore | Grosjean Vins","og_description":"Robe: rubis intense  Arome: flor\u00e9al avec notes vari\u00e9tales caract\u00e9ristiques  Saveur: fruits de bois, mure et framboises, tannins d\u00e9licats et bonne fraicheur.  Bonne vieillissement de 8\/10 ans en bouteille","og_url":"https:\/\/grosjeanvins.it\/prodotto\/clairet\/","og_site_name":"Grosjean Vins","article_modified_time":"2024-11-21T08:12:53+00:00","og_image":[{"width":570,"height":1350,"url":"https:\/\/grosjeanvins.it\/files\/2023\/01\/clairet-min.png","type":"image\/png"}],"twitter_card":"summary_large_image","twitter_misc":{"Est. reading time":"1 minute"},"schema":{"@context":"https:\/\/schema.org","@graph":[{"@type":"WebPage","@id":"https:\/\/grosjeanvins.it\/prodotto\/clairet\/","url":"https:\/\/grosjeanvins.it\/prodotto\/clairet\/","name":"Acquista Clairet Vin Rouge Online | Direttamente dal Produttore | Grosjean Vins","isPartOf":{"@id":"https:\/\/grosjeanvins.it\/#website"},"primaryImageOfPage":{"@id":"https:\/\/grosjeanvins.it\/prodotto\/clairet\/#primaryimage"},"image":{"@id":"https:\/\/grosjeanvins.it\/prodotto\/clairet\/#primaryimage"},"thumbnailUrl":"https:\/\/grosjeanvins.it\/files\/2023\/01\/clairet-min.png","datePublished":"2023-01-11T09:38:57+00:00","dateModified":"2024-11-21T08:12:53+00:00","breadcrumb":{"@id":"https:\/\/grosjeanvins.it\/prodotto\/clairet\/#breadcrumb"},"inLanguage":"fr-FR","potentialAction":[{"@type":"ReadAction","target":["https:\/\/grosjeanvins.it\/prodotto\/clairet\/"]}]},{"@type":"ImageObject","inLanguage":"fr-FR","@id":"https:\/\/grosjeanvins.it\/prodotto\/clairet\/#primaryimage","url":"https:\/\/grosjeanvins.it\/files\/2023\/01\/clairet-min.png","contentUrl":"https:\/\/grosjeanvins.it\/files\/2023\/01\/clairet-min.png","width":570,"height":1350,"caption":"Clairet il nebbiolo picotendro vino rosso della Valle d'Aosta"},{"@type":"BreadcrumbList","@id":"https:\/\/grosjeanvins.it\/prodotto\/clairet\/#breadcrumb","itemListElement":[{"@type":"ListItem","position":1,"name":"Home","item":"https:\/\/grosjeanvins.it\/fr\/"},{"@type":"ListItem","position":2,"name":"Boutique","item":"https:\/\/grosjeanvins.it\/fr\/boutique\/"},{"@type":"ListItem","position":3,"name":"Edition limit\u00e9","item":"https:\/\/grosjeanvins.it\/fr\/categoria-prodotto\/edition-limite\/"},{"@type":"ListItem","position":4,"name":"Clairet Vin Rouge"}]},{"@type":"WebSite","@id":"https:\/\/grosjeanvins.it\/#website","url":"https:\/\/grosjeanvins.it\/","name":"Grosjean Vins","description":"Produttori di Vino in Valle d&#039;Aosta","publisher":{"@id":"https:\/\/grosjeanvins.it\/#organization"},"potentialAction":[{"@type":"SearchAction","target":{"@type":"EntryPoint","urlTemplate":"https:\/\/grosjeanvins.it\/?s={search_term_string}"},"query-input":{"@type":"PropertyValueSpecification","valueRequired":true,"valueName":"search_term_string"}}],"inLanguage":"fr-FR"},{"@type":"Organization","@id":"https:\/\/grosjeanvins.it\/#organization","name":"Grosjean Vins","url":"https:\/\/grosjeanvins.it\/","logo":{"@type":"ImageObject","inLanguage":"fr-FR","@id":"https:\/\/grosjeanvins.it\/#\/schema\/logo\/image\/","url":"","contentUrl":"","caption":"Grosjean Vins"},"image":{"@id":"https:\/\/grosjeanvins.it\/#\/schema\/logo\/image\/"}}]}},"acf":[],"_links":{"self":[{"href":"https:\/\/grosjeanvins.it\/fr\/wp-json\/wp\/v2\/product\/57915","targetHints":{"allow":["GET"]}}],"collection":[{"href":"https:\/\/grosjeanvins.it\/fr\/wp-json\/wp\/v2\/product"}],"about":[{"href":"https:\/\/grosjeanvins.it\/fr\/wp-json\/wp\/v2\/types\/product"}],"replies":[{"embeddable":true,"href":"https:\/\/grosjeanvins.it\/fr\/wp-json\/wp\/v2\/comments?post=57915"}],"wp:featuredmedia":[{"embeddable":true,"href":"https:\/\/grosjeanvins.it\/fr\/wp-json\/wp\/v2\/media\/479"}],"wp:attachment":[{"href":"https:\/\/grosjeanvins.it\/fr\/wp-json\/wp\/v2\/media?parent=57915"}],"wp:term":[{"taxonomy":"product_brand","embeddable":true,"href":"https:\/\/grosjeanvins.it\/fr\/wp-json\/wp\/v2\/product_brand?post=57915"},{"taxonomy":"product_cat","embeddable":true,"href":"https:\/\/grosjeanvins.it\/fr\/wp-json\/wp\/v2\/product_cat?post=57915"},{"taxonomy":"product_tag","embeddable":true,"href":"https:\/\/grosjeanvins.it\/fr\/wp-json\/wp\/v2\/product_tag?post=57915"}],"curies":[{"name":"wp","href":"https:\/\/api.w.org\/{rel}","templated":true}]}}