{"id":57909,"date":"2023-01-11T10:59:05","date_gmt":"2023-01-11T09:59:05","guid":{"rendered":"https:\/\/grosjeanvins.it\/prodotto\/force-1968-extra-dry-vino-spumante-methode-charmat\/"},"modified":"2024-11-21T09:17:19","modified_gmt":"2024-11-21T08:17:19","slug":"force-1968-extra-dry-vino-spumante-metodo-martinotti","status":"publish","type":"product","link":"https:\/\/grosjeanvins.it\/fr\/prodotto\/force-1968-extra-dry-vino-spumante-metodo-martinotti\/","title":{"rendered":"Forc\u00e9 1968 Extra Dry Vino spumante Methode Charmat"},"content":{"rendered":"<p><strong>Surface:<\/strong><br \/>\nHa 0,8<\/p>\n<p><strong>Culture de la vigne:<\/strong><br \/>\nGuyot<\/p>\n<p><strong>Altitude:<\/strong><br \/>\n800\/900 mt snm<\/p>\n<p><strong>Position:<\/strong><br \/>\nEst e Sud-ouest<\/p>\n<p><strong>Sol:<\/strong><br \/>\nOrigine glaciaire, meuble avec une pr\u00e9valence de sable et un bon pourcentage de squelette<\/p>\n<p><strong>Op\u00e9rations agricoles:<\/strong><br \/>\nTravail du sol en sous-rang\u00e9e 3 fois par an, hersage et semis d\u2019engrais \u00e0 rangs altern\u00e9s. Apport de fumier bovin tous les 5\/6 ans. Gestion des maladies cryptogamiques selon la m\u00e9thodologie de l\u2019agriculture biologique, en utilisant exclusivement du cuivre et du soufre.  <\/p>\n<p><strong>Ann\u00e9e de plantation:<\/strong><br \/>\n2000<\/p>\n<p>&nbsp;<\/p>\n","protected":false},"excerpt":{"rendered":"<p>Robe: blanche brillant<\/p>\n<p>Arome: fruit\u00e9, flor\u00e9ale. Notes charact\u00e9ristique du c\u00e9page.<\/p>\n<p>Saveur: bonne fraicheurs et sapidit\u00e9.<\/p>\n","protected":false},"featured_media":497,"comment_status":"open","ping_status":"closed","template":"","meta":{"_acf_changed":false,"_monsterinsights_skip_tracking":false,"_monsterinsights_sitenote_active":false,"_monsterinsights_sitenote_note":"","_monsterinsights_sitenote_category":0},"product_brand":[],"product_cat":[291],"product_tag":[],"class_list":{"0":"post-57909","1":"product","2":"type-product","3":"status-publish","4":"has-post-thumbnail","6":"product_cat-bulles","8":"first","9":"instock","10":"taxable","11":"shipping-taxable","12":"purchasable","13":"product-type-simple"},"bundled_by":["59209"],"bundle_stock_status":"instock","bundle_stock_quantity":null,"bundle_virtual":false,"bundle_layout":"","bundle_add_to_cart_form_location":"","bundle_editable_in_cart":false,"bundle_sold_individually_context":"","bundle_item_grouping":"","bundle_min_size":"","bundle_max_size":"","bundle_price":[],"bundled_items":[],"bundle_sell_ids":[],"yoast_head":"<!-- This site is optimized with the Yoast SEO plugin v27.2 - https:\/\/yoast.com\/product\/yoast-seo-wordpress\/ -->\n<title>Acquista Forc\u00e9 1968 Extra Dry Vino spumante Methode Charmat Online | Direttamente dal Produttore | Grosjean Vins<\/title>\n<meta name=\"robots\" content=\"index, follow, max-snippet:-1, max-image-preview:large, max-video-preview:-1\" \/>\n<link rel=\"canonical\" href=\"https:\/\/grosjeanvins.it\/prodotto\/force-1968-extra-dry-vino-spumante-metodo-martinotti\/\" \/>\n<meta property=\"og:locale\" content=\"fr_FR\" \/>\n<meta property=\"og:type\" content=\"article\" \/>\n<meta property=\"og:title\" content=\"Acquista Forc\u00e9 1968 Extra Dry Vino spumante Methode Charmat Online | Direttamente dal Produttore | Grosjean Vins\" \/>\n<meta property=\"og:description\" content=\"Robe: blanche brillant Arome: fruit\u00e9, flor\u00e9ale. Notes charact\u00e9ristique du c\u00e9page. Saveur: bonne fraicheurs et sapidit\u00e9.\" \/>\n<meta property=\"og:url\" content=\"https:\/\/grosjeanvins.it\/prodotto\/force-1968-extra-dry-vino-spumante-metodo-martinotti\/\" \/>\n<meta property=\"og:site_name\" content=\"Grosjean Vins\" \/>\n<meta property=\"article:modified_time\" content=\"2024-11-21T08:17:19+00:00\" \/>\n<meta property=\"og:image\" content=\"https:\/\/grosjeanvins.it\/files\/2023\/01\/force_1968-min.png\" \/>\n\t<meta property=\"og:image:width\" content=\"570\" \/>\n\t<meta property=\"og:image:height\" content=\"1350\" \/>\n\t<meta property=\"og:image:type\" content=\"image\/png\" \/>\n<meta name=\"twitter:card\" content=\"summary_large_image\" \/>\n<!-- \/ Yoast SEO plugin. -->","yoast_head_json":{"title":"Acquista Forc\u00e9 1968 Extra Dry Vino spumante Methode Charmat Online | Direttamente dal Produttore | Grosjean Vins","robots":{"index":"index","follow":"follow","max-snippet":"max-snippet:-1","max-image-preview":"max-image-preview:large","max-video-preview":"max-video-preview:-1"},"canonical":"https:\/\/grosjeanvins.it\/prodotto\/force-1968-extra-dry-vino-spumante-metodo-martinotti\/","og_locale":"fr_FR","og_type":"article","og_title":"Acquista Forc\u00e9 1968 Extra Dry Vino spumante Methode Charmat Online | Direttamente dal Produttore | Grosjean Vins","og_description":"Robe: blanche brillant Arome: fruit\u00e9, flor\u00e9ale. Notes charact\u00e9ristique du c\u00e9page. Saveur: bonne fraicheurs et sapidit\u00e9.","og_url":"https:\/\/grosjeanvins.it\/prodotto\/force-1968-extra-dry-vino-spumante-metodo-martinotti\/","og_site_name":"Grosjean Vins","article_modified_time":"2024-11-21T08:17:19+00:00","og_image":[{"width":570,"height":1350,"url":"https:\/\/grosjeanvins.it\/files\/2023\/01\/force_1968-min.png","type":"image\/png"}],"twitter_card":"summary_large_image","schema":{"@context":"https:\/\/schema.org","@graph":[{"@type":"WebPage","@id":"https:\/\/grosjeanvins.it\/prodotto\/force-1968-extra-dry-vino-spumante-metodo-martinotti\/","url":"https:\/\/grosjeanvins.it\/prodotto\/force-1968-extra-dry-vino-spumante-metodo-martinotti\/","name":"Acquista Forc\u00e9 1968 Extra Dry Vino spumante Methode Charmat Online | Direttamente dal Produttore | Grosjean Vins","isPartOf":{"@id":"https:\/\/grosjeanvins.it\/#website"},"primaryImageOfPage":{"@id":"https:\/\/grosjeanvins.it\/prodotto\/force-1968-extra-dry-vino-spumante-metodo-martinotti\/#primaryimage"},"image":{"@id":"https:\/\/grosjeanvins.it\/prodotto\/force-1968-extra-dry-vino-spumante-metodo-martinotti\/#primaryimage"},"thumbnailUrl":"https:\/\/grosjeanvins.it\/files\/2023\/01\/force_1968-min.png","datePublished":"2023-01-11T09:59:05+00:00","dateModified":"2024-11-21T08:17:19+00:00","breadcrumb":{"@id":"https:\/\/grosjeanvins.it\/prodotto\/force-1968-extra-dry-vino-spumante-metodo-martinotti\/#breadcrumb"},"inLanguage":"fr-FR","potentialAction":[{"@type":"ReadAction","target":["https:\/\/grosjeanvins.it\/prodotto\/force-1968-extra-dry-vino-spumante-metodo-martinotti\/"]}]},{"@type":"ImageObject","inLanguage":"fr-FR","@id":"https:\/\/grosjeanvins.it\/prodotto\/force-1968-extra-dry-vino-spumante-metodo-martinotti\/#primaryimage","url":"https:\/\/grosjeanvins.it\/files\/2023\/01\/force_1968-min.png","contentUrl":"https:\/\/grosjeanvins.it\/files\/2023\/01\/force_1968-min.png","width":570,"height":1350,"caption":"Forc\u00e9 1968 sparking wine aostavalley"},{"@type":"BreadcrumbList","@id":"https:\/\/grosjeanvins.it\/prodotto\/force-1968-extra-dry-vino-spumante-metodo-martinotti\/#breadcrumb","itemListElement":[{"@type":"ListItem","position":1,"name":"Home","item":"https:\/\/grosjeanvins.it\/fr\/"},{"@type":"ListItem","position":2,"name":"Boutique","item":"https:\/\/grosjeanvins.it\/fr\/boutique\/"},{"@type":"ListItem","position":3,"name":"Bulles","item":"https:\/\/grosjeanvins.it\/fr\/categoria-prodotto\/bulles\/"},{"@type":"ListItem","position":4,"name":"Forc\u00e9 1968 Extra Dry Vino spumante Methode Charmat"}]},{"@type":"WebSite","@id":"https:\/\/grosjeanvins.it\/#website","url":"https:\/\/grosjeanvins.it\/","name":"Grosjean Vins","description":"Produttori di Vino in Valle d&#039;Aosta","publisher":{"@id":"https:\/\/grosjeanvins.it\/#organization"},"potentialAction":[{"@type":"SearchAction","target":{"@type":"EntryPoint","urlTemplate":"https:\/\/grosjeanvins.it\/?s={search_term_string}"},"query-input":{"@type":"PropertyValueSpecification","valueRequired":true,"valueName":"search_term_string"}}],"inLanguage":"fr-FR"},{"@type":"Organization","@id":"https:\/\/grosjeanvins.it\/#organization","name":"Grosjean Vins","url":"https:\/\/grosjeanvins.it\/","logo":{"@type":"ImageObject","inLanguage":"fr-FR","@id":"https:\/\/grosjeanvins.it\/#\/schema\/logo\/image\/","url":"","contentUrl":"","caption":"Grosjean Vins"},"image":{"@id":"https:\/\/grosjeanvins.it\/#\/schema\/logo\/image\/"}}]}},"acf":[],"_links":{"self":[{"href":"https:\/\/grosjeanvins.it\/fr\/wp-json\/wp\/v2\/product\/57909","targetHints":{"allow":["GET"]}}],"collection":[{"href":"https:\/\/grosjeanvins.it\/fr\/wp-json\/wp\/v2\/product"}],"about":[{"href":"https:\/\/grosjeanvins.it\/fr\/wp-json\/wp\/v2\/types\/product"}],"replies":[{"embeddable":true,"href":"https:\/\/grosjeanvins.it\/fr\/wp-json\/wp\/v2\/comments?post=57909"}],"wp:featuredmedia":[{"embeddable":true,"href":"https:\/\/grosjeanvins.it\/fr\/wp-json\/wp\/v2\/media\/497"}],"wp:attachment":[{"href":"https:\/\/grosjeanvins.it\/fr\/wp-json\/wp\/v2\/media?parent=57909"}],"wp:term":[{"taxonomy":"product_brand","embeddable":true,"href":"https:\/\/grosjeanvins.it\/fr\/wp-json\/wp\/v2\/product_brand?post=57909"},{"taxonomy":"product_cat","embeddable":true,"href":"https:\/\/grosjeanvins.it\/fr\/wp-json\/wp\/v2\/product_cat?post=57909"},{"taxonomy":"product_tag","embeddable":true,"href":"https:\/\/grosjeanvins.it\/fr\/wp-json\/wp\/v2\/product_tag?post=57909"}],"curies":[{"name":"wp","href":"https:\/\/api.w.org\/{rel}","templated":true}]}}