{"id":57835,"date":"2023-01-11T11:20:37","date_gmt":"2023-01-11T10:20:37","guid":{"rendered":"https:\/\/grosjeanvins.it\/?post_type=product&#038;p=57835"},"modified":"2025-11-10T12:17:00","modified_gmt":"2025-11-10T11:17:00","slug":"57835","status":"publish","type":"product","link":"https:\/\/grosjeanvins.it\/fr\/prodotto\/57835\/","title":{"rendered":"Pinot Noir &#8220;Les Fr\u00e8res&#8221;"},"content":{"rendered":"<p><b><i>Valle d\u2019Aosta DOC<\/i><\/b><\/p>\n<p><b>PINOT NOIR<\/b><\/p>\n<p><b><i>\u201cLes Fr\u00e8res\u201d<\/i><\/b><\/p>\n<p><b>Zone de production<\/b><span style=\"font-weight: 400\">: Municipalit\u00e9 de Quart, Vigna Tzeriat<\/span><\/p>\n<p><b>Surface: <\/b><span style=\"font-weight: 400\">Ha 1<\/span><\/p>\n<p><b>Culture del la vigne: <\/b><span style=\"font-weight: 400\">Guyot\u00a0<\/span><\/p>\n<p><b>Exposition: <\/b><span style=\"font-weight: 400\">S, SO ; inclination 70-80%<\/span><\/p>\n<p><b>Altitude:<\/b><span style=\"font-weight: 400\"> 800\/900 mt snm<\/span><\/p>\n<p><b>Ann\u00e9e de plantation: <\/b><span style=\"font-weight: 400\">1968 &#8211; 2012<\/span><\/p>\n<p><b>Recolte: <\/b><span style=\"font-weight: 400\">\u00a0debut october<\/span><\/p>\n<p>&nbsp;<\/p>\n<p><b>Variet\u00e9<\/b><span style=\"font-weight: 400\">: Pinot Noir 100%<\/span><\/p>\n<p><b>Vinification: <\/b><span style=\"font-weight: 400\">30 % grappes \u00e9rafl\u00e9es, 70% grappes enti\u00e8res, seulement levures indig\u00e8nes. 12 jours de mac\u00e9ration et remontage 3 fois par jour \u00e0 une temp\u00e9rature de 28\/30 \u00b0.<\/span><\/p>\n<p><b>\u00e9levage: <\/b><span style=\"font-weight: 400\">en tonneaux pour 24 mois et 12 mois en bouteille<\/span><\/p>\n<p><b>Suggestion de service: <\/b><span style=\"font-weight: 400\">18-20 C<\/span><\/p>\n<p><b>Production: 13<\/b><span style=\"font-weight: 400\">00 bouteilles<\/span><\/p>\n<p><span style=\"font-weight: 400\">Potentiel de vieillissement de 5-6 ans<\/span><\/p>\n<p><i><span style=\"font-weight: 400\">Edition limit\u00e9<\/span><\/i><\/p>\n<p><br style=\"font-weight: 400\" \/><br style=\"font-weight: 400\" \/><\/p>\n","protected":false},"excerpt":{"rendered":"<p>Valle d\u2019Aosta DOC PINOT NOIR \u201cLes Fr\u00e8res\u201d Zone de production: Municipalit\u00e9 de Quart, Vigna Tzeriat Surface: Ha 1 Culture del la vigne: Guyot\u00a0 Exposition: S, SO ; inclination 70-80% Altitude: 800\/900 mt snm Ann\u00e9e de plantation: 1968 &#8211; 2012 Recolte: \u00a0debut october &nbsp; Variet\u00e9: Pinot Noir 100% Vinification: 30 % grappes \u00e9rafl\u00e9es, 70% grappes enti\u00e8res, [&hellip;]<\/p>\n","protected":false},"featured_media":563,"comment_status":"open","ping_status":"closed","template":"","meta":{"_acf_changed":false,"_monsterinsights_skip_tracking":false,"_monsterinsights_sitenote_active":false,"_monsterinsights_sitenote_note":"","_monsterinsights_sitenote_category":0},"product_brand":[],"product_cat":[289],"product_tag":[],"class_list":{"0":"post-57835","1":"product","2":"type-product","3":"status-publish","4":"has-post-thumbnail","6":"product_cat-edition-limite","8":"first","9":"instock","10":"taxable","11":"shipping-taxable","12":"purchasable","13":"product-type-simple"},"bundled_by":[],"bundle_stock_status":"instock","bundle_stock_quantity":null,"bundle_virtual":false,"bundle_layout":"","bundle_add_to_cart_form_location":"","bundle_editable_in_cart":false,"bundle_sold_individually_context":"","bundle_item_grouping":"","bundle_min_size":"","bundle_max_size":"","bundle_price":[],"bundled_items":[],"bundle_sell_ids":[],"yoast_head":"<!-- This site is optimized with the Yoast SEO plugin v27.3 - https:\/\/yoast.com\/product\/yoast-seo-wordpress\/ -->\n<title>Acquista Pinot Noir &quot;Les Fr\u00e8res&quot; Online | Direttamente dal Produttore | Grosjean Vins<\/title>\n<meta name=\"robots\" content=\"index, follow, max-snippet:-1, max-image-preview:large, max-video-preview:-1\" \/>\n<link rel=\"canonical\" href=\"https:\/\/grosjeanvins.it\/prodotto\/pinot-noir-les-freres-vallee-daoste-doc\/\" \/>\n<meta property=\"og:locale\" content=\"fr_FR\" \/>\n<meta property=\"og:type\" content=\"article\" \/>\n<meta property=\"og:title\" content=\"Acquista Pinot Noir &quot;Les Fr\u00e8res&quot; Online | Direttamente dal Produttore | Grosjean Vins\" \/>\n<meta property=\"og:description\" content=\"Valle d\u2019Aosta DOC PINOT NOIR \u201cLes Fr\u00e8res\u201d Zone de production: Municipalit\u00e9 de Quart, Vigna Tzeriat Surface: Ha 1 Culture del la vigne: Guyot\u00a0 Exposition: S, SO ; inclination 70-80% Altitude: 800\/900 mt snm Ann\u00e9e de plantation: 1968 &#8211; 2012 Recolte: \u00a0debut october &nbsp; Variet\u00e9: Pinot Noir 100% Vinification: 30 % grappes \u00e9rafl\u00e9es, 70% grappes enti\u00e8res, [&hellip;]\" \/>\n<meta property=\"og:url\" content=\"https:\/\/grosjeanvins.it\/prodotto\/pinot-noir-les-freres-vallee-daoste-doc\/\" \/>\n<meta property=\"og:site_name\" content=\"Grosjean Vins\" \/>\n<meta property=\"article:modified_time\" content=\"2025-11-10T11:17:00+00:00\" \/>\n<meta property=\"og:image\" content=\"https:\/\/grosjeanvins.it\/files\/2023\/01\/Pinot-Noir-Les-Freres-min.png\" \/>\n\t<meta property=\"og:image:width\" content=\"570\" \/>\n\t<meta property=\"og:image:height\" content=\"1350\" \/>\n\t<meta property=\"og:image:type\" content=\"image\/png\" \/>\n<meta name=\"twitter:card\" content=\"summary_large_image\" \/>\n<meta name=\"twitter:label1\" content=\"Est. reading time\" \/>\n\t<meta name=\"twitter:data1\" content=\"1 minute\" \/>\n<!-- \/ Yoast SEO plugin. -->","yoast_head_json":{"title":"Acquista Pinot Noir \"Les Fr\u00e8res\" Online | Direttamente dal Produttore | Grosjean Vins","robots":{"index":"index","follow":"follow","max-snippet":"max-snippet:-1","max-image-preview":"max-image-preview:large","max-video-preview":"max-video-preview:-1"},"canonical":"https:\/\/grosjeanvins.it\/prodotto\/pinot-noir-les-freres-vallee-daoste-doc\/","og_locale":"fr_FR","og_type":"article","og_title":"Acquista Pinot Noir \"Les Fr\u00e8res\" Online | Direttamente dal Produttore | Grosjean Vins","og_description":"Valle d\u2019Aosta DOC PINOT NOIR \u201cLes Fr\u00e8res\u201d Zone de production: Municipalit\u00e9 de Quart, Vigna Tzeriat Surface: Ha 1 Culture del la vigne: Guyot\u00a0 Exposition: S, SO ; inclination 70-80% Altitude: 800\/900 mt snm Ann\u00e9e de plantation: 1968 &#8211; 2012 Recolte: \u00a0debut october &nbsp; Variet\u00e9: Pinot Noir 100% Vinification: 30 % grappes \u00e9rafl\u00e9es, 70% grappes enti\u00e8res, [&hellip;]","og_url":"https:\/\/grosjeanvins.it\/prodotto\/pinot-noir-les-freres-vallee-daoste-doc\/","og_site_name":"Grosjean Vins","article_modified_time":"2025-11-10T11:17:00+00:00","og_image":[{"width":570,"height":1350,"url":"https:\/\/grosjeanvins.it\/files\/2023\/01\/Pinot-Noir-Les-Freres-min.png","type":"image\/png"}],"twitter_card":"summary_large_image","twitter_misc":{"Est. reading time":"1 minute"},"schema":{"@context":"https:\/\/schema.org","@graph":[{"@type":"WebPage","@id":"https:\/\/grosjeanvins.it\/prodotto\/pinot-noir-les-freres-vallee-daoste-doc\/","url":"https:\/\/grosjeanvins.it\/prodotto\/pinot-noir-les-freres-vallee-daoste-doc\/","name":"Acquista Pinot Noir \"Les Fr\u00e8res\" Online | Direttamente dal Produttore | Grosjean Vins","isPartOf":{"@id":"https:\/\/grosjeanvins.it\/#website"},"primaryImageOfPage":{"@id":"https:\/\/grosjeanvins.it\/prodotto\/pinot-noir-les-freres-vallee-daoste-doc\/#primaryimage"},"image":{"@id":"https:\/\/grosjeanvins.it\/prodotto\/pinot-noir-les-freres-vallee-daoste-doc\/#primaryimage"},"thumbnailUrl":"https:\/\/grosjeanvins.it\/files\/2023\/01\/Pinot-Noir-Les-Freres-min.png","datePublished":"2023-01-11T10:20:37+00:00","dateModified":"2025-11-10T11:17:00+00:00","breadcrumb":{"@id":"https:\/\/grosjeanvins.it\/prodotto\/pinot-noir-les-freres-vallee-daoste-doc\/#breadcrumb"},"inLanguage":"fr-FR","potentialAction":[{"@type":"ReadAction","target":["https:\/\/grosjeanvins.it\/prodotto\/pinot-noir-les-freres-vallee-daoste-doc\/"]}]},{"@type":"ImageObject","inLanguage":"fr-FR","@id":"https:\/\/grosjeanvins.it\/prodotto\/pinot-noir-les-freres-vallee-daoste-doc\/#primaryimage","url":"https:\/\/grosjeanvins.it\/files\/2023\/01\/Pinot-Noir-Les-Freres-min.png","contentUrl":"https:\/\/grosjeanvins.it\/files\/2023\/01\/Pinot-Noir-Les-Freres-min.png","width":570,"height":1350,"caption":"Pinot Noir Les Freres_limited_edition"},{"@type":"BreadcrumbList","@id":"https:\/\/grosjeanvins.it\/prodotto\/pinot-noir-les-freres-vallee-daoste-doc\/#breadcrumb","itemListElement":[{"@type":"ListItem","position":1,"name":"Home","item":"https:\/\/grosjeanvins.it\/fr\/"},{"@type":"ListItem","position":2,"name":"Boutique","item":"https:\/\/grosjeanvins.it\/fr\/boutique\/"},{"@type":"ListItem","position":3,"name":"Edition limit\u00e9","item":"https:\/\/grosjeanvins.it\/fr\/categoria-prodotto\/edition-limite\/"},{"@type":"ListItem","position":4,"name":"Pinot Noir &#8220;Les Fr\u00e8res&#8221;"}]},{"@type":"WebSite","@id":"https:\/\/grosjeanvins.it\/#website","url":"https:\/\/grosjeanvins.it\/","name":"Grosjean Vins","description":"Produttori di Vino in Valle d&#039;Aosta","publisher":{"@id":"https:\/\/grosjeanvins.it\/#organization"},"potentialAction":[{"@type":"SearchAction","target":{"@type":"EntryPoint","urlTemplate":"https:\/\/grosjeanvins.it\/?s={search_term_string}"},"query-input":{"@type":"PropertyValueSpecification","valueRequired":true,"valueName":"search_term_string"}}],"inLanguage":"fr-FR"},{"@type":"Organization","@id":"https:\/\/grosjeanvins.it\/#organization","name":"Grosjean Vins","url":"https:\/\/grosjeanvins.it\/","logo":{"@type":"ImageObject","inLanguage":"fr-FR","@id":"https:\/\/grosjeanvins.it\/#\/schema\/logo\/image\/","url":"","contentUrl":"","caption":"Grosjean Vins"},"image":{"@id":"https:\/\/grosjeanvins.it\/#\/schema\/logo\/image\/"}}]}},"acf":[],"_links":{"self":[{"href":"https:\/\/grosjeanvins.it\/fr\/wp-json\/wp\/v2\/product\/57835","targetHints":{"allow":["GET"]}}],"collection":[{"href":"https:\/\/grosjeanvins.it\/fr\/wp-json\/wp\/v2\/product"}],"about":[{"href":"https:\/\/grosjeanvins.it\/fr\/wp-json\/wp\/v2\/types\/product"}],"replies":[{"embeddable":true,"href":"https:\/\/grosjeanvins.it\/fr\/wp-json\/wp\/v2\/comments?post=57835"}],"wp:featuredmedia":[{"embeddable":true,"href":"https:\/\/grosjeanvins.it\/fr\/wp-json\/wp\/v2\/media\/563"}],"wp:attachment":[{"href":"https:\/\/grosjeanvins.it\/fr\/wp-json\/wp\/v2\/media?parent=57835"}],"wp:term":[{"taxonomy":"product_brand","embeddable":true,"href":"https:\/\/grosjeanvins.it\/fr\/wp-json\/wp\/v2\/product_brand?post=57835"},{"taxonomy":"product_cat","embeddable":true,"href":"https:\/\/grosjeanvins.it\/fr\/wp-json\/wp\/v2\/product_cat?post=57835"},{"taxonomy":"product_tag","embeddable":true,"href":"https:\/\/grosjeanvins.it\/fr\/wp-json\/wp\/v2\/product_tag?post=57835"}],"curies":[{"name":"wp","href":"https:\/\/api.w.org\/{rel}","templated":true}]}}