{"id":57833,"date":"2023-01-11T10:06:18","date_gmt":"2023-01-11T09:06:18","guid":{"rendered":"https:\/\/grosjeanvins.it\/?post_type=product&#038;p=57833"},"modified":"2026-01-05T14:11:09","modified_gmt":"2026-01-05T13:11:09","slug":"gamay-vallee-daoste-doc","status":"publish","type":"product","link":"https:\/\/grosjeanvins.it\/fr\/prodotto\/gamay-vallee-daoste-doc\/","title":{"rendered":"Gamay Vall\u00e9e d\u2019Aoste DOC"},"content":{"rendered":"<p><strong>Zone de production:<br \/>\n<\/strong>Communes de Quart, Saint Christophe, Villeneuve et Aymavilles<\/p>\n<p><strong>Surface:<br \/>\n<\/strong>2 ha<\/p>\n<p><strong>\u00c9levage:<br \/>\n<\/strong>Guyot<\/p>\n<p><strong>Exposition:<br \/>\n<\/strong>Sud, Sud-ouest avec pente de 50 \u00e0 70 %<\/p>\n<p><strong>Altitude des vignes:<br \/>\n<\/strong>600\/800 m d&#8217;altitude<\/p>\n<p><strong>Sol:<br \/>\n<\/strong>D&#8217;origine glaciaire, meuble, avec pr\u00e9dominance de sable et une bonne teneur en squelette<\/p>\n<p><strong>Op\u00e9rations culturales:<br \/>\n<\/strong>Travail du sol sous les rangs 3 fois par an, hersage et semis de couvert dans l&#8217;inter-rang \u00e0 rangs altern\u00e9s. Apport de fumier bovin tous les 5\/6 ans. Gestion des maladies cryptogamiques selon la m\u00e9thode de l&#8217;agriculture biologique, en utilisant uniquement du cuivre et du soufre<\/p>\n<p><strong>Ann\u00e9e de plantation:<br \/>\n<\/strong>De 1972 \u00e0 2010<\/p>\n","protected":false},"excerpt":{"rendered":"<p>Un c\u00e9page originaire de Bourgogne qui a trouv\u00e9 un emplacement id\u00e9al dans notre territoire \u00e0 une altitude comprise entre 700 et 850 m\u00e8tres d&#8217;altitude, sur des sols de montagne, escarp\u00e9s et ensoleill\u00e9s. Gamay en puret\u00e9 pour ce vin d&#8217;un bon \u00e9quilibre, de couleur rouge rubis brillante, avec un bouquet fruit\u00e9, la fraise en vedette, d\u00e9licatement intense, complexe, doux, d&#8217;une bonne fra\u00eecheur et avec de d\u00e9licates nuances tanniques. Excellent en accompagnement de charcuterie, motzetta et lard, ainsi que des soupes de la tradition vald\u00f4taine<\/p>\n","protected":false},"featured_media":521,"comment_status":"open","ping_status":"closed","template":"","meta":{"_acf_changed":false,"_monsterinsights_skip_tracking":false,"_monsterinsights_sitenote_active":false,"_monsterinsights_sitenote_note":"","_monsterinsights_sitenote_category":0},"product_brand":[],"product_cat":[293],"product_tag":[],"class_list":{"0":"post-57833","1":"product","2":"type-product","3":"status-publish","4":"has-post-thumbnail","6":"product_cat-vins-classiques","8":"first","9":"outofstock","10":"taxable","11":"shipping-taxable","12":"purchasable","13":"product-type-simple"},"bundled_by":[],"bundle_stock_status":"outofstock","bundle_stock_quantity":null,"bundle_virtual":false,"bundle_layout":"","bundle_add_to_cart_form_location":"","bundle_editable_in_cart":false,"bundle_sold_individually_context":"","bundle_item_grouping":"","bundle_min_size":"","bundle_max_size":"","bundle_price":[],"bundled_items":[],"bundle_sell_ids":[],"yoast_head":"<!-- This site is optimized with the Yoast SEO plugin v27.3 - https:\/\/yoast.com\/product\/yoast-seo-wordpress\/ -->\n<title>Acquista Gamay Vall\u00e9e d\u2019Aoste DOC Online | Direttamente dal Produttore | Grosjean Vins<\/title>\n<meta name=\"robots\" content=\"index, follow, max-snippet:-1, max-image-preview:large, max-video-preview:-1\" \/>\n<link rel=\"canonical\" href=\"https:\/\/grosjeanvins.it\/fr\/prodotto\/gamay-vallee-daoste-doc\/\" \/>\n<meta property=\"og:locale\" content=\"fr_FR\" \/>\n<meta property=\"og:type\" content=\"article\" \/>\n<meta property=\"og:title\" content=\"Acquista Gamay Vall\u00e9e d\u2019Aoste DOC Online | Direttamente dal Produttore | Grosjean Vins\" \/>\n<meta property=\"og:description\" content=\"Un c\u00e9page originaire de Bourgogne qui a trouv\u00e9 un emplacement id\u00e9al dans notre territoire \u00e0 une altitude comprise entre 700 et 850 m\u00e8tres d&#039;altitude, sur des sols de montagne, escarp\u00e9s et ensoleill\u00e9s. Gamay en puret\u00e9 pour ce vin d&#039;un bon \u00e9quilibre, de couleur rouge rubis brillante, avec un bouquet fruit\u00e9, la fraise en vedette, d\u00e9licatement intense, complexe, doux, d&#039;une bonne fra\u00eecheur et avec de d\u00e9licates nuances tanniques. Excellent en accompagnement de charcuterie, motzetta et lard, ainsi que des soupes de la tradition vald\u00f4taine\" \/>\n<meta property=\"og:url\" content=\"https:\/\/grosjeanvins.it\/fr\/prodotto\/gamay-vallee-daoste-doc\/\" \/>\n<meta property=\"og:site_name\" content=\"Grosjean Vins\" \/>\n<meta property=\"article:modified_time\" content=\"2026-01-05T13:11:09+00:00\" \/>\n<meta property=\"og:image\" content=\"https:\/\/grosjeanvins.it\/files\/2023\/01\/Gamay-min.png\" \/>\n\t<meta property=\"og:image:width\" content=\"570\" \/>\n\t<meta property=\"og:image:height\" content=\"1350\" \/>\n\t<meta property=\"og:image:type\" content=\"image\/png\" \/>\n<meta name=\"twitter:card\" content=\"summary_large_image\" \/>\n<meta name=\"twitter:label1\" content=\"Est. reading time\" \/>\n\t<meta name=\"twitter:data1\" content=\"1 minute\" \/>\n<!-- \/ Yoast SEO plugin. -->","yoast_head_json":{"title":"Acquista Gamay Vall\u00e9e d\u2019Aoste DOC Online | Direttamente dal Produttore | Grosjean Vins","robots":{"index":"index","follow":"follow","max-snippet":"max-snippet:-1","max-image-preview":"max-image-preview:large","max-video-preview":"max-video-preview:-1"},"canonical":"https:\/\/grosjeanvins.it\/fr\/prodotto\/gamay-vallee-daoste-doc\/","og_locale":"fr_FR","og_type":"article","og_title":"Acquista Gamay Vall\u00e9e d\u2019Aoste DOC Online | Direttamente dal Produttore | Grosjean Vins","og_description":"Un c\u00e9page originaire de Bourgogne qui a trouv\u00e9 un emplacement id\u00e9al dans notre territoire \u00e0 une altitude comprise entre 700 et 850 m\u00e8tres d'altitude, sur des sols de montagne, escarp\u00e9s et ensoleill\u00e9s. Gamay en puret\u00e9 pour ce vin d'un bon \u00e9quilibre, de couleur rouge rubis brillante, avec un bouquet fruit\u00e9, la fraise en vedette, d\u00e9licatement intense, complexe, doux, d'une bonne fra\u00eecheur et avec de d\u00e9licates nuances tanniques. Excellent en accompagnement de charcuterie, motzetta et lard, ainsi que des soupes de la tradition vald\u00f4taine","og_url":"https:\/\/grosjeanvins.it\/fr\/prodotto\/gamay-vallee-daoste-doc\/","og_site_name":"Grosjean Vins","article_modified_time":"2026-01-05T13:11:09+00:00","og_image":[{"width":570,"height":1350,"url":"https:\/\/grosjeanvins.it\/files\/2023\/01\/Gamay-min.png","type":"image\/png"}],"twitter_card":"summary_large_image","twitter_misc":{"Est. reading time":"1 minute"},"schema":{"@context":"https:\/\/schema.org","@graph":[{"@type":"WebPage","@id":"https:\/\/grosjeanvins.it\/fr\/prodotto\/gamay-vallee-daoste-doc\/","url":"https:\/\/grosjeanvins.it\/fr\/prodotto\/gamay-vallee-daoste-doc\/","name":"Acquista Gamay Vall\u00e9e d\u2019Aoste DOC Online | Direttamente dal Produttore | Grosjean Vins","isPartOf":{"@id":"https:\/\/grosjeanvins.it\/#website"},"primaryImageOfPage":{"@id":"https:\/\/grosjeanvins.it\/fr\/prodotto\/gamay-vallee-daoste-doc\/#primaryimage"},"image":{"@id":"https:\/\/grosjeanvins.it\/fr\/prodotto\/gamay-vallee-daoste-doc\/#primaryimage"},"thumbnailUrl":"https:\/\/grosjeanvins.it\/files\/2023\/01\/Gamay-min.png","datePublished":"2023-01-11T09:06:18+00:00","dateModified":"2026-01-05T13:11:09+00:00","breadcrumb":{"@id":"https:\/\/grosjeanvins.it\/fr\/prodotto\/gamay-vallee-daoste-doc\/#breadcrumb"},"inLanguage":"fr-FR","potentialAction":[{"@type":"ReadAction","target":["https:\/\/grosjeanvins.it\/fr\/prodotto\/gamay-vallee-daoste-doc\/"]}]},{"@type":"ImageObject","inLanguage":"fr-FR","@id":"https:\/\/grosjeanvins.it\/fr\/prodotto\/gamay-vallee-daoste-doc\/#primaryimage","url":"https:\/\/grosjeanvins.it\/files\/2023\/01\/Gamay-min.png","contentUrl":"https:\/\/grosjeanvins.it\/files\/2023\/01\/Gamay-min.png","width":570,"height":1350,"caption":"Gamay_red_wine_aostavalley_italy"},{"@type":"BreadcrumbList","@id":"https:\/\/grosjeanvins.it\/fr\/prodotto\/gamay-vallee-daoste-doc\/#breadcrumb","itemListElement":[{"@type":"ListItem","position":1,"name":"Home","item":"https:\/\/grosjeanvins.it\/fr\/"},{"@type":"ListItem","position":2,"name":"Boutique","item":"https:\/\/grosjeanvins.it\/fr\/boutique\/"},{"@type":"ListItem","position":3,"name":"Vins classiques","item":"https:\/\/grosjeanvins.it\/fr\/categoria-prodotto\/vins-classiques\/"},{"@type":"ListItem","position":4,"name":"Gamay Vall\u00e9e d\u2019Aoste DOC"}]},{"@type":"WebSite","@id":"https:\/\/grosjeanvins.it\/#website","url":"https:\/\/grosjeanvins.it\/","name":"Grosjean Vins","description":"Produttori di Vino in Valle d&#039;Aosta","publisher":{"@id":"https:\/\/grosjeanvins.it\/#organization"},"potentialAction":[{"@type":"SearchAction","target":{"@type":"EntryPoint","urlTemplate":"https:\/\/grosjeanvins.it\/?s={search_term_string}"},"query-input":{"@type":"PropertyValueSpecification","valueRequired":true,"valueName":"search_term_string"}}],"inLanguage":"fr-FR"},{"@type":"Organization","@id":"https:\/\/grosjeanvins.it\/#organization","name":"Grosjean Vins","url":"https:\/\/grosjeanvins.it\/","logo":{"@type":"ImageObject","inLanguage":"fr-FR","@id":"https:\/\/grosjeanvins.it\/#\/schema\/logo\/image\/","url":"","contentUrl":"","caption":"Grosjean Vins"},"image":{"@id":"https:\/\/grosjeanvins.it\/#\/schema\/logo\/image\/"}}]}},"acf":[],"_links":{"self":[{"href":"https:\/\/grosjeanvins.it\/fr\/wp-json\/wp\/v2\/product\/57833","targetHints":{"allow":["GET"]}}],"collection":[{"href":"https:\/\/grosjeanvins.it\/fr\/wp-json\/wp\/v2\/product"}],"about":[{"href":"https:\/\/grosjeanvins.it\/fr\/wp-json\/wp\/v2\/types\/product"}],"replies":[{"embeddable":true,"href":"https:\/\/grosjeanvins.it\/fr\/wp-json\/wp\/v2\/comments?post=57833"}],"wp:featuredmedia":[{"embeddable":true,"href":"https:\/\/grosjeanvins.it\/fr\/wp-json\/wp\/v2\/media\/521"}],"wp:attachment":[{"href":"https:\/\/grosjeanvins.it\/fr\/wp-json\/wp\/v2\/media?parent=57833"}],"wp:term":[{"taxonomy":"product_brand","embeddable":true,"href":"https:\/\/grosjeanvins.it\/fr\/wp-json\/wp\/v2\/product_brand?post=57833"},{"taxonomy":"product_cat","embeddable":true,"href":"https:\/\/grosjeanvins.it\/fr\/wp-json\/wp\/v2\/product_cat?post=57833"},{"taxonomy":"product_tag","embeddable":true,"href":"https:\/\/grosjeanvins.it\/fr\/wp-json\/wp\/v2\/product_tag?post=57833"}],"curies":[{"name":"wp","href":"https:\/\/api.w.org\/{rel}","templated":true}]}}