{"id":58432,"date":"2023-01-24T09:19:58","date_gmt":"2023-01-24T08:19:58","guid":{"rendered":"https:\/\/grosjeanvins.it\/frais-de-livraison\/"},"modified":"2024-02-07T16:13:40","modified_gmt":"2024-02-07T15:13:40","slug":"frais-de-livraison","status":"publish","type":"page","link":"https:\/\/grosjeanvins.it\/fr\/frais-de-livraison\/","title":{"rendered":"Frais de livraison"},"content":{"rendered":"\n<h4 class=\"wp-block-heading\">FRAIS DE LIVRAISON<\/h4>\n\n<p>La preparation de la commande peut demander 1-2 jours ouvrables. Une fois emball\u00e9e, le colis est expedi\u00e9e et livr\u00e9e en g\u00e9n\u00e9ral en 2-3 jours. Les exp\u00e9dition le jeudi et vendredi ne seront pas effectu\u00e9s, sinon sous sp\u00e9cifique demande, pour \u00e9viter les permanences aux d\u00e9pots.<\/p>\n\n<p>Pas de livraison hors Union Europ\u00e9en. Pays pour lesquelles la livraison sera possible: Andorra, Austria, Belgio, Cipro, Estonia, Finlandia, Francia, Germania, Grecia, Irlanda, Italia, Lettonia, Lituania, Lussemburgo, Malta, Monaco, Paesi Bassi, Portogallo, San Marino, Slovacchia, Slovenia, Spagna e Vaticano.<\/p>\n\n<p>Les frais de port sont TOUJOURS GRATUITS pour l&#8217;Italie et \u00e0 partir de 40\u20ac pour toute autres destinations.<\/p>\n\n<h4 class=\"wp-block-heading\">DELAIS DE LIVRAISON<\/h4>\n\n<p>La commande sera remis en 3\/4 jours ouvrables \u00e0 l&#8217;adresse indiqu\u00e9e sur le bon de commande. La livraison sera pendant les horaires ouvrables et uniquement dans les jours ouvrables. On vous conseille d&#8217;indiquer une addresse de livraison ou il y aura quelqu&#8217;un pour recevoir le colis.<\/p>\n\n<h4 class=\"wp-block-heading\">REMBOURSEMENT AU 100%<\/h4>\n\n<p>En cas de rupture d&#8217;une bouteille elle sera remplac\u00e9e \u00e0 nos d\u00e9penses.<\/p>\n","protected":false},"excerpt":{"rendered":"<p>FRAIS DE LIVRAISON La preparation de la commande peut demander 1-2 jours ouvrables. Une fois emball\u00e9e, le colis est expedi\u00e9e et livr\u00e9e en g\u00e9n\u00e9ral en 2-3 jours. Les exp\u00e9dition le jeudi et vendredi ne seront pas effectu\u00e9s, sinon sous sp\u00e9cifique demande, pour \u00e9viter les permanences aux d\u00e9pots. Pas de livraison hors Union Europ\u00e9en. Pays pour [&hellip;]<\/p>\n","protected":false},"author":22554,"featured_media":0,"parent":0,"menu_order":99,"comment_status":"closed","ping_status":"closed","template":"","meta":{"_acf_changed":false,"_monsterinsights_skip_tracking":false,"_monsterinsights_sitenote_active":false,"_monsterinsights_sitenote_note":"","_monsterinsights_sitenote_category":0,"footnotes":""},"class_list":["post-58432","page","type-page","status-publish","hentry"],"yoast_head":"<!-- This site is optimized with the Yoast SEO plugin v27.3 - https:\/\/yoast.com\/product\/yoast-seo-wordpress\/ -->\n<title>Frais de livraison | Produttori di Vino in Valle d&#039;Aosta | Grosjean Vins<\/title>\n<meta name=\"description\" content=\"FRAIS DE LIVRAISON La preparation de la commande peut demander 1-2 jours ouvrables. Une fois emball\u00e9e, le colis est expedi\u00e9e et livr\u00e9e en g\u00e9n\u00e9ral en 2-3\" \/>\n<meta name=\"robots\" content=\"noindex, follow\" \/>\n<meta property=\"og:locale\" content=\"fr_FR\" \/>\n<meta property=\"og:type\" content=\"article\" \/>\n<meta property=\"og:title\" content=\"Frais de livraison | Produttori di Vino in Valle d&#039;Aosta | Grosjean Vins\" \/>\n<meta property=\"og:description\" content=\"FRAIS DE LIVRAISON La preparation de la commande peut demander 1-2 jours ouvrables. Une fois emball\u00e9e, le colis est expedi\u00e9e et livr\u00e9e en g\u00e9n\u00e9ral en 2-3\" \/>\n<meta property=\"og:url\" content=\"https:\/\/grosjeanvins.it\/fr\/frais-de-livraison\/\" \/>\n<meta property=\"og:site_name\" content=\"Grosjean Vins\" \/>\n<meta property=\"article:modified_time\" content=\"2024-02-07T15:13:40+00:00\" \/>\n<meta name=\"twitter:card\" content=\"summary_large_image\" \/>\n<meta name=\"twitter:label1\" content=\"Est. reading time\" \/>\n\t<meta name=\"twitter:data1\" content=\"1 minute\" \/>\n<!-- \/ Yoast SEO plugin. -->","yoast_head_json":{"title":"Frais de livraison | Produttori di Vino in Valle d&#039;Aosta | Grosjean Vins","description":"FRAIS DE LIVRAISON La preparation de la commande peut demander 1-2 jours ouvrables. Une fois emball\u00e9e, le colis est expedi\u00e9e et livr\u00e9e en g\u00e9n\u00e9ral en 2-3","robots":{"index":"noindex","follow":"follow"},"og_locale":"fr_FR","og_type":"article","og_title":"Frais de livraison | Produttori di Vino in Valle d&#039;Aosta | Grosjean Vins","og_description":"FRAIS DE LIVRAISON La preparation de la commande peut demander 1-2 jours ouvrables. Une fois emball\u00e9e, le colis est expedi\u00e9e et livr\u00e9e en g\u00e9n\u00e9ral en 2-3","og_url":"https:\/\/grosjeanvins.it\/fr\/frais-de-livraison\/","og_site_name":"Grosjean Vins","article_modified_time":"2024-02-07T15:13:40+00:00","twitter_card":"summary_large_image","twitter_misc":{"Est. reading time":"1 minute"},"schema":{"@context":"https:\/\/schema.org","@graph":[{"@type":"WebPage","@id":"https:\/\/grosjeanvins.it\/fr\/frais-de-livraison\/","url":"https:\/\/grosjeanvins.it\/fr\/frais-de-livraison\/","name":"Frais de livraison | Produttori di Vino in Valle d&#039;Aosta | Grosjean Vins","isPartOf":{"@id":"https:\/\/grosjeanvins.it\/#website"},"datePublished":"2023-01-24T08:19:58+00:00","dateModified":"2024-02-07T15:13:40+00:00","description":"FRAIS DE LIVRAISON La preparation de la commande peut demander 1-2 jours ouvrables. Une fois emball\u00e9e, le colis est expedi\u00e9e et livr\u00e9e en g\u00e9n\u00e9ral en 2-3","breadcrumb":{"@id":"https:\/\/grosjeanvins.it\/fr\/frais-de-livraison\/#breadcrumb"},"inLanguage":"fr-FR","potentialAction":[{"@type":"ReadAction","target":["https:\/\/grosjeanvins.it\/fr\/frais-de-livraison\/"]}]},{"@type":"BreadcrumbList","@id":"https:\/\/grosjeanvins.it\/fr\/frais-de-livraison\/#breadcrumb","itemListElement":[{"@type":"ListItem","position":1,"name":"Home","item":"https:\/\/grosjeanvins.it\/fr\/"},{"@type":"ListItem","position":2,"name":"Frais de livraison"}]},{"@type":"WebSite","@id":"https:\/\/grosjeanvins.it\/#website","url":"https:\/\/grosjeanvins.it\/","name":"Grosjean Vins","description":"Produttori di Vino in Valle d&#039;Aosta","publisher":{"@id":"https:\/\/grosjeanvins.it\/#organization"},"potentialAction":[{"@type":"SearchAction","target":{"@type":"EntryPoint","urlTemplate":"https:\/\/grosjeanvins.it\/?s={search_term_string}"},"query-input":{"@type":"PropertyValueSpecification","valueRequired":true,"valueName":"search_term_string"}}],"inLanguage":"fr-FR"},{"@type":"Organization","@id":"https:\/\/grosjeanvins.it\/#organization","name":"Grosjean Vins","url":"https:\/\/grosjeanvins.it\/","logo":{"@type":"ImageObject","inLanguage":"fr-FR","@id":"https:\/\/grosjeanvins.it\/#\/schema\/logo\/image\/","url":"","contentUrl":"","caption":"Grosjean Vins"},"image":{"@id":"https:\/\/grosjeanvins.it\/#\/schema\/logo\/image\/"}}]}},"acf":[],"_links":{"self":[{"href":"https:\/\/grosjeanvins.it\/fr\/wp-json\/wp\/v2\/pages\/58432","targetHints":{"allow":["GET"]}}],"collection":[{"href":"https:\/\/grosjeanvins.it\/fr\/wp-json\/wp\/v2\/pages"}],"about":[{"href":"https:\/\/grosjeanvins.it\/fr\/wp-json\/wp\/v2\/types\/page"}],"author":[{"embeddable":true,"href":"https:\/\/grosjeanvins.it\/fr\/wp-json\/wp\/v2\/users\/22554"}],"replies":[{"embeddable":true,"href":"https:\/\/grosjeanvins.it\/fr\/wp-json\/wp\/v2\/comments?post=58432"}],"version-history":[{"count":0,"href":"https:\/\/grosjeanvins.it\/fr\/wp-json\/wp\/v2\/pages\/58432\/revisions"}],"wp:attachment":[{"href":"https:\/\/grosjeanvins.it\/fr\/wp-json\/wp\/v2\/media?parent=58432"}],"curies":[{"name":"wp","href":"https:\/\/api.w.org\/{rel}","templated":true}]}}