{"id":57797,"date":"2022-08-11T09:23:50","date_gmt":"2022-08-11T07:23:50","guid":{"rendered":"https:\/\/grosjeanvins.it\/cepages\/"},"modified":"2022-08-11T09:23:50","modified_gmt":"2022-08-11T07:23:50","slug":"cepages","status":"publish","type":"page","link":"https:\/\/grosjeanvins.it\/fr\/cepages\/","title":{"rendered":"C\u00e9pages"},"content":{"rendered":"","protected":false},"excerpt":{"rendered":"","protected":false},"author":22554,"featured_media":757,"parent":0,"menu_order":0,"comment_status":"closed","ping_status":"closed","template":"","meta":{"_acf_changed":false,"_monsterinsights_skip_tracking":false,"_monsterinsights_sitenote_active":false,"_monsterinsights_sitenote_note":"","_monsterinsights_sitenote_category":0,"footnotes":""},"class_list":["post-57797","page","type-page","status-publish","has-post-thumbnail","hentry"],"yoast_head":"<!-- This site is optimized with the Yoast SEO plugin v27.2 - https:\/\/yoast.com\/product\/yoast-seo-wordpress\/ -->\n<title>Les c\u00e9pages autochtones de la Vall\u00e9e d&#039;Aoste<\/title>\n<meta name=\"description\" content=\"Bien que soit la plus petite r\u00e9gion d&#039;Italie, la Vall\u00e9e d&#039;Aoste compte pas moins de 20 vari\u00e9t\u00e9s de c\u00e9pages autochtones : un panorama viticole incomparable.\" \/>\n<meta name=\"robots\" content=\"index, follow, max-snippet:-1, max-image-preview:large, max-video-preview:-1\" \/>\n<link rel=\"canonical\" href=\"https:\/\/grosjeanvins.it\/fr\/cepages\/\" \/>\n<meta property=\"og:locale\" content=\"fr_FR\" \/>\n<meta property=\"og:type\" content=\"article\" \/>\n<meta property=\"og:title\" content=\"Les c\u00e9pages autochtones de la Vall\u00e9e d&#039;Aoste\" \/>\n<meta property=\"og:description\" content=\"Bien que soit la plus petite r\u00e9gion d&#039;Italie, la Vall\u00e9e d&#039;Aoste compte pas moins de 20 vari\u00e9t\u00e9s de c\u00e9pages autochtones : un panorama viticole incomparable.\" \/>\n<meta property=\"og:url\" content=\"https:\/\/grosjeanvins.it\/fr\/cepages\/\" \/>\n<meta property=\"og:site_name\" content=\"Grosjean Vins\" \/>\n<meta property=\"og:image\" content=\"https:\/\/grosjeanvins.it\/files\/2023\/01\/grosjean_vendemmia_2019-3.jpg\" \/>\n\t<meta property=\"og:image:width\" content=\"2000\" \/>\n\t<meta property=\"og:image:height\" content=\"1333\" \/>\n\t<meta property=\"og:image:type\" content=\"image\/jpeg\" \/>\n<meta name=\"twitter:card\" content=\"summary_large_image\" \/>\n<!-- \/ Yoast SEO plugin. -->","yoast_head_json":{"title":"Les c\u00e9pages autochtones de la Vall\u00e9e d'Aoste","description":"Bien que soit la plus petite r\u00e9gion d'Italie, la Vall\u00e9e d'Aoste compte pas moins de 20 vari\u00e9t\u00e9s de c\u00e9pages autochtones : un panorama viticole incomparable.","robots":{"index":"index","follow":"follow","max-snippet":"max-snippet:-1","max-image-preview":"max-image-preview:large","max-video-preview":"max-video-preview:-1"},"canonical":"https:\/\/grosjeanvins.it\/fr\/cepages\/","og_locale":"fr_FR","og_type":"article","og_title":"Les c\u00e9pages autochtones de la Vall\u00e9e d'Aoste","og_description":"Bien que soit la plus petite r\u00e9gion d'Italie, la Vall\u00e9e d'Aoste compte pas moins de 20 vari\u00e9t\u00e9s de c\u00e9pages autochtones : un panorama viticole incomparable.","og_url":"https:\/\/grosjeanvins.it\/fr\/cepages\/","og_site_name":"Grosjean Vins","og_image":[{"width":2000,"height":1333,"url":"https:\/\/grosjeanvins.it\/files\/2023\/01\/grosjean_vendemmia_2019-3.jpg","type":"image\/jpeg"}],"twitter_card":"summary_large_image","schema":{"@context":"https:\/\/schema.org","@graph":[{"@type":"WebPage","@id":"https:\/\/grosjeanvins.it\/fr\/cepages\/","url":"https:\/\/grosjeanvins.it\/fr\/cepages\/","name":"Les c\u00e9pages autochtones de la Vall\u00e9e d'Aoste","isPartOf":{"@id":"https:\/\/grosjeanvins.it\/#website"},"primaryImageOfPage":{"@id":"https:\/\/grosjeanvins.it\/fr\/cepages\/#primaryimage"},"image":{"@id":"https:\/\/grosjeanvins.it\/fr\/cepages\/#primaryimage"},"thumbnailUrl":"https:\/\/grosjeanvins.it\/files\/2023\/01\/grosjean_vendemmia_2019-3.jpg","datePublished":"2022-08-11T07:23:50+00:00","description":"Bien que soit la plus petite r\u00e9gion d'Italie, la Vall\u00e9e d'Aoste compte pas moins de 20 vari\u00e9t\u00e9s de c\u00e9pages autochtones : un panorama viticole incomparable.","breadcrumb":{"@id":"https:\/\/grosjeanvins.it\/fr\/cepages\/#breadcrumb"},"inLanguage":"fr-FR","potentialAction":[{"@type":"ReadAction","target":["https:\/\/grosjeanvins.it\/fr\/cepages\/"]}]},{"@type":"ImageObject","inLanguage":"fr-FR","@id":"https:\/\/grosjeanvins.it\/fr\/cepages\/#primaryimage","url":"https:\/\/grosjeanvins.it\/files\/2023\/01\/grosjean_vendemmia_2019-3.jpg","contentUrl":"https:\/\/grosjeanvins.it\/files\/2023\/01\/grosjean_vendemmia_2019-3.jpg","width":2000,"height":1333,"caption":"Grappolo d'uva bianca durante la vendemmia 2019."},{"@type":"BreadcrumbList","@id":"https:\/\/grosjeanvins.it\/fr\/cepages\/#breadcrumb","itemListElement":[{"@type":"ListItem","position":1,"name":"Home","item":"https:\/\/grosjeanvins.it\/fr\/"},{"@type":"ListItem","position":2,"name":"C\u00e9pages"}]},{"@type":"WebSite","@id":"https:\/\/grosjeanvins.it\/#website","url":"https:\/\/grosjeanvins.it\/","name":"Grosjean Vins","description":"Produttori di Vino in Valle d&#039;Aosta","publisher":{"@id":"https:\/\/grosjeanvins.it\/#organization"},"potentialAction":[{"@type":"SearchAction","target":{"@type":"EntryPoint","urlTemplate":"https:\/\/grosjeanvins.it\/?s={search_term_string}"},"query-input":{"@type":"PropertyValueSpecification","valueRequired":true,"valueName":"search_term_string"}}],"inLanguage":"fr-FR"},{"@type":"Organization","@id":"https:\/\/grosjeanvins.it\/#organization","name":"Grosjean Vins","url":"https:\/\/grosjeanvins.it\/","logo":{"@type":"ImageObject","inLanguage":"fr-FR","@id":"https:\/\/grosjeanvins.it\/#\/schema\/logo\/image\/","url":"","contentUrl":"","caption":"Grosjean Vins"},"image":{"@id":"https:\/\/grosjeanvins.it\/#\/schema\/logo\/image\/"}}]}},"acf":[],"_links":{"self":[{"href":"https:\/\/grosjeanvins.it\/fr\/wp-json\/wp\/v2\/pages\/57797","targetHints":{"allow":["GET"]}}],"collection":[{"href":"https:\/\/grosjeanvins.it\/fr\/wp-json\/wp\/v2\/pages"}],"about":[{"href":"https:\/\/grosjeanvins.it\/fr\/wp-json\/wp\/v2\/types\/page"}],"author":[{"embeddable":true,"href":"https:\/\/grosjeanvins.it\/fr\/wp-json\/wp\/v2\/users\/22554"}],"replies":[{"embeddable":true,"href":"https:\/\/grosjeanvins.it\/fr\/wp-json\/wp\/v2\/comments?post=57797"}],"version-history":[{"count":0,"href":"https:\/\/grosjeanvins.it\/fr\/wp-json\/wp\/v2\/pages\/57797\/revisions"}],"wp:featuredmedia":[{"embeddable":true,"href":"https:\/\/grosjeanvins.it\/fr\/wp-json\/wp\/v2\/media\/757"}],"wp:attachment":[{"href":"https:\/\/grosjeanvins.it\/fr\/wp-json\/wp\/v2\/media?parent=57797"}],"curies":[{"name":"wp","href":"https:\/\/api.w.org\/{rel}","templated":true}]}}