{"id":57783,"date":"2023-01-10T09:17:11","date_gmt":"2023-01-10T08:17:11","guid":{"rendered":"https:\/\/grosjeanvins.it\/qui-sommes-nous\/viticulture-heroique\/"},"modified":"2023-07-27T10:43:10","modified_gmt":"2023-07-27T08:43:10","slug":"viticulture-heroique","status":"publish","type":"page","link":"https:\/\/grosjeanvins.it\/fr\/qui-sommes-nous\/viticulture-heroique\/","title":{"rendered":"Viticulture h\u00e9ro\u00efque"},"content":{"rendered":"\n<p>Lorsque l&#8217;on parle de viticulture en Vall\u00e9e d&#8217;Aoste, on ne peut pas ne pas parler de <strong>viticulture h\u00e9ro\u00efque.<\/strong> On parle depuis longtemps de viticulture h\u00e9ro\u00efque pour d\u00e9finir la culture de la vigne dans des <strong>endroits difficilement accessibles<\/strong> et o\u00f9 le travail n\u00e9cessite tellement d&#8217;efforts et de d\u00e9vouement qu&#8217;il le rend <a href=\"https:\/\/grosjeanvins.it\/fr\/qui-sommes-nous\/comment-nous-travaillons\/\">n\u00e9cessairement h\u00e9ro\u00efque<\/a>.<\/p>\n<div class=\"wp-block-image\">\n<figure class=\"alignright size-square_md is-resized\"><img fetchpriority=\"high\" decoding=\"async\" src=\"https:\/\/grosjeanvins.it\/files\/2023\/01\/eroica-600x600.jpg\" alt=\"\" class=\"wp-image-643\" width=\"600\" height=\"600\" srcset=\"https:\/\/grosjeanvins.it\/files\/2023\/01\/eroica-600x600.jpg 600w, https:\/\/grosjeanvins.it\/files\/2023\/01\/eroica-150x150.jpg 150w, https:\/\/grosjeanvins.it\/files\/2023\/01\/eroica-900x900.jpg 900w, https:\/\/grosjeanvins.it\/files\/2023\/01\/eroica-350x350.jpg 350w, https:\/\/grosjeanvins.it\/files\/2023\/01\/eroica-300x300.jpg 300w, https:\/\/grosjeanvins.it\/files\/2023\/01\/eroica-100x100.jpg 100w\" sizes=\"(max-width: 600px) 100vw, 600px\" \/><\/figure>\n<\/div>\n<p>Ainsi, des h\u00e9ros sont devenus ces viticulteurs, vignerons dirions-nous, qui se l\u00e8vent chaque matin en sachant qu&#8217;ils devront <strong>travailler dur<\/strong>, faire des <strong>sacrifices<\/strong> et interagir le plus harmonieusement possible avec leur terroir pour pouvoir faire m\u00fbrir la r\u00e9colte.<\/p>\n\n<p>Plus r\u00e9cemment, le <em>Centre de Recherches, \u00c9tudes et Valorisation pour la Viticulture de Montagne<\/em> (<a href=\"https:\/\/www.cervim.org\/\"><strong>CERVIM<\/strong><\/a>) a fix\u00e9 des caract\u00e9ristiques plus pr\u00e9cises pour d\u00e9finir un vignoble h\u00e9ro\u00efque. Un vignoble h\u00e9ro\u00efque, pour \u00eatre consid\u00e9r\u00e9 comme tel, doit r\u00e9pondre \u00e0 au moins l&#8217;un des crit\u00e8res suivants:<\/p>\n\n<ul class=\"wp-block-list\">\n<li>pentes sup\u00e9rieures \u00e0 30%;<\/li>\n\n\n\n<li>altitude sup\u00e9rieure \u00e0 500 m;<\/li>\n\n\n\n<li>culture en terrasses ou en gradins;<\/li>\n\n\n\n<li>culture sur de petites \u00eeles .<\/li>\n<\/ul>\n\n<p>En Vall\u00e9e d&#8217;Aoste, plus pr\u00e9cis\u00e9ment dans les vignobles de la <a href=\"https:\/\/grosjeanvins.it\/fr\/qui-sommes-nous\/\">cave Grosjean Vins<\/a>, les <strong>pentes<\/strong>, les <strong>altitudes \u00e9lev\u00e9es<\/strong> et <strong>la culture sur des terrasses<\/strong> sont des <strong>caract\u00e9ristiques<\/strong> essentielles de la viticulture de montagne vald\u00f4taine, qui peut \u00eatre parfaitement d\u00e9finie comme <em>h\u00e9ro\u00efque<\/em>.<\/p>\n<div class=\"wp-block-image\">\n<figure class=\"alignleft size-square_md\"><img decoding=\"async\" width=\"600\" height=\"600\" src=\"https:\/\/grosjeanvins.it\/files\/2023\/01\/Immagine-304-600x600.jpg\" alt=\"\" class=\"wp-image-649\" srcset=\"https:\/\/grosjeanvins.it\/files\/2023\/01\/Immagine-304-600x600.jpg 600w, https:\/\/grosjeanvins.it\/files\/2023\/01\/Immagine-304-150x150.jpg 150w, https:\/\/grosjeanvins.it\/files\/2023\/01\/Immagine-304-900x900.jpg 900w, https:\/\/grosjeanvins.it\/files\/2023\/01\/Immagine-304-350x350.jpg 350w, https:\/\/grosjeanvins.it\/files\/2023\/01\/Immagine-304-300x300.jpg 300w, https:\/\/grosjeanvins.it\/files\/2023\/01\/Immagine-304-100x100.jpg 100w\" sizes=\"(max-width: 600px) 100vw, 600px\" \/><\/figure>\n<\/div>\n<h2 class=\"wp-block-heading\">Climat &amp; Vin<\/h2>\n\n<p>La production de vin de qualit\u00e9 est le but ultime qui guide le travail du viticulteur h\u00e9ro\u00efque de montagne. Les difficult\u00e9s sont multiples et les co\u00fbts proportionnellement importants. Les difficult\u00e9s ordinaires de cultiver dans des terrains escarp\u00e9s et difficilement accessibles s&#8217;ajoutent aux <strong>d\u00e9fis du nouveau si\u00e8cle<\/strong>: le <em>changement climatique.<\/em><\/p>\n\n<p>Ces changements frappent avec f\u00e9rocit\u00e9 et une force particuli\u00e8re l&#8217;environnement alpin. Les <strong>glaciers reculent<\/strong> \u00e0 vue d&#8217;\u0153il, les sommets que nos grands-parents ne pouvaient escalader qu&#8217;avec des crampons peuvent d\u00e9sormais \u00eatre atteints avec des chaussures basses et des shorts. La <strong>s\u00e9cheresse<\/strong> nous \u00e9treint et le recul des bassins glaciaires nous projette dans un pr\u00e9sent, mais encore plus dans un <strong>avenir<\/strong>, <strong>difficile et complexe<\/strong>.<\/p>\n\n<h3 class=\"wp-block-heading\">Comment faire face au changement climatique?<\/h3>\n\n<p>Ann\u00e9e apr\u00e8s ann\u00e9e, nous nous \u00e9quipons de plus en plus pour vivre avec le terroir en \u00e9volution: r\u00e9seau <strong>d&#8217;irrigation <\/strong>renforc\u00e9, <strong>bassins de collecte d&#8217;eau,<\/strong>,  <strong>drainage <\/strong>des sources et <strong>r\u00e9duction des d\u00e9chets<\/strong> gr\u00e2ce aux technologies 4.0 qui nous permettent de calibrer avec pr\u00e9cision et sagesse la bonne quantit\u00e9 d&#8217;eau et de nutriments n\u00e9cessaires aux vignes.<\/p>\n\n<figure class=\"wp-block-image alignfull size-full\"><img decoding=\"async\" width=\"2000\" height=\"1333\" src=\"https:\/\/grosjeanvins.it\/files\/2023\/01\/vendemmia.jpg\" alt=\"\" class=\"wp-image-393\" srcset=\"https:\/\/grosjeanvins.it\/files\/2023\/01\/vendemmia.jpg 2000w, https:\/\/grosjeanvins.it\/files\/2023\/01\/vendemmia-1536x1024.jpg 1536w, https:\/\/grosjeanvins.it\/files\/2023\/01\/vendemmia-1024x682.jpg 1024w, https:\/\/grosjeanvins.it\/files\/2023\/01\/vendemmia-600x400.jpg 600w, https:\/\/grosjeanvins.it\/files\/2023\/01\/vendemmia-350x233.jpg 350w\" sizes=\"(max-width: 2000px) 100vw, 2000px\" \/><\/figure>\n\n<p>Chez Grosjean Vins, le <strong>viticulteur h\u00e9ro\u00efque<\/strong> du nouveau mill\u00e9naire n&#8217;est plus seulement l&#8217;agriculteur qui, avec peine, d\u00e9vouement et amour, se consacre \u00e0 la culture de son terroir, mais aussi celui qui <strong>\u00e9tudie<\/strong>, <strong>approfondit<\/strong> et, avec le g\u00e9nie innovant italien <a href=\"https:\/\/grosjeanvins.it\/fr\/qui-sommes-nous\/comment-nous-travaillons\/\">cherche des solutions<\/a> pour faire en sorte que son travail soit r\u00e9compens\u00e9 <strong>par un produit authentique<\/strong>, de qualit\u00e9 et capable d&#8217;\u00e9mouvoir le buveur, occasionnel ou passionn\u00e9, sans peser trop sur son empreinte sur <em>l&#8217;environnement naturel.<\/em><\/p>\n\n<blockquote class=\"wp-block-quote\">\n<p>Les vignerons de Grosjean sont donc h\u00e9ro\u00efques dans le double sens de travailleurs infatigables, comme nous l&#8217;a enseign\u00e9 grand-p\u00e8re Dauphin, <a href=\"https:\/\/grosjeanvins.it\/fr\/qui-sommes-nous\/histoire-vision\/\">p\u00e8re fondateur de notre famille et de notre entreprise<\/a>, et de sages protecteurs du terroir mis \u00e0 rude \u00e9preuve par les changements climatiques de notre temps.<\/p>\n<\/blockquote>\n\n<h2 class=\"has-text-align-center has-h-1-font-size wp-block-heading\">D\u00e9guste<br\/><em>nos vins de montagne<\/em><\/h2>\n<div class=\"woocommerce columns-4 \"><ul class=\"products columns-4\">\n        <li class=\"product-card post-57943 product type-product status-publish has-post-thumbnail product_cat-bulles first instock taxable shipping-taxable purchasable product-type-simple wine-type-is-none\">\n\n                <a href=\"https:\/\/grosjeanvins.it\/fr\/prodotto\/montmary-rose-metodo-classico-extra-brut\/\" class=\"woocommerce-LoopProduct-link woocommerce-loop-product__link\">                <div class=\"product-card__image-container\"><img loading=\"lazy\" decoding=\"async\" width=\"148\" height=\"350\" src=\"https:\/\/grosjeanvins.it\/files\/2023\/01\/Montmary-copia-min-148x350.png\" class=\"attachment-natural_sm size-natural_sm\" alt=\"Montmary_sparkling_wine_bubbles_italy_alps\" srcset=\"https:\/\/grosjeanvins.it\/files\/2023\/01\/Montmary-copia-min-148x350.png 148w, https:\/\/grosjeanvins.it\/files\/2023\/01\/Montmary-copia-min-432x1024.png 432w, https:\/\/grosjeanvins.it\/files\/2023\/01\/Montmary-copia-min-253x600.png 253w, https:\/\/grosjeanvins.it\/files\/2023\/01\/Montmary-copia-min.png 570w\" sizes=\"auto, (max-width: 148px) 100vw, 148px\" \/><\/div>\n                <h2 class=\"woocommerce-loop-product__title\"><span class=\"woocommerce-loop-product__title-p1\">Montmary Ros\u00e9<\/span><span class=\"woocommerce-loop-product__title-p2\">Methode Traditionnel - Extra Brut<\/span><\/h2>\n                <div class=\"star-rating\" role=\"img\" aria-label=\"Rated 4.67 out of 5\"><span style=\"width:93.4%\">Rated <strong class=\"rating\">4.67<\/strong> out of 5<\/span><\/div><p class=\"product-card__price-container\">\n\t<span class=\"price\"><span class=\"woocommerce-Price-amount amount\"><bdi>23,00&nbsp;<span class=\"woocommerce-Price-currencySymbol\">&euro;<\/span><\/bdi><\/span><\/span>\n\n                <\/a><a href=\"\/fr\/wp-json\/wp\/v2\/pages\/57783?add-to-cart=57943\" aria-describedby=\"woocommerce_loop_add_to_cart_link_describedby_57943\" data-quantity=\"1\" class=\"button product_type_simple add_to_cart_button ajax_add_to_cart\" data-product_id=\"57943\" data-product_sku=\"\" aria-label=\"Add to cart: &ldquo;Montmary Ros\u00e9 Methode Traditionnel Extra Brut&rdquo;\" rel=\"nofollow\" data-success_message=\"&ldquo;Montmary Ros\u00e9 Methode Traditionnel Extra Brut&rdquo; has been added to your cart\" role=\"button\"><\/a>\t<span id=\"woocommerce_loop_add_to_cart_link_describedby_57943\" class=\"screen-reader-text\">\n\t\t\t<\/span>\n<\/p>    <\/li>\n        <li class=\"product-card post-57911 product type-product status-publish has-post-thumbnail product_cat-bulles  instock taxable shipping-taxable purchasable product-type-simple wine-type-is-none\">\n\n                <a href=\"https:\/\/grosjeanvins.it\/fr\/prodotto\/mas-du-jario-blanc-de-noir-extra-brut\/\" class=\"woocommerce-LoopProduct-link woocommerce-loop-product__link\">                <div class=\"product-card__image-container\"><img loading=\"lazy\" decoding=\"async\" width=\"148\" height=\"350\" src=\"https:\/\/grosjeanvins.it\/files\/2023\/01\/mas_du_jario-min-148x350.png\" class=\"attachment-natural_sm size-natural_sm\" alt=\"mas_du_jario_sparkling_wine_bubbles\" srcset=\"https:\/\/grosjeanvins.it\/files\/2023\/01\/mas_du_jario-min-148x350.png 148w, https:\/\/grosjeanvins.it\/files\/2023\/01\/mas_du_jario-min-432x1024.png 432w, https:\/\/grosjeanvins.it\/files\/2023\/01\/mas_du_jario-min-253x600.png 253w, https:\/\/grosjeanvins.it\/files\/2023\/01\/mas_du_jario-min.png 570w\" sizes=\"auto, (max-width: 148px) 100vw, 148px\" \/><\/div>\n                <h2 class=\"woocommerce-loop-product__title\"><span class=\"woocommerce-loop-product__title-p1\">Mas Du Jario<\/span><span class=\"woocommerce-loop-product__title-p2\">Blanc De Noir Extra Brut<\/span><\/h2>\n                <div class=\"star-rating\" role=\"img\" aria-label=\"Rated 5.00 out of 5\"><span style=\"width:100%\">Rated <strong class=\"rating\">5.00<\/strong> out of 5<\/span><\/div><p class=\"product-card__price-container\">\n\t<span class=\"price\"><span class=\"woocommerce-Price-amount amount\"><bdi>30,00&nbsp;<span class=\"woocommerce-Price-currencySymbol\">&euro;<\/span><\/bdi><\/span><\/span>\n\n                <\/a><a href=\"\/fr\/wp-json\/wp\/v2\/pages\/57783?add-to-cart=57911\" aria-describedby=\"woocommerce_loop_add_to_cart_link_describedby_57911\" data-quantity=\"1\" class=\"button product_type_simple add_to_cart_button ajax_add_to_cart\" data-product_id=\"57911\" data-product_sku=\"\" aria-label=\"Add to cart: &ldquo;Mas Du Jario Blanc De Noir Extra Brut&rdquo;\" rel=\"nofollow\" data-success_message=\"&ldquo;Mas Du Jario Blanc De Noir Extra Brut&rdquo; has been added to your cart\" role=\"button\"><\/a>\t<span id=\"woocommerce_loop_add_to_cart_link_describedby_57911\" class=\"screen-reader-text\">\n\t\t\t<\/span>\n<\/p>    <\/li>\n        <li class=\"product-card post-57949 product type-product status-publish has-post-thumbnail product_cat-vini-biologici-fr  instock taxable shipping-taxable purchasable product-type-simple wine-type-is-white\">\n\n                <a href=\"https:\/\/grosjeanvins.it\/fr\/prodotto\/chardonnay-le-vin-de-michel-vallee-daoste-doc\/\" class=\"woocommerce-LoopProduct-link woocommerce-loop-product__link\">                <div class=\"product-card__image-container\"><img loading=\"lazy\" decoding=\"async\" width=\"148\" height=\"350\" src=\"https:\/\/grosjeanvins.it\/files\/2023\/01\/Chardonnay-le-Vin-de-Michel-min-148x350.png\" class=\"attachment-natural_sm size-natural_sm\" alt=\"Chardonnay_le Vin de Michel_ValledAosta\" srcset=\"https:\/\/grosjeanvins.it\/files\/2023\/01\/Chardonnay-le-Vin-de-Michel-min-148x350.png 148w, https:\/\/grosjeanvins.it\/files\/2023\/01\/Chardonnay-le-Vin-de-Michel-min-432x1024.png 432w, https:\/\/grosjeanvins.it\/files\/2023\/01\/Chardonnay-le-Vin-de-Michel-min-253x600.png 253w, https:\/\/grosjeanvins.it\/files\/2023\/01\/Chardonnay-le-Vin-de-Michel-min.png 570w\" sizes=\"auto, (max-width: 148px) 100vw, 148px\" \/><span class=\"woocommerce-loop-product__organic\"><img decoding=\"async\" src=\"https:\/\/grosjeanvins.it\/wp-content\/themes\/grosjean\/assets\/images\/bio.png\"><\/span><\/div>\n                <h2 class=\"woocommerce-loop-product__title\"><span class=\"woocommerce-loop-product__title-p1\">Chardonnay <\/span><span class=\"woocommerce-loop-product__title-p2\">Le Vin de Michel<\/span><span class=\"woocommerce-loop-product__title-subtitle\">Vall\u00e9e D\u2019Aoste DOC<\/span><\/h2>\n                <div class=\"star-rating\" role=\"img\" aria-label=\"Rated 5.00 out of 5\"><span style=\"width:100%\">Rated <strong class=\"rating\">5.00<\/strong> out of 5<\/span><\/div><p class=\"product-card__price-container\">\n\t<span class=\"price\"><span class=\"woocommerce-Price-amount amount\"><bdi>33,00&nbsp;<span class=\"woocommerce-Price-currencySymbol\">&euro;<\/span><\/bdi><\/span><\/span>\n\n                <\/a><a href=\"\/fr\/wp-json\/wp\/v2\/pages\/57783?add-to-cart=57949\" aria-describedby=\"woocommerce_loop_add_to_cart_link_describedby_57949\" data-quantity=\"1\" class=\"button product_type_simple add_to_cart_button ajax_add_to_cart\" data-product_id=\"57949\" data-product_sku=\"\" aria-label=\"Add to cart: &ldquo;Chardonnay Le Vin de Michel Vall\u00e9e D\u2019Aoste DOC&rdquo;\" rel=\"nofollow\" data-success_message=\"&ldquo;Chardonnay Le Vin de Michel Vall\u00e9e D\u2019Aoste DOC&rdquo; has been added to your cart\" role=\"button\"><\/a>\t<span id=\"woocommerce_loop_add_to_cart_link_describedby_57949\" class=\"screen-reader-text\">\n\t\t\t<\/span>\n<\/p>    <\/li>\n        <li class=\"product-card post-57833 product type-product status-publish has-post-thumbnail product_cat-vins-classiques last outofstock taxable shipping-taxable purchasable product-type-simple wine-type-is-red\">\n\n                <a href=\"https:\/\/grosjeanvins.it\/fr\/prodotto\/gamay-vallee-daoste-doc\/\" class=\"woocommerce-LoopProduct-link woocommerce-loop-product__link\">                <div class=\"product-card__image-container\"><img loading=\"lazy\" decoding=\"async\" width=\"148\" height=\"350\" src=\"https:\/\/grosjeanvins.it\/files\/2023\/01\/Gamay-min-148x350.png\" class=\"attachment-natural_sm size-natural_sm\" alt=\"Gamay_red_wine_aostavalley_italy\" srcset=\"https:\/\/grosjeanvins.it\/files\/2023\/01\/Gamay-min-148x350.png 148w, https:\/\/grosjeanvins.it\/files\/2023\/01\/Gamay-min-432x1024.png 432w, https:\/\/grosjeanvins.it\/files\/2023\/01\/Gamay-min-253x600.png 253w, https:\/\/grosjeanvins.it\/files\/2023\/01\/Gamay-min.png 570w\" sizes=\"auto, (max-width: 148px) 100vw, 148px\" \/><\/div>\n                <h2 class=\"woocommerce-loop-product__title\"><span class=\"woocommerce-loop-product__title-p1\">Gamay<\/span><span class=\"woocommerce-loop-product__title-subtitle\">Vall\u00e9e D\u2019Aoste DOC<\/span><\/h2>\n                <div class=\"star-rating\" role=\"img\" aria-label=\"Rated 5.00 out of 5\"><span style=\"width:100%\">Rated <strong class=\"rating\">5.00<\/strong> out of 5<\/span><\/div><p class=\"product-card__price-container\">\n\t<span class=\"price\"><span class=\"woocommerce-Price-amount amount\"><bdi>12,00&nbsp;<span class=\"woocommerce-Price-currencySymbol\">&euro;<\/span><\/bdi><\/span><\/span>\n\n                <\/a><a href=\"https:\/\/grosjeanvins.it\/fr\/prodotto\/gamay-vallee-daoste-doc\/\" aria-describedby=\"woocommerce_loop_add_to_cart_link_describedby_57833\" data-quantity=\"1\" class=\"button product_type_simple\" data-product_id=\"57833\" data-product_sku=\"\" aria-label=\"Read more about &ldquo;Gamay Vall\u00e9e d\u2019Aoste DOC&rdquo;\" rel=\"nofollow\" data-success_message=\"\"><\/a>\t<span id=\"woocommerce_loop_add_to_cart_link_describedby_57833\" class=\"screen-reader-text\">\n\t\t\t<\/span>\n<\/p>    <\/li>\n<\/ul>\n<\/div>\n\n<div class=\"wp-block-buttons is-content-justification-center is-style-strike\">\n<div class=\"wp-block-button is-style-outline is-style-outline--1\"><a class=\"wp-block-button__link wp-element-button\" href=\"https:\/\/grosjeanvins.it\/vini-valle-aosta\/\">D\u00e9couvrez-les tous<\/a><\/div>\n<\/div>\n","protected":false},"excerpt":{"rendered":"<p>Lorsque l&#8217;on parle de viticulture en Vall\u00e9e d&#8217;Aoste, on ne peut pas ne pas parler de viticulture h\u00e9ro\u00efque. On parle depuis longtemps de viticulture h\u00e9ro\u00efque pour d\u00e9finir la culture de la vigne dans des endroits difficilement accessibles et o\u00f9 le travail n\u00e9cessite tellement d&#8217;efforts et de d\u00e9vouement qu&#8217;il le rend n\u00e9cessairement h\u00e9ro\u00efque. Ainsi, des h\u00e9ros [&hellip;]<\/p>\n","protected":false},"author":22554,"featured_media":443,"parent":57755,"menu_order":0,"comment_status":"closed","ping_status":"closed","template":"","meta":{"_acf_changed":false,"_monsterinsights_skip_tracking":false,"_monsterinsights_sitenote_active":false,"_monsterinsights_sitenote_note":"","_monsterinsights_sitenote_category":0,"footnotes":""},"class_list":["post-57783","page","type-page","status-publish","has-post-thumbnail","hentry"],"yoast_head":"<!-- This site is optimized with the Yoast SEO plugin v27.2 - https:\/\/yoast.com\/product\/yoast-seo-wordpress\/ -->\n<title>Vins de Montagne - Qu&#039;est-ce que la viticulture h\u00e9ro\u00efque?<\/title>\n<meta name=\"description\" content=\"Les vins h\u00e9ro\u00efques sont produits dans des territoires difficiles, comme ceux de la Vall\u00e9e d&#039;Aoste. Un climat rude et des terrains escarp\u00e9s : un d\u00e9fi quotidien.\" \/>\n<meta name=\"robots\" content=\"index, follow, max-snippet:-1, max-image-preview:large, max-video-preview:-1\" \/>\n<link rel=\"canonical\" href=\"https:\/\/grosjeanvins.it\/fr\/qui-sommes-nous\/viticulture-heroique\/\" \/>\n<meta property=\"og:locale\" content=\"fr_FR\" \/>\n<meta property=\"og:type\" content=\"article\" \/>\n<meta property=\"og:title\" content=\"Vins de Montagne - Qu&#039;est-ce que la viticulture h\u00e9ro\u00efque?\" \/>\n<meta property=\"og:description\" content=\"Les vins h\u00e9ro\u00efques sont produits dans des territoires difficiles, comme ceux de la Vall\u00e9e d&#039;Aoste. Un climat rude et des terrains escarp\u00e9s : un d\u00e9fi quotidien.\" \/>\n<meta property=\"og:url\" content=\"https:\/\/grosjeanvins.it\/fr\/qui-sommes-nous\/viticulture-heroique\/\" \/>\n<meta property=\"og:site_name\" content=\"Grosjean Vins\" \/>\n<meta property=\"article:modified_time\" content=\"2023-07-27T08:43:10+00:00\" \/>\n<meta property=\"og:image\" content=\"https:\/\/grosjeanvins.it\/files\/2023\/01\/eroica2.jpg\" \/>\n\t<meta property=\"og:image:width\" content=\"2000\" \/>\n\t<meta property=\"og:image:height\" content=\"1333\" \/>\n\t<meta property=\"og:image:type\" content=\"image\/jpeg\" \/>\n<meta name=\"twitter:card\" content=\"summary_large_image\" \/>\n<meta name=\"twitter:label1\" content=\"Est. reading time\" \/>\n\t<meta name=\"twitter:data1\" content=\"3 minutes\" \/>\n<!-- \/ Yoast SEO plugin. -->","yoast_head_json":{"title":"Vins de Montagne - Qu'est-ce que la viticulture h\u00e9ro\u00efque?","description":"Les vins h\u00e9ro\u00efques sont produits dans des territoires difficiles, comme ceux de la Vall\u00e9e d'Aoste. Un climat rude et des terrains escarp\u00e9s : un d\u00e9fi quotidien.","robots":{"index":"index","follow":"follow","max-snippet":"max-snippet:-1","max-image-preview":"max-image-preview:large","max-video-preview":"max-video-preview:-1"},"canonical":"https:\/\/grosjeanvins.it\/fr\/qui-sommes-nous\/viticulture-heroique\/","og_locale":"fr_FR","og_type":"article","og_title":"Vins de Montagne - Qu'est-ce que la viticulture h\u00e9ro\u00efque?","og_description":"Les vins h\u00e9ro\u00efques sont produits dans des territoires difficiles, comme ceux de la Vall\u00e9e d'Aoste. Un climat rude et des terrains escarp\u00e9s : un d\u00e9fi quotidien.","og_url":"https:\/\/grosjeanvins.it\/fr\/qui-sommes-nous\/viticulture-heroique\/","og_site_name":"Grosjean Vins","article_modified_time":"2023-07-27T08:43:10+00:00","og_image":[{"width":2000,"height":1333,"url":"https:\/\/grosjeanvins.it\/files\/2023\/01\/eroica2.jpg","type":"image\/jpeg"}],"twitter_card":"summary_large_image","twitter_misc":{"Est. reading time":"3 minutes"},"schema":{"@context":"https:\/\/schema.org","@graph":[{"@type":"WebPage","@id":"https:\/\/grosjeanvins.it\/fr\/qui-sommes-nous\/viticulture-heroique\/","url":"https:\/\/grosjeanvins.it\/fr\/qui-sommes-nous\/viticulture-heroique\/","name":"Vins de Montagne - Qu'est-ce que la viticulture h\u00e9ro\u00efque?","isPartOf":{"@id":"https:\/\/grosjeanvins.it\/#website"},"primaryImageOfPage":{"@id":"https:\/\/grosjeanvins.it\/fr\/qui-sommes-nous\/viticulture-heroique\/#primaryimage"},"image":{"@id":"https:\/\/grosjeanvins.it\/fr\/qui-sommes-nous\/viticulture-heroique\/#primaryimage"},"thumbnailUrl":"https:\/\/grosjeanvins.it\/files\/2023\/01\/eroica2.jpg","datePublished":"2023-01-10T08:17:11+00:00","dateModified":"2023-07-27T08:43:10+00:00","description":"Les vins h\u00e9ro\u00efques sont produits dans des territoires difficiles, comme ceux de la Vall\u00e9e d'Aoste. Un climat rude et des terrains escarp\u00e9s : un d\u00e9fi quotidien.","breadcrumb":{"@id":"https:\/\/grosjeanvins.it\/fr\/qui-sommes-nous\/viticulture-heroique\/#breadcrumb"},"inLanguage":"fr-FR","potentialAction":[{"@type":"ReadAction","target":["https:\/\/grosjeanvins.it\/fr\/qui-sommes-nous\/viticulture-heroique\/"]}]},{"@type":"ImageObject","inLanguage":"fr-FR","@id":"https:\/\/grosjeanvins.it\/fr\/qui-sommes-nous\/viticulture-heroique\/#primaryimage","url":"https:\/\/grosjeanvins.it\/files\/2023\/01\/eroica2.jpg","contentUrl":"https:\/\/grosjeanvins.it\/files\/2023\/01\/eroica2.jpg","width":2000,"height":1333,"caption":"Le vigne di casa Grosjean in inverno sommerse dalla neve"},{"@type":"BreadcrumbList","@id":"https:\/\/grosjeanvins.it\/fr\/qui-sommes-nous\/viticulture-heroique\/#breadcrumb","itemListElement":[{"@type":"ListItem","position":1,"name":"Home","item":"https:\/\/grosjeanvins.it\/fr\/"},{"@type":"ListItem","position":2,"name":"Qui sommes-nous","item":"https:\/\/grosjeanvins.it\/fr\/qui-sommes-nous\/"},{"@type":"ListItem","position":3,"name":"Viticulture h\u00e9ro\u00efque"}]},{"@type":"WebSite","@id":"https:\/\/grosjeanvins.it\/#website","url":"https:\/\/grosjeanvins.it\/","name":"Grosjean Vins","description":"Produttori di Vino in Valle d&#039;Aosta","publisher":{"@id":"https:\/\/grosjeanvins.it\/#organization"},"potentialAction":[{"@type":"SearchAction","target":{"@type":"EntryPoint","urlTemplate":"https:\/\/grosjeanvins.it\/?s={search_term_string}"},"query-input":{"@type":"PropertyValueSpecification","valueRequired":true,"valueName":"search_term_string"}}],"inLanguage":"fr-FR"},{"@type":"Organization","@id":"https:\/\/grosjeanvins.it\/#organization","name":"Grosjean Vins","url":"https:\/\/grosjeanvins.it\/","logo":{"@type":"ImageObject","inLanguage":"fr-FR","@id":"https:\/\/grosjeanvins.it\/#\/schema\/logo\/image\/","url":"","contentUrl":"","caption":"Grosjean Vins"},"image":{"@id":"https:\/\/grosjeanvins.it\/#\/schema\/logo\/image\/"}}]}},"acf":[],"_links":{"self":[{"href":"https:\/\/grosjeanvins.it\/fr\/wp-json\/wp\/v2\/pages\/57783","targetHints":{"allow":["GET"]}}],"collection":[{"href":"https:\/\/grosjeanvins.it\/fr\/wp-json\/wp\/v2\/pages"}],"about":[{"href":"https:\/\/grosjeanvins.it\/fr\/wp-json\/wp\/v2\/types\/page"}],"author":[{"embeddable":true,"href":"https:\/\/grosjeanvins.it\/fr\/wp-json\/wp\/v2\/users\/22554"}],"replies":[{"embeddable":true,"href":"https:\/\/grosjeanvins.it\/fr\/wp-json\/wp\/v2\/comments?post=57783"}],"version-history":[{"count":0,"href":"https:\/\/grosjeanvins.it\/fr\/wp-json\/wp\/v2\/pages\/57783\/revisions"}],"up":[{"embeddable":true,"href":"https:\/\/grosjeanvins.it\/fr\/wp-json\/wp\/v2\/pages\/57755"}],"wp:featuredmedia":[{"embeddable":true,"href":"https:\/\/grosjeanvins.it\/fr\/wp-json\/wp\/v2\/media\/443"}],"wp:attachment":[{"href":"https:\/\/grosjeanvins.it\/fr\/wp-json\/wp\/v2\/media?parent=57783"}],"curies":[{"name":"wp","href":"https:\/\/api.w.org\/{rel}","templated":true}]}}