{"id":57717,"date":"2022-08-11T09:24:17","date_gmt":"2022-08-11T07:24:17","guid":{"rendered":"https:\/\/grosjeanvins.it\/degustations\/"},"modified":"2023-09-05T00:10:14","modified_gmt":"2023-09-04T22:10:14","slug":"degustations","status":"publish","type":"page","link":"https:\/\/grosjeanvins.it\/fr\/degustations\/","title":{"rendered":"D\u00e9gustations"},"content":{"rendered":"<section class=\"post-grid post-grid--mt-default post-grid--mb-default post-grid--3-col post-grid--type-tasting post-grid--teaser-card post-grid--no-background typography__post-grid \">\n  <div class=\"post-grid__inner\">\n                  <div class=\"post-grid__row post-grid__row--type-tasting post-grid__row--teaser-card\">\n                        <article class=\"tagi-card tagi-card--col-3\">\n  <div class=\"tagi-card__inner\">\n          <a title=\"Love Pinot Noir\" href=\"https:\/\/visita.grosjeanvins.it\/en\/5c7a8ad726ca365a17e8a91f\/events\/67eabc55a62cc727b86a6208?coupon_code=&amp;date=2025-07-30T14%3A00%3A00%2B02%3A00&amp;guests=2&amp;lang=fr&amp;type=propose\" target=\"_blank\" class=\"tagi-card__image-container\">\n        <div class=\"ratio__content\">\n          <img decoding=\"async\" class=\"tagi-card__image lazy\" src=\"https:\/\/grosjeanvins.it\/files\/2025\/03\/tramontidivini_2020_-29-900x563.jpg\" title=\"Love Pinot Noir\" alt=\"Love Pinot Noir\" \/>\n        <\/div>\n      <\/a>\n        <div class=\"tagi-card__texts\">\n      <h2 class=\"tagi-card__title\">Love Pinot Noir<\/h2>\n      <div class=\"tagi-card__description\"><p>Une d\u00e9gustation sp\u00e9cialement con\u00e7ue pour les amateurs de Pinot Noir, roi de la Bourgogne et magnifiquement repr\u00e9sent\u00e9 ici dans la Vall\u00e9e d&#8217;Aoste.<\/p>\n<p>La d\u00e9gustation comprend la d\u00e9gustation de 3 verres :<\/p>\n<ul>\n<li>Pinot Noir Classique<\/li>\n<li>Pinot Noir vigne Tzeriat<\/li>\n<li>Pinot Noir Les Fr\u00e8res<\/li>\n<\/ul>\n<p>&nbsp;<\/p>\n<\/div>\n      <p class=\"tagi-card__time\">Duration: 1.5<\/p>\n      <p class=\"tagi-card__sub p-small\">Reservez une planchette de charcuteries locales du producteur Bertolin et les fromages de Erbavoglio. 10\u20ac par personne<\/p>\n      <div class=\"tagi-card__footer\">\n        <p class=\"tagi-card__price\">Price 23\u20ac <span class=\"p\"> \/ person<\/span><\/p>\n        <a title=\"Love Pinot Noir\" href=\"https:\/\/visita.grosjeanvins.it\/en\/5c7a8ad726ca365a17e8a91f\/events\/67eabc55a62cc727b86a6208?coupon_code=&amp;date=2025-07-30T14%3A00%3A00%2B02%3A00&amp;guests=2&amp;lang=fr&amp;type=propose\" target=\"_blank\" class=\"tagi-card__button\">Book now<\/a>\n      <\/div>\n    <\/div>\n  <\/div>\n<\/article>                  <article class=\"tagi-card tagi-card--col-3\">\n  <div class=\"tagi-card__inner\">\n          <a title=\"S\u00e9l\u00e9ction D\u00e9couverte\" href=\"https:\/\/visita.grosjeanvins.it\/en\/5c7a8ad726ca365a17e8a91f\/events\/64f5e856b5c0d7da8c1478f5?coupon_code=&amp;date=2025-07-30T14%3A00%3A00%2B02%3A00&amp;guests=2&amp;lang=fr&amp;type=propose\" target=\"_blank\" class=\"tagi-card__image-container\">\n        <div class=\"ratio__content\">\n          <img decoding=\"async\" class=\"tagi-card__image lazy\" src=\"https:\/\/grosjeanvins.it\/files\/2023\/08\/grosjean_vendemmia_2019-3-1-edited-900x563.jpg\" title=\"S\u00e9l\u00e9ction D\u00e9couverte\" alt=\"S\u00e9l\u00e9ction D\u00e9couverte\" \/>\n        <\/div>\n      <\/a>\n        <div class=\"tagi-card__texts\">\n      <h2 class=\"tagi-card__title\">S\u00e9l\u00e9ction D\u00e9couverte<\/h2>\n      <div class=\"tagi-card__description\"><p>Goutez <b>3 vins au choix<\/b> , <i>parmi ceux disponibles<\/i>, dans la taverne histrorique de la Cave Grosjean.<\/p>\n<p>Choisissez parmi une grande s\u00e9lection de vins de notre large gamme.<\/p>\n<p>L&#8217;experience comprend une visite du chai et du caveau des barriques.<\/p>\n<\/div>\n      <p class=\"tagi-card__time\">Duration: 2<\/p>\n      <p class=\"tagi-card__sub p-small\">Reservez une planchette de charcuteries locales du producteur Bertolin et les fromages de Erbavoglio. 10\u20ac par personne<\/p>\n      <div class=\"tagi-card__footer\">\n        <p class=\"tagi-card__price\">Price 18\u20ac <span class=\"p\"> \/ person<\/span><\/p>\n        <a title=\"S\u00e9l\u00e9ction D\u00e9couverte\" href=\"https:\/\/visita.grosjeanvins.it\/en\/5c7a8ad726ca365a17e8a91f\/events\/64f5e856b5c0d7da8c1478f5?coupon_code=&amp;date=2025-07-30T14%3A00%3A00%2B02%3A00&amp;guests=2&amp;lang=fr&amp;type=propose\" target=\"_blank\" class=\"tagi-card__button\">Book now<\/a>\n      <\/div>\n    <\/div>\n  <\/div>\n<\/article>                  <article class=\"tagi-card tagi-card--col-3\">\n  <div class=\"tagi-card__inner\">\n          <a title=\"Selection Top\" href=\"https:\/\/visita.grosjeanvins.it\/en\/5c7a8ad726ca365a17e8a91f\/events\/63ecde67cc0429c70398c2e2?lang=fr&amp;guests=1\" target=\"_blank\" class=\"tagi-card__image-container\">\n        <div class=\"ratio__content\">\n          <img decoding=\"async\" class=\"tagi-card__image lazy\" src=\"https:\/\/grosjeanvins.it\/files\/2023\/02\/picture_model_5c7a8ad726ca365a17e8a91f_1553760213474-1-900x563.jpeg\" title=\"Selection Top\" alt=\"Selection Top\" \/>\n        <\/div>\n      <\/a>\n        <div class=\"tagi-card__texts\">\n      <h2 class=\"tagi-card__title\">Selection Top<\/h2>\n      <div class=\"tagi-card__description\"><p>Les 6<strong>\u00a0meilleurs vins de notre collection<\/strong> sont pr\u00eats \u00e0 \u00eatre d\u00e9gust\u00e9s et appr\u00e9ci\u00e9s par les connaisseurs et les passionn\u00e9s. SS\u00e9lectionn\u00e9s directement par notre \u0153nologue, <strong>Herv\u00e9 Grosjean<\/strong>, ces 6 verres sauront vous \u00e9mouvoir et vous emmener dans un voyage \u00e0 la d\u00e9couverte des <strong>meilleurs vins de la Vall\u00e9e d&#8217;Aoste.<\/strong> Un vin p\u00e9tillant m\u00e9thode traditionnelle au choix entre <a href=\"https:\/\/grosjeanvins.it\/fr\/prodotto\/montmary-rose-metodo-classico-extra-brut\/\"><b>Montmary Extra Brut Ros\u00e9<\/b><\/a> ou <a href=\"https:\/\/grosjeanvins.it\/fr\/prodotto\/mas-du-jario-blanc-de-noir-extra-brut\/\"><b>Mas du Jario Extra Brut Blanc de Noir<\/b><\/a>. La possibilit\u00e9 de choisir <strong>3 verres<\/strong> parmi la collection de vins biologiques, suivie de <strong>2 verres<\/strong> de nos <strong>\u00c9ditions Limit\u00e9es<\/strong>.<\/p>\n<p>Une exp\u00e9rience importante qui se compl\u00e8te par une <strong>visite d\u00e9taill\u00e9e de la cave<\/strong>, \u00e0 la fois de production (avec l&#8217;explication des processus de vinification) et d&#8217;affinage avec la possibilit\u00e9 de savourer le <strong>parfum de la cave<\/strong>.<\/p>\n<\/div>\n      <p class=\"tagi-card__time\">Duration: 2 heures<\/p>\n      <p class=\"tagi-card__sub p-small\">Reservez une planchette de charcuteries locales du producteur Bertolin et les fromages de Erbavoglio. 10\u20ac par personne<\/p>\n      <div class=\"tagi-card__footer\">\n        <p class=\"tagi-card__price\">Price 40\u20ac <span class=\"p\"> \/ person<\/span><\/p>\n        <a title=\"Selection Top\" href=\"https:\/\/visita.grosjeanvins.it\/en\/5c7a8ad726ca365a17e8a91f\/events\/63ecde67cc0429c70398c2e2?lang=fr&amp;guests=1\" target=\"_blank\" class=\"tagi-card__button\">Book now<\/a>\n      <\/div>\n    <\/div>\n  <\/div>\n<\/article>                  <article class=\"tagi-card tagi-card--col-3\">\n  <div class=\"tagi-card__inner\">\n          <a title=\"Selection\" href=\"https:\/\/visita.grosjeanvins.it\/en\/5c7a8ad726ca365a17e8a91f\/events\/63e4f61fcc0429c703e5ec0d?lang=fr&amp;guests=1\" target=\"_blank\" class=\"tagi-card__image-container\">\n        <div class=\"ratio__content\">\n          <img decoding=\"async\" class=\"tagi-card__image lazy\" src=\"https:\/\/grosjeanvins.it\/files\/2023\/02\/seconda.jpeg\" title=\"Selection\" alt=\"Selection\" \/>\n        <\/div>\n      <\/a>\n        <div class=\"tagi-card__texts\">\n      <h2 class=\"tagi-card__title\">Selection<\/h2>\n      <div class=\"tagi-card__description\"><p>Avec le forfait S\u00e9lection, vous apprendrez \u00e0 conna\u00eetre et \u00e0 go\u00fbter nos<strong> cinq meilleurs vins de la cave<\/strong>, et vous pourrez choisir parmi les blancs et les rouges de notre gamme. Le voyage dans la salle de d\u00e9gustation se termine par une visite de la cave, de la zone de vinification \u00e0 la <strong>cave \u00e0 barriques<\/strong> o\u00f9 les meilleurs vins reposent dans de petits f\u00fbts de ch\u00eane fran\u00e7ais.<\/p>\n<\/div>\n      <p class=\"tagi-card__time\">Duration: 2 heures<\/p>\n      <p class=\"tagi-card__sub p-small\">Option plateau vald\u00f4tain avec charcuterie Bertholin et fromages s\u00e9lectionn\u00e9s par Erbavoglio \u00e0 10\u20ac par personne en plus.<\/p>\n      <div class=\"tagi-card__footer\">\n        <p class=\"tagi-card__price\">Price 28\u20ac <span class=\"p\"> \/ person<\/span><\/p>\n        <a title=\"Selection\" href=\"https:\/\/visita.grosjeanvins.it\/en\/5c7a8ad726ca365a17e8a91f\/events\/63e4f61fcc0429c703e5ec0d?lang=fr&amp;guests=1\" target=\"_blank\" class=\"tagi-card__button\">Book now<\/a>\n      <\/div>\n    <\/div>\n  <\/div>\n<\/article>                  <article class=\"tagi-card tagi-card--col-3\">\n  <div class=\"tagi-card__inner\">\n          <a title=\"Selection et Vigne\" href=\"https:\/\/visita.grosjeanvins.it\/en\/5c7a8ad726ca365a17e8a91f\/events\/63e4fd04cc0429c703ea0afd?lang=fr&amp;guests=1\" target=\"_blank\" class=\"tagi-card__image-container\">\n        <div class=\"ratio__content\">\n          <img decoding=\"async\" class=\"tagi-card__image lazy\" src=\"https:\/\/grosjeanvins.it\/files\/2023\/02\/DSC_8447-Modifica-900x563.jpg\" title=\"Selection et Vigne\" alt=\"Selection et Vigne\" \/>\n        <\/div>\n      <\/a>\n        <div class=\"tagi-card__texts\">\n      <h2 class=\"tagi-card__title\">Selection et Vigne<\/h2>\n      <div class=\"tagi-card__description\"><p>Avec le forfait S\u00e9lection de vins, vous apprendrez \u00e0 conna\u00eetre et \u00e0 go\u00fbter nos <strong>cinq meilleurs vins<\/strong>, vous pouvez choisir parmi les blancs et les rouges que nous avons dans notre gamme. Le voyage dans la salle de d\u00e9gustation se termine par une visite de la cave, de la zone de vinification \u00e0 la <strong>cave \u00e0 barriques<\/strong> o\u00f9 les meilleurs vins reposent dans de petits f\u00fbts de ch\u00eane fran\u00e7ais.<\/p>\n<p>En exclusivit\u00e9 dans ce forfait, une visite de nos domaines, o\u00f9 vous pourrez <strong>visiter nos principaux vignobles<\/strong> avec le <a href=\"https:\/\/grosjeanvins.it\/fr\/adoptez-un-cru\/\">cru historique<\/a> et d\u00e9couvrir comment un vin est \u00e9labor\u00e9 \u00e0 partir des rang\u00e9es de nos vignobles de <strong>montagne<\/strong>.<\/p>\n<\/div>\n      <p class=\"tagi-card__time\">Duration: 2.5 heures<\/p>\n      <p class=\"tagi-card__sub p-small\">Option plateau vald\u00f4tain avec charcuterie Bertholin et fromages s\u00e9lectionn\u00e9s par Erbavoglio \u00e0 10\u20ac par personne en plus.<\/p>\n      <div class=\"tagi-card__footer\">\n        <p class=\"tagi-card__price\">Price 35\u20ac <span class=\"p\"> \/ person<\/span><\/p>\n        <a title=\"Selection et Vigne\" href=\"https:\/\/visita.grosjeanvins.it\/en\/5c7a8ad726ca365a17e8a91f\/events\/63e4fd04cc0429c703ea0afd?lang=fr&amp;guests=1\" target=\"_blank\" class=\"tagi-card__button\">Book now<\/a>\n      <\/div>\n    <\/div>\n  <\/div>\n<\/article>                  <article class=\"tagi-card tagi-card--col-3\">\n  <div class=\"tagi-card__inner\">\n          <a title=\"Les Reserves\" href=\"https:\/\/visita.grosjeanvins.it\/en\/5c7a8ad726ca365a17e8a91f\/events\/63e50483cc0429c703ee3627?lang=fr&amp;guests=1\" target=\"_blank\" class=\"tagi-card__image-container\">\n        <div class=\"ratio__content\">\n          <img decoding=\"async\" class=\"tagi-card__image lazy\" src=\"https:\/\/grosjeanvins.it\/files\/2023\/02\/picture_model_5c7a8ad726ca365a17e8a91f_1572950076782-900x563.jpeg\" title=\"Les Reserves\" alt=\"Les Reserves\" \/>\n        <\/div>\n      <\/a>\n        <div class=\"tagi-card__texts\">\n      <h2 class=\"tagi-card__title\">Les Reserves<\/h2>\n      <div class=\"tagi-card__description\"><p>Si vous souhaitez vous immerger dans une d\u00e9gustation de <strong>vins de niche<\/strong>, hors commerce et uniques en leur genre, le forfait &#8220;Les Reserves&#8221; est fait pour vous. Notre vigneron, <strong>Herv\u00e9 Grosjean<\/strong>, a s\u00e9lectionn\u00e9 avec soin les <strong>5 meilleurs crus de notre collection familiale personnelle<\/strong>, mill\u00e9simes historiques importants. En prenant les bouteilles directement de notre cave priv\u00e9e, nous voulons vous faire d\u00e9couvrir le vrai potentiel des <strong>vins de la Vall\u00e9e d&#8217;Aoste<\/strong>. Le voyage dans la salle de d\u00e9gustation se termine par la visite de la cave, de la zone de vinification jusqu&#8217;\u00e0 la <strong>cave<\/strong> o\u00f9 les meilleurs vins reposent dans de petites barriques de ch\u00eane d&#8217;origine fran\u00e7aise. Une <strong>exp\u00e9rience Premium<\/strong> pour les vrais <strong>passionn\u00e9s<\/strong> et pour des occasions uniques.<\/p>\n<p>&nbsp;<\/p>\n<\/div>\n      <p class=\"tagi-card__time\">Duration: 2 heures<\/p>\n      <p class=\"tagi-card__sub p-small\">Option plateau vald\u00f4tain avec charcuterie Bertholin et fromages s\u00e9lectionn\u00e9s par Erbavoglio \u00e0 10\u20ac par personne en plus.<\/p>\n      <div class=\"tagi-card__footer\">\n        <p class=\"tagi-card__price\">Price 45\u20ac <span class=\"p\"> \/ person<\/span><\/p>\n        <a title=\"Les Reserves\" href=\"https:\/\/visita.grosjeanvins.it\/en\/5c7a8ad726ca365a17e8a91f\/events\/63e50483cc0429c703ee3627?lang=fr&amp;guests=1\" target=\"_blank\" class=\"tagi-card__button\">Book now<\/a>\n      <\/div>\n    <\/div>\n  <\/div>\n<\/article>                  <article class=\"tagi-card tagi-card--col-3\">\n  <div class=\"tagi-card__inner\">\n          <a title=\"Pique Nique dans le vignoble\" href=\"https:\/\/visita.grosjeanvins.it\/en\/5c7a8ad726ca365a17e8a91f\/events\/64a535cbb394dbbdaa266014?lang=fr&amp;guests=2\" target=\"_blank\" class=\"tagi-card__image-container\">\n        <div class=\"ratio__content\">\n          <img decoding=\"async\" class=\"tagi-card__image lazy\" src=\"https:\/\/grosjeanvins.it\/files\/2023\/07\/Picnic-foto-900x563.jpg\" title=\"Pique Nique dans le vignoble\" alt=\"Pique Nique dans le vignoble\" \/>\n        <\/div>\n      <\/a>\n        <div class=\"tagi-card__texts\">\n      <h2 class=\"tagi-card__title\">Pique Nique dans le vignoble<\/h2>\n      <div class=\"tagi-card__description\"><p><i>Disponible d&#8217;Avril jusqu&#8217;\u00e0 Octobre Un PIque NIque pour deux, tous compris<\/i><\/p>\n<p><i><br \/>\n<\/i>Le Pique Nique pr\u00e9voit une <b>visite du chai<\/b> et l&#8217;explication des procedures de production de notre vin ansi qu&#8217;une pr\u00e9sentation de l&#8217;entreprise de la famille Grosjean.<\/p>\n<p>Un <b>panier<\/b> vous sera poser avec tous le n\u00e9cesssaire pour votre experience dans le vignoble: <b>1 bouteille de vin<\/b>, une boite de charcuteries et fromages produits par les producteurs locaux <a href=\"https:\/\/www.bertolin.com\/\" target=\"\" rel=\"noopener\">Bertolin<\/a> et <a href=\"https:\/\/www.erbavoglioformaggi.it\/\" target=\"\" rel=\"noopener\">Erbavoglio<\/a>, et des <a href=\"https:\/\/grissinificiocalvi.wixsite.com\/website\/i-nostri-prodotti\" target=\"\" rel=\"noopener\">grissini de Calvi.<\/a><\/p>\n<p>Le panier sera compl\u00e9t\u00e9 par quelques <b>verres de vin<\/b>, deux bouteilles <b>d&#8217;eau<\/b> nature et, en <b>cadeau<\/b>, vous recevrez un <b>tire-bouchon s\u00e9rigraphi\u00e9 Grosjean.<\/b><\/p>\n<p>Bien s\u00fbr, la <b>nappe de pique-nique<\/b> classique de la marque Grosjean ne manquera pas.<\/p>\n<p>Si vous avez des allergies ou des intol\u00e9rances, veuillez le signaler dans les <i>notes<\/i> au moment de la r\u00e9servation.<\/p>\n<\/div>\n      <p class=\"tagi-card__time\">Duration: 2<\/p>\n      <p class=\"tagi-card__sub p-small\"><\/p>\n      <div class=\"tagi-card__footer\">\n        <p class=\"tagi-card__price\">Price 55\u20ac <span class=\"p\"> \/ couple<\/span><\/p>\n        <a title=\"Pique Nique dans le vignoble\" href=\"https:\/\/visita.grosjeanvins.it\/en\/5c7a8ad726ca365a17e8a91f\/events\/64a535cbb394dbbdaa266014?lang=fr&amp;guests=2\" target=\"_blank\" class=\"tagi-card__button\">Book now<\/a>\n      <\/div>\n    <\/div>\n  <\/div>\n<\/article>                  <\/div>\n               \n  <\/div>\n<\/section>\n\n<div class=\"wp-block-buttons is-content-justification-center\">\n<div class=\"wp-block-button\"><a class=\"wp-block-button__link wp-element-button\" href=\"https:\/\/visita.grosjeanvins.it\/it\" target=\"_blank\" rel=\"noreferrer noopener\">R\u00e9servez votre exp\u00e9rience \u0153notouristique<\/a><\/div>\n<\/div>\n\n<p class=\"has-text-align-center has-p-small-font-size\">Les visites et les d\u00e9gustations sont disponibles uniquement sur r\u00e9servation, les demandes sans r\u00e9servation ne pourront \u00eatre satisfaites que sous r\u00e9serve de disponibilit\u00e9.<\/p>\n","protected":false},"excerpt":{"rendered":"<p>Les visites et les d\u00e9gustations sont disponibles uniquement sur r\u00e9servation, les demandes sans r\u00e9servation ne pourront \u00eatre satisfaites que sous r\u00e9serve de disponibilit\u00e9.<\/p>\n","protected":false},"author":22554,"featured_media":0,"parent":0,"menu_order":0,"comment_status":"closed","ping_status":"closed","template":"","meta":{"_acf_changed":false,"_monsterinsights_skip_tracking":false,"_monsterinsights_sitenote_active":false,"_monsterinsights_sitenote_note":"","_monsterinsights_sitenote_category":0,"footnotes":""},"class_list":["post-57717","page","type-page","status-publish","hentry"],"yoast_head":"<!-- This site is optimized with the Yoast SEO plugin v27.2 - https:\/\/yoast.com\/product\/yoast-seo-wordpress\/ -->\n<title>D\u00e9guster et Visiter une Cave en Vall\u00e9e d&#039;Aoste | Grosjean Vins<\/title>\n<meta name=\"description\" content=\"Venez vivre une authentique exp\u00e9rience \u0153notouristique dans l&#039;une des plus importantes caves de la Vall\u00e9e d&#039;Aoste.\" \/>\n<meta name=\"robots\" content=\"index, follow, max-snippet:-1, max-image-preview:large, max-video-preview:-1\" \/>\n<link rel=\"canonical\" href=\"https:\/\/grosjeanvins.it\/fr\/degustations\/\" \/>\n<meta property=\"og:locale\" content=\"fr_FR\" \/>\n<meta property=\"og:type\" content=\"article\" \/>\n<meta property=\"og:title\" content=\"D\u00e9guster et Visiter une Cave en Vall\u00e9e d&#039;Aoste | Grosjean Vins\" \/>\n<meta property=\"og:description\" content=\"Venez vivre une authentique exp\u00e9rience \u0153notouristique dans l&#039;une des plus importantes caves de la Vall\u00e9e d&#039;Aoste.\" \/>\n<meta property=\"og:url\" content=\"https:\/\/grosjeanvins.it\/fr\/degustations\/\" \/>\n<meta property=\"og:site_name\" content=\"Grosjean Vins\" \/>\n<meta property=\"article:modified_time\" content=\"2023-09-04T22:10:14+00:00\" \/>\n<meta name=\"twitter:card\" content=\"summary_large_image\" \/>\n<!-- \/ Yoast SEO plugin. -->","yoast_head_json":{"title":"D\u00e9guster et Visiter une Cave en Vall\u00e9e d'Aoste | Grosjean Vins","description":"Venez vivre une authentique exp\u00e9rience \u0153notouristique dans l'une des plus importantes caves de la Vall\u00e9e d'Aoste.","robots":{"index":"index","follow":"follow","max-snippet":"max-snippet:-1","max-image-preview":"max-image-preview:large","max-video-preview":"max-video-preview:-1"},"canonical":"https:\/\/grosjeanvins.it\/fr\/degustations\/","og_locale":"fr_FR","og_type":"article","og_title":"D\u00e9guster et Visiter une Cave en Vall\u00e9e d'Aoste | Grosjean Vins","og_description":"Venez vivre une authentique exp\u00e9rience \u0153notouristique dans l'une des plus importantes caves de la Vall\u00e9e d'Aoste.","og_url":"https:\/\/grosjeanvins.it\/fr\/degustations\/","og_site_name":"Grosjean Vins","article_modified_time":"2023-09-04T22:10:14+00:00","twitter_card":"summary_large_image","schema":{"@context":"https:\/\/schema.org","@graph":[{"@type":"WebPage","@id":"https:\/\/grosjeanvins.it\/fr\/degustations\/","url":"https:\/\/grosjeanvins.it\/fr\/degustations\/","name":"D\u00e9guster et Visiter une Cave en Vall\u00e9e d'Aoste | Grosjean Vins","isPartOf":{"@id":"https:\/\/grosjeanvins.it\/#website"},"datePublished":"2022-08-11T07:24:17+00:00","dateModified":"2023-09-04T22:10:14+00:00","description":"Venez vivre une authentique exp\u00e9rience \u0153notouristique dans l'une des plus importantes caves de la Vall\u00e9e d'Aoste.","breadcrumb":{"@id":"https:\/\/grosjeanvins.it\/fr\/degustations\/#breadcrumb"},"inLanguage":"fr-FR","potentialAction":[{"@type":"ReadAction","target":["https:\/\/grosjeanvins.it\/fr\/degustations\/"]}]},{"@type":"BreadcrumbList","@id":"https:\/\/grosjeanvins.it\/fr\/degustations\/#breadcrumb","itemListElement":[{"@type":"ListItem","position":1,"name":"Home","item":"https:\/\/grosjeanvins.it\/fr\/"},{"@type":"ListItem","position":2,"name":"D\u00e9gustations"}]},{"@type":"WebSite","@id":"https:\/\/grosjeanvins.it\/#website","url":"https:\/\/grosjeanvins.it\/","name":"Grosjean Vins","description":"Produttori di Vino in Valle d&#039;Aosta","publisher":{"@id":"https:\/\/grosjeanvins.it\/#organization"},"potentialAction":[{"@type":"SearchAction","target":{"@type":"EntryPoint","urlTemplate":"https:\/\/grosjeanvins.it\/?s={search_term_string}"},"query-input":{"@type":"PropertyValueSpecification","valueRequired":true,"valueName":"search_term_string"}}],"inLanguage":"fr-FR"},{"@type":"Organization","@id":"https:\/\/grosjeanvins.it\/#organization","name":"Grosjean Vins","url":"https:\/\/grosjeanvins.it\/","logo":{"@type":"ImageObject","inLanguage":"fr-FR","@id":"https:\/\/grosjeanvins.it\/#\/schema\/logo\/image\/","url":"","contentUrl":"","caption":"Grosjean Vins"},"image":{"@id":"https:\/\/grosjeanvins.it\/#\/schema\/logo\/image\/"}}]}},"acf":[],"_links":{"self":[{"href":"https:\/\/grosjeanvins.it\/fr\/wp-json\/wp\/v2\/pages\/57717","targetHints":{"allow":["GET"]}}],"collection":[{"href":"https:\/\/grosjeanvins.it\/fr\/wp-json\/wp\/v2\/pages"}],"about":[{"href":"https:\/\/grosjeanvins.it\/fr\/wp-json\/wp\/v2\/types\/page"}],"author":[{"embeddable":true,"href":"https:\/\/grosjeanvins.it\/fr\/wp-json\/wp\/v2\/users\/22554"}],"replies":[{"embeddable":true,"href":"https:\/\/grosjeanvins.it\/fr\/wp-json\/wp\/v2\/comments?post=57717"}],"version-history":[{"count":0,"href":"https:\/\/grosjeanvins.it\/fr\/wp-json\/wp\/v2\/pages\/57717\/revisions"}],"wp:attachment":[{"href":"https:\/\/grosjeanvins.it\/fr\/wp-json\/wp\/v2\/media?parent=57717"}],"curies":[{"name":"wp","href":"https:\/\/api.w.org\/{rel}","templated":true}]}}