{"id":57293,"date":"2022-08-11T09:24:17","date_gmt":"2022-08-11T07:24:17","guid":{"rendered":"https:\/\/grosjeanvins.it\/wine-tasting\/"},"modified":"2024-02-14T10:04:43","modified_gmt":"2024-02-14T09:04:43","slug":"wine-tasting","status":"publish","type":"page","link":"https:\/\/grosjeanvins.it\/en\/wine-tasting\/","title":{"rendered":"Tasting"},"content":{"rendered":"<section class=\"post-grid post-grid--mt-default post-grid--mb-default post-grid--3-col post-grid--type-tasting post-grid--teaser-card post-grid--no-background typography__post-grid \">\n  <div class=\"post-grid__inner\">\n                  <div class=\"post-grid__row post-grid__row--type-tasting post-grid__row--teaser-card\">\n                        <article class=\"tagi-card tagi-card--col-3\">\n  <div class=\"tagi-card__inner\">\n          <a title=\"Love Pinot Noir\" href=\"https:\/\/visita.grosjeanvins.it\/it\/5c7a8ad726ca365a17e8a91f\/events\/67eabc55a62cc727b86a6208?coupon_code=&amp;date=&amp;guests=2&amp;lang=it&amp;type=propose\" target=\"_blank\" class=\"tagi-card__image-container\">\n        <div class=\"ratio__content\">\n          <img decoding=\"async\" class=\"tagi-card__image lazy\" src=\"https:\/\/grosjeanvins.it\/files\/2025\/03\/tramontidivini_2020_-29-900x563.jpg\" title=\"Love Pinot Noir\" alt=\"Love Pinot Noir\" \/>\n        <\/div>\n      <\/a>\n        <div class=\"tagi-card__texts\">\n      <h2 class=\"tagi-card__title\">Love Pinot Noir<\/h2>\n      <div class=\"tagi-card__description\"><p>A tasting designed especially for lovers of Pinot Noir, king of Burgundy and beautifully represented here in the Aosta Valley.<\/p>\n<p>The tasting will include the tasting of 3 glasses:<\/p>\n<ul>\n<li>Pinot Noir Classic<\/li>\n<li>Pinot Noir vigne Tzeriat<\/li>\n<li>Pinot Noir Les Fr\u00e8res<\/li>\n<\/ul>\n<p>&nbsp;<\/p>\n<\/div>\n      <p class=\"tagi-card__time\">Duration: 1.5<\/p>\n      <p class=\"tagi-card__sub p-small\">Add a platter of local Valle d\u2019Aosta cured meats from Bertolin producer and cheeses from Antica Latteria Erbavoglio for 10\u20ac per person. <\/p>\n      <div class=\"tagi-card__footer\">\n        <p class=\"tagi-card__price\">Price 23\u20ac <span class=\"p\"> \/ person<\/span><\/p>\n        <a title=\"Love Pinot Noir\" href=\"https:\/\/visita.grosjeanvins.it\/it\/5c7a8ad726ca365a17e8a91f\/events\/67eabc55a62cc727b86a6208?coupon_code=&amp;date=&amp;guests=2&amp;lang=it&amp;type=propose\" target=\"_blank\" class=\"tagi-card__button\">Book now<\/a>\n      <\/div>\n    <\/div>\n  <\/div>\n<\/article>                  <article class=\"tagi-card tagi-card--col-3\">\n  <div class=\"tagi-card__inner\">\n          <a title=\"S\u00e9l\u00e9ction D\u00e9couverte\" href=\"https:\/\/visita.grosjeanvins.it\/en\/5c7a8ad726ca365a17e8a91f\/events\/64f5e856b5c0d7da8c1478f5?coupon_code=&amp;date=2024-01-13T10%3A30%3A00%2B01%3A00&amp;guests=2&amp;lang=en&amp;type=propose\" target=\"_blank\" class=\"tagi-card__image-container\">\n        <div class=\"ratio__content\">\n          <img decoding=\"async\" class=\"tagi-card__image lazy\" src=\"https:\/\/grosjeanvins.it\/files\/2023\/08\/grosjean_vendemmia_2019-3-1-edited-900x563.jpg\" title=\"S\u00e9l\u00e9ction D\u00e9couverte\" alt=\"S\u00e9l\u00e9ction D\u00e9couverte\" \/>\n        <\/div>\n      <\/a>\n        <div class=\"tagi-card__texts\">\n      <h2 class=\"tagi-card__title\">S\u00e9l\u00e9ction D\u00e9couverte<\/h2>\n      <div class=\"tagi-card__description\"><p>Tasting of <b>3 wines of your choice,<\/b> from <i>those available<\/i>, in the historic tavern of Grosjean Winery.<br \/>\nDepending on availability, the selection will be offered from all the wines in our wide range.<br \/>\nIncluded in the package is a visit to the bottling and aging cellar<\/p>\n<\/div>\n      <p class=\"tagi-card__time\">Duration: 2<\/p>\n      <p class=\"tagi-card__sub p-small\">Add a platter of local Valle d\u2019Aosta cured meats from Bertolin producer and cheeses from Antica Latteria Erbavoglio for 10\u20ac per person. 10\u20ac per person.<\/p>\n      <div class=\"tagi-card__footer\">\n        <p class=\"tagi-card__price\">Price 18\u20ac <span class=\"p\"> \/ person<\/span><\/p>\n        <a title=\"S\u00e9l\u00e9ction D\u00e9couverte\" href=\"https:\/\/visita.grosjeanvins.it\/en\/5c7a8ad726ca365a17e8a91f\/events\/64f5e856b5c0d7da8c1478f5?coupon_code=&amp;date=2024-01-13T10%3A30%3A00%2B01%3A00&amp;guests=2&amp;lang=en&amp;type=propose\" target=\"_blank\" class=\"tagi-card__button\">Book now<\/a>\n      <\/div>\n    <\/div>\n  <\/div>\n<\/article>                  <article class=\"tagi-card tagi-card--col-3\">\n  <div class=\"tagi-card__inner\">\n          <a title=\"Selection Top\" href=\"https:\/\/visita.grosjeanvins.it\/en\/5c7a8ad726ca365a17e8a91f\/events\/63ecde67cc0429c70398c2e2?lang=en&amp;guests=1\" target=\"_blank\" class=\"tagi-card__image-container\">\n        <div class=\"ratio__content\">\n          <img decoding=\"async\" class=\"tagi-card__image lazy\" src=\"https:\/\/grosjeanvins.it\/files\/2023\/02\/picture_model_5c7a8ad726ca365a17e8a91f_1553760213474-1-900x563.jpeg\" title=\"Selection Top\" alt=\"Selection Top\" \/>\n        <\/div>\n      <\/a>\n        <div class=\"tagi-card__texts\">\n      <h2 class=\"tagi-card__title\">Selection Top<\/h2>\n      <div class=\"tagi-card__description\"><p>The <strong>top 6 wines from our collection<\/strong> are ready to be tasted and savored by connoisseurs and enthusiasts. Selected by our in house enologist <strong>Herv\u00e9 Grosjean<\/strong>, these 6 wines evoke the full expression of the <strong>best quality grape varieties of the Valle d\u2019Aosta.<\/strong> Start with a glass of sparkling <a href=\"https:\/\/grosjeanvins.it\/en\/products\/montmary-rose-metodo-classico-extra-brut\/\"><b>Montmary Extra Brut Ros\u00e9<\/b><\/a> or <a href=\"https:\/\/grosjeanvins.it\/en\/products\/mas-du-jario-blanc-de-noir-extra-brut\/\"><b>Mas du Jario Extra Brut Blanc de Noir<\/b>.<\/a> Choose between <strong>3 of our finest wines<\/strong> from our Organic Selection followed by tasting of <strong>two<\/strong> <strong>Limited Edition<\/strong> wines that are currently available.<\/p>\n<p>This important experience is completed by the <strong>tour of the winery<\/strong>, production area and barriques as well as the <strong>sparkling wine cave<\/strong>.<\/p>\n<\/div>\n      <p class=\"tagi-card__time\">Duration: 2 hours<\/p>\n      <p class=\"tagi-card__sub p-small\">Add a platter of local Valle d\u2019Aosta cured meats from Bertolin producer and cheeses from Antica Latteria Erbavoglio for 10\u20ac per person. 10\u20ac per person.<\/p>\n      <div class=\"tagi-card__footer\">\n        <p class=\"tagi-card__price\">Price 40\u20ac <span class=\"p\"> \/ person<\/span><\/p>\n        <a title=\"Selection Top\" href=\"https:\/\/visita.grosjeanvins.it\/en\/5c7a8ad726ca365a17e8a91f\/events\/63ecde67cc0429c70398c2e2?lang=en&amp;guests=1\" target=\"_blank\" class=\"tagi-card__button\">Book now<\/a>\n      <\/div>\n    <\/div>\n  <\/div>\n<\/article>                  <article class=\"tagi-card tagi-card--col-3\">\n  <div class=\"tagi-card__inner\">\n          <a title=\"Selection\" href=\"https:\/\/visita.grosjeanvins.it\/en\/5c7a8ad726ca365a17e8a91f\/events\/63e4f61fcc0429c703e5ec0d?lang=en&amp;guests=1\" target=\"_blank\" class=\"tagi-card__image-container\">\n        <div class=\"ratio__content\">\n          <img decoding=\"async\" class=\"tagi-card__image lazy\" src=\"https:\/\/grosjeanvins.it\/files\/2023\/02\/seconda.jpeg\" title=\"Selection\" alt=\"Selection\" \/>\n        <\/div>\n      <\/a>\n        <div class=\"tagi-card__texts\">\n      <h2 class=\"tagi-card__title\">Selection<\/h2>\n      <div class=\"tagi-card__description\"><p>With the Selection wine package, you will get to know and taste our <strong>five best wines from the cellar<\/strong>, and you can choose which of the whites and reds we have in our range. The journey through the tasting room is completed with a tour of the cellar, from the winemaking area to the barrique cellar where the best wines rest in the small French oak barrels.<\/p>\n<\/div>\n      <p class=\"tagi-card__time\">Duration: 2 hours<\/p>\n      <p class=\"tagi-card__sub p-small\">Add a platter of local Valle d\u2019Aosta cured meats from Bertolin producer and cheeses from Antica Latteria Erbavoglio for 10\u20ac per person. 10\u20ac per person.<\/p>\n      <div class=\"tagi-card__footer\">\n        <p class=\"tagi-card__price\">Price 28\u20ac <span class=\"p\"> \/ person<\/span><\/p>\n        <a title=\"Selection\" href=\"https:\/\/visita.grosjeanvins.it\/en\/5c7a8ad726ca365a17e8a91f\/events\/63e4f61fcc0429c703e5ec0d?lang=en&amp;guests=1\" target=\"_blank\" class=\"tagi-card__button\">Book now<\/a>\n      <\/div>\n    <\/div>\n  <\/div>\n<\/article>                  <article class=\"tagi-card tagi-card--col-3\">\n  <div class=\"tagi-card__inner\">\n          <a title=\"Vineyard tour and wine tasting\" href=\"https:\/\/visita.grosjeanvins.it\/en\/5c7a8ad726ca365a17e8a91f\/events\/63e4fd04cc0429c703ea0afd?lang=en&amp;guests=1\" target=\"_blank\" class=\"tagi-card__image-container\">\n        <div class=\"ratio__content\">\n          <img decoding=\"async\" class=\"tagi-card__image lazy\" src=\"https:\/\/grosjeanvins.it\/files\/2023\/02\/DSC_8447-Modifica-900x563.jpg\" title=\"Vineyard tour and wine tasting\" alt=\"Vineyard tour and wine tasting\" \/>\n        <\/div>\n      <\/a>\n        <div class=\"tagi-card__texts\">\n      <h2 class=\"tagi-card__title\">Vineyard tour and wine tasting<\/h2>\n      <div class=\"tagi-card__description\"><p>With the Selection Wine Package you will get to know and taste our <strong>5 best wines<\/strong>, you can choose which of the whites and reds we have in our range. The journey through the tasting room is completed with a tour of the <strong>cellar<\/strong>, from the winemaking area to the barrique cellar where the best wines rest in the small French oak barrels.<\/p>\n<p>Exclusive to this package is <strong>a visit to our estates<\/strong>, where you will be able to visit our main vineyards with the <a href=\"https:\/\/grosjeanvins.it\/en\/adopt-a-cru\/\">Historical Cru<\/a> and discover how a wine is made from the rows of our <strong>mountain<\/strong> vineyards.<\/p>\n<\/div>\n      <p class=\"tagi-card__time\">Duration: 2.5 hours<\/p>\n      <p class=\"tagi-card__sub p-small\">Add a platter of local Valle d\u2019Aosta cured meats from Bertolin producer and cheeses from Antica Latteria Erbavoglio for 10\u20ac per person. 10\u20ac per person.<\/p>\n      <div class=\"tagi-card__footer\">\n        <p class=\"tagi-card__price\">Price 35\u20ac <span class=\"p\"> \/ person<\/span><\/p>\n        <a title=\"Vineyard tour and wine tasting\" href=\"https:\/\/visita.grosjeanvins.it\/en\/5c7a8ad726ca365a17e8a91f\/events\/63e4fd04cc0429c703ea0afd?lang=en&amp;guests=1\" target=\"_blank\" class=\"tagi-card__button\">Book now<\/a>\n      <\/div>\n    <\/div>\n  <\/div>\n<\/article>                  <article class=\"tagi-card tagi-card--col-3\">\n  <div class=\"tagi-card__inner\">\n          <a title=\"Les Reserves\" href=\"https:\/\/visita.grosjeanvins.it\/en\/5c7a8ad726ca365a17e8a91f\/events\/63e50483cc0429c703ee3627?lang=en&amp;guests=1\" target=\"_blank\" class=\"tagi-card__image-container\">\n        <div class=\"ratio__content\">\n          <img decoding=\"async\" class=\"tagi-card__image lazy\" src=\"https:\/\/grosjeanvins.it\/files\/2023\/02\/picture_model_5c7a8ad726ca365a17e8a91f_1572950076782-900x563.jpeg\" title=\"Les Reserves\" alt=\"Les Reserves\" \/>\n        <\/div>\n      <\/a>\n        <div class=\"tagi-card__texts\">\n      <h2 class=\"tagi-card__title\">Les Reserves<\/h2>\n      <div class=\"tagi-card__description\"><p><strong>A prestigious<\/strong> tasting. Our enologist <strong>Herv\u00e9 Grosjean<\/strong> has selected our finest and unique wines that are not available on the market.<strong>5 wines from the personal, family collection<\/strong> and of important vintages make up this unique tasting experience. Taking the bottles directly from our private collection we want to show you the real expression of <strong>Valle d&#8217;Aosta wines.<\/strong> This selection is an insight into the ageing potential of the Valle d\u2019Aosta wines and like all our tasting experiences it includes the visit of the production area, the <strong>barriques<\/strong> and the winery dedicated to the sparkling wine. A <strong>Premium experience<\/strong> for true <strong>enthusiasts<\/strong> and for a unique occasion.<\/p>\n<\/div>\n      <p class=\"tagi-card__time\">Duration: 2 hours<\/p>\n      <p class=\"tagi-card__sub p-small\">Add a platter of local Valle d\u2019Aosta cured meats from Bertholin producer and cheeses from Antica Latteria Erbavoglio for 10\u20ac per person. 10\u20ac per person.<\/p>\n      <div class=\"tagi-card__footer\">\n        <p class=\"tagi-card__price\">Price 45\u20ac <span class=\"p\"> \/ person<\/span><\/p>\n        <a title=\"Les Reserves\" href=\"https:\/\/visita.grosjeanvins.it\/en\/5c7a8ad726ca365a17e8a91f\/events\/63e50483cc0429c703ee3627?lang=en&amp;guests=1\" target=\"_blank\" class=\"tagi-card__button\">Book now<\/a>\n      <\/div>\n    <\/div>\n  <\/div>\n<\/article>                  <article class=\"tagi-card tagi-card--col-3\">\n  <div class=\"tagi-card__inner\">\n          <a title=\"PicNic in the vineyard\" href=\"https:\/\/visita.grosjeanvins.it\/en\/5c7a8ad726ca365a17e8a91f\/events\/64a535cbb394dbbdaa266014?coupon_code=&amp;date=2024-04-01T10%3A30%3A00%2B02%3A00&amp;guests=2&amp;lang=en&amp;type=propose\" target=\"_blank\" class=\"tagi-card__image-container\">\n        <div class=\"ratio__content\">\n          <img decoding=\"async\" class=\"tagi-card__image lazy\" src=\"https:\/\/grosjeanvins.it\/files\/2023\/07\/Picnic-foto-900x563.jpg\" title=\"PicNic in the vineyard\" alt=\"PicNic in the vineyard\" \/>\n        <\/div>\n      <\/a>\n        <div class=\"tagi-card__texts\">\n      <h2 class=\"tagi-card__title\">PicNic in the vineyard<\/h2>\n      <div class=\"tagi-card__description\"><p><i>April to October Catered for two people for a group of 5 couples.<\/i><\/p>\n<p><i><br \/>\n<\/i>This Pic Nic includes a T<b>our of the winery<\/b> and presentation of the various production phases of the wine and historical anecdotes of the Grosjean family&#8217;s history.<\/p>\n<p>A <b>basket<\/b> containing <b>1 bottle of wine<\/b> of your choice, a selection of local cured meats and cheese from producers <a href=\"https:\/\/www.erbavoglioformaggi.it\/\" target=\"\" rel=\"noopener\">Erbavoglio<\/a> and <a href=\"https:\/\/www.bertolin.com\/\" target=\"\" rel=\"noopener\">Bertolin<\/a>, <a href=\"https:\/\/grissinificiocalvi.wixsite.com\/website\/i-nostri-prodotti\" target=\"\" rel=\"noopener\">Calvi breadsticks<\/a> and all that will be necessary to enjoy your pic nic<\/p>\n<p>You will have a couple of <b>wine glass<\/b>, fresh <b>spring water<\/b> and, as a <b>gift<\/b>, you will receive a <b>Grosjean screen-printed corkscrew.<\/b><\/p>\n<p>A Grosjean <b>pic nic cloth<\/b> to lay on will also be provided.<\/p>\n<p>Please let us know about any food allergies beforehand. Write them on the <i>notes<\/i> section.<\/p>\n<\/div>\n      <p class=\"tagi-card__time\">Duration: 2<\/p>\n      <p class=\"tagi-card__sub p-small\"><\/p>\n      <div class=\"tagi-card__footer\">\n        <p class=\"tagi-card__price\">Price 55\u20ac <span class=\"p\"> \/ couple<\/span><\/p>\n        <a title=\"PicNic in the vineyard\" href=\"https:\/\/visita.grosjeanvins.it\/en\/5c7a8ad726ca365a17e8a91f\/events\/64a535cbb394dbbdaa266014?coupon_code=&amp;date=2024-04-01T10%3A30%3A00%2B02%3A00&amp;guests=2&amp;lang=en&amp;type=propose\" target=\"_blank\" class=\"tagi-card__button\">Book now<\/a>\n      <\/div>\n    <\/div>\n  <\/div>\n<\/article>                  <\/div>\n               \n  <\/div>\n<\/section>\n\n<div class=\"wp-block-buttons is-content-justification-center\">\n<div class=\"wp-block-button\"><a class=\"wp-block-button__link wp-element-button\" href=\"https:\/\/visita.grosjeanvins.it\/it\" target=\"_blank\" rel=\"noreferrer noopener\">Book your wine tour<\/a><\/div>\n<\/div>\n\n<p class=\"has-text-align-center has-p-small-font-size\">Wine tasting and tours are available only if booked, therefore requests without prior reservation can only be fulfilled based on availability.<\/p>\n","protected":false},"excerpt":{"rendered":"<p>Wine tasting and tours are available only if booked, therefore requests without prior reservation can only be fulfilled based on availability.<\/p>\n","protected":false},"author":22554,"featured_media":0,"parent":0,"menu_order":0,"comment_status":"closed","ping_status":"closed","template":"","meta":{"_acf_changed":false,"_monsterinsights_skip_tracking":false,"_monsterinsights_sitenote_active":false,"_monsterinsights_sitenote_note":"","_monsterinsights_sitenote_category":0,"footnotes":""},"class_list":["post-57293","page","type-page","status-publish","hentry"],"yoast_head":"<!-- This site is optimized with the Yoast SEO plugin v27.2 - https:\/\/yoast.com\/product\/yoast-seo-wordpress\/ -->\n<title>Wine tasting &amp; Visit of the winery | Grosjean Vins<\/title>\n<meta name=\"description\" content=\"Come and experience a true winery tour. Visit the winery and taste the heroic wines of Aosta Valley\" \/>\n<meta name=\"robots\" content=\"index, follow, max-snippet:-1, max-image-preview:large, max-video-preview:-1\" \/>\n<link rel=\"canonical\" href=\"https:\/\/grosjeanvins.it\/en\/wine-tasting\/\" \/>\n<meta property=\"og:locale\" content=\"en_US\" \/>\n<meta property=\"og:type\" content=\"article\" \/>\n<meta property=\"og:title\" content=\"Wine tasting &amp; Visit of the winery | Grosjean Vins\" \/>\n<meta property=\"og:description\" content=\"Come and experience a true winery tour. Visit the winery and taste the heroic wines of Aosta Valley\" \/>\n<meta property=\"og:url\" content=\"https:\/\/grosjeanvins.it\/en\/wine-tasting\/\" \/>\n<meta property=\"og:site_name\" content=\"Grosjean Vins\" \/>\n<meta property=\"article:modified_time\" content=\"2024-02-14T09:04:43+00:00\" \/>\n<meta name=\"twitter:card\" content=\"summary_large_image\" \/>\n<meta name=\"twitter:label1\" content=\"Est. reading time\" \/>\n\t<meta name=\"twitter:data1\" content=\"1 minute\" \/>\n<!-- \/ Yoast SEO plugin. -->","yoast_head_json":{"title":"Wine tasting & Visit of the winery | Grosjean Vins","description":"Come and experience a true winery tour. Visit the winery and taste the heroic wines of Aosta Valley","robots":{"index":"index","follow":"follow","max-snippet":"max-snippet:-1","max-image-preview":"max-image-preview:large","max-video-preview":"max-video-preview:-1"},"canonical":"https:\/\/grosjeanvins.it\/en\/wine-tasting\/","og_locale":"en_US","og_type":"article","og_title":"Wine tasting & Visit of the winery | Grosjean Vins","og_description":"Come and experience a true winery tour. Visit the winery and taste the heroic wines of Aosta Valley","og_url":"https:\/\/grosjeanvins.it\/en\/wine-tasting\/","og_site_name":"Grosjean Vins","article_modified_time":"2024-02-14T09:04:43+00:00","twitter_card":"summary_large_image","twitter_misc":{"Est. reading time":"1 minute"},"schema":{"@context":"https:\/\/schema.org","@graph":[{"@type":"WebPage","@id":"https:\/\/grosjeanvins.it\/en\/wine-tasting\/","url":"https:\/\/grosjeanvins.it\/en\/wine-tasting\/","name":"Wine tasting & Visit of the winery | Grosjean Vins","isPartOf":{"@id":"https:\/\/grosjeanvins.it\/#website"},"datePublished":"2022-08-11T07:24:17+00:00","dateModified":"2024-02-14T09:04:43+00:00","description":"Come and experience a true winery tour. Visit the winery and taste the heroic wines of Aosta Valley","breadcrumb":{"@id":"https:\/\/grosjeanvins.it\/en\/wine-tasting\/#breadcrumb"},"inLanguage":"en-US","potentialAction":[{"@type":"ReadAction","target":["https:\/\/grosjeanvins.it\/en\/wine-tasting\/"]}]},{"@type":"BreadcrumbList","@id":"https:\/\/grosjeanvins.it\/en\/wine-tasting\/#breadcrumb","itemListElement":[{"@type":"ListItem","position":1,"name":"Home","item":"https:\/\/grosjeanvins.it\/en\/"},{"@type":"ListItem","position":2,"name":"Tasting"}]},{"@type":"WebSite","@id":"https:\/\/grosjeanvins.it\/#website","url":"https:\/\/grosjeanvins.it\/","name":"Grosjean Vins","description":"Wine Producers in Aosta Valley","publisher":{"@id":"https:\/\/grosjeanvins.it\/#organization"},"potentialAction":[{"@type":"SearchAction","target":{"@type":"EntryPoint","urlTemplate":"https:\/\/grosjeanvins.it\/?s={search_term_string}"},"query-input":{"@type":"PropertyValueSpecification","valueRequired":true,"valueName":"search_term_string"}}],"inLanguage":"en-US"},{"@type":"Organization","@id":"https:\/\/grosjeanvins.it\/#organization","name":"Grosjean Vins","url":"https:\/\/grosjeanvins.it\/","logo":{"@type":"ImageObject","inLanguage":"en-US","@id":"https:\/\/grosjeanvins.it\/#\/schema\/logo\/image\/","url":"","contentUrl":"","caption":"Grosjean Vins"},"image":{"@id":"https:\/\/grosjeanvins.it\/#\/schema\/logo\/image\/"}}]}},"acf":[],"_links":{"self":[{"href":"https:\/\/grosjeanvins.it\/en\/wp-json\/wp\/v2\/pages\/57293","targetHints":{"allow":["GET"]}}],"collection":[{"href":"https:\/\/grosjeanvins.it\/en\/wp-json\/wp\/v2\/pages"}],"about":[{"href":"https:\/\/grosjeanvins.it\/en\/wp-json\/wp\/v2\/types\/page"}],"author":[{"embeddable":true,"href":"https:\/\/grosjeanvins.it\/en\/wp-json\/wp\/v2\/users\/22554"}],"replies":[{"embeddable":true,"href":"https:\/\/grosjeanvins.it\/en\/wp-json\/wp\/v2\/comments?post=57293"}],"version-history":[{"count":0,"href":"https:\/\/grosjeanvins.it\/en\/wp-json\/wp\/v2\/pages\/57293\/revisions"}],"wp:attachment":[{"href":"https:\/\/grosjeanvins.it\/en\/wp-json\/wp\/v2\/media?parent=57293"}],"curies":[{"name":"wp","href":"https:\/\/api.w.org\/{rel}","templated":true}]}}